{"id":1206,"date":"2016-11-03T11:02:31","date_gmt":"2016-11-03T10:02:31","guid":{"rendered":"http:\/\/betterconsultants.es\/w16\/?page_id=1206"},"modified":"2019-08-01T09:48:55","modified_gmt":"2019-08-01T07:48:55","slug":"collateral-garantias-control-riesgos","status":"publish","type":"page","link":"https:\/\/www.betterconsultants.es\/ca\/collateral-garantias-control-riesgos\/","title":{"rendered":"Collateral: plataforma avan\u00e7ada de garanties i control de riscos"},"content":{"rendered":"<p>[et_pb_section fb_built=&#8221;1&#8243; custom_padding_last_edited=&#8221;off|desktop&#8221; admin_label=&#8221;section&#8221; _builder_version=&#8221;3.22&#8243; background_image=&#8221;https:\/\/www.betterconsultants.es\/ca\/wp-content\/uploads\/2016\/11\/Risc-Control&#8211;e1496827557219.jpg&#8221; animation_style=&#8221;zoom&#8221; animation_intensity_zoom=&#8221;2%&#8221;][et_pb_row custom_padding=&#8221;230px|0px|230px|0px&#8221; custom_padding_tablet=&#8221;140px|0px|140px|0px&#8221; custom_padding_phone=&#8221;80px|0px|80px|0px&#8221; custom_padding_last_edited=&#8221;on|phone&#8221; _builder_version=&#8221;3.25&#8243;][et_pb_column type=&#8221;4_4&#8243; _builder_version=&#8221;3.25&#8243; custom_padding=&#8221;|||&#8221; custom_padding__hover=&#8221;|||&#8221;][\/et_pb_column][\/et_pb_row][\/et_pb_section][et_pb_section fb_built=&#8221;1&#8243; _builder_version=&#8221;3.22&#8243;][et_pb_row custom_padding=&#8221;90px|0px|30px|0px&#8221; _builder_version=&#8221;3.25&#8243; column_structure=&#8221;1_2,1_2&#8243;][et_pb_column type=&#8221;1_2&#8243; _builder_version=&#8221;3.25&#8243; custom_padding=&#8221;|||&#8221; custom_padding__hover=&#8221;|||&#8221;][et_pb_text _builder_version=&#8221;3.0.105&#8243; text_font=&#8221;|300|||||||&#8221; header_text_color=&#8221;#000000&#8243; header_4_text_color=&#8221;#ffffff&#8221; background_color=&#8221;#ffffff&#8221; box_shadow_style=&#8221;preset1&#8243; background_layout=&#8221;dark&#8221; custom_margin=&#8221;-180px|||&#8221; custom_margin_last_edited=&#8221;on|desktop&#8221; custom_padding=&#8221;30px|30px|30px|30px&#8221; custom_padding_tablet=&#8221;80px|30px|43px|30px&#8221; custom_padding_last_edited=&#8221;on|desktop&#8221; animation_style=&#8221;slide&#8221; animation_direction=&#8221;left&#8221; animation_duration=&#8221;500ms&#8221; animation_intensity_slide=&#8221;30%&#8221; animation_starting_opacity=&#8221;20%&#8221; header_font_size_tablet=&#8221;32px&#8221; header_font_size_phone=&#8221;28px&#8221; header_font_size_last_edited=&#8221;on|desktop&#8221;]<\/p>\n<h1><\/h1>\n<h1>Collateral: plataforma avan\u00e7ada de garanties i control de riscos<\/h1>\n<p>[\/et_pb_text][\/et_pb_column][et_pb_column type=&#8221;1_2&#8243; _builder_version=&#8221;3.25&#8243; custom_padding=&#8221;|||&#8221; custom_padding__hover=&#8221;|||&#8221;][\/et_pb_column][\/et_pb_row][\/et_pb_section][et_pb_section fb_built=&#8221;1&#8243; admin_label=&#8221;section&#8221; _builder_version=&#8221;3.22&#8243;][et_pb_row custom_padding=&#8221;13px|0px|0px|0px&#8221; custom_margin=&#8221;50px|||&#8221; _builder_version=&#8221;3.25&#8243; background_size=&#8221;initial&#8221; background_position=&#8221;top_left&#8221; background_repeat=&#8221;repeat&#8221; column_structure=&#8221;1_2,1_2&#8243;][et_pb_column type=&#8221;1_2&#8243; _builder_version=&#8221;3.25&#8243; custom_padding=&#8221;|||&#8221; custom_padding__hover=&#8221;|||&#8221;][et_pb_text admin_label=&#8221;Texto&#8221; _builder_version=&#8221;3.0.106&#8243; background_size=&#8221;initial&#8221; background_position=&#8221;top_left&#8221; background_repeat=&#8221;repeat&#8221; text_orientation=&#8221;justified&#8221; use_border_color=&#8221;off&#8221;]<\/p>\n<h3>Sistema de Garanties<\/h3>\n<p>&nbsp;<\/p>\n<p><b>Collateral\u00a0<\/b>facilita els processos de captura, actualitzaci\u00f3 i control de les garanties, en les entitats amb riscos financers.\u00a0Entre les principals funcions de Collateral, cal destacar el tractament de:<\/p>\n<p style=\"padding-left: 30px;\">Qualsevol tipologia de garanties (avals personals, hipoteques, pignoracions, drets de cr\u00e8dit, etc.)<\/p>\n<p style=\"padding-left: 30px;\">Alertes i avisos (sobreutilizaciones de garanties, venciment de c\u00e0rregues, b\u00e9ns en execuci\u00f3, etc.)<\/p>\n<p style=\"padding-left: 30px;\">Automatitzaci\u00f3 del cicle de vida complet de les cobertures dels riscos<\/p>\n<p>[\/et_pb_text][\/et_pb_column][et_pb_column type=&#8221;1_2&#8243; _builder_version=&#8221;3.25&#8243; custom_padding=&#8221;|||&#8221; custom_padding__hover=&#8221;|||&#8221;][et_pb_image src=&#8221;https:\/\/www.betterconsultants.es\/ca\/wp-content\/uploads\/2016\/11\/garant-e1496827887366.jpg&#8221; force_fullwidth=&#8221;on&#8221; align_tablet=&#8221;center&#8221; align_last_edited=&#8221;on|desktop&#8221; _builder_version=&#8221;3.23&#8243; custom_margin=&#8221;70px|||&#8221; custom_margin_last_edited=&#8221;on|phone&#8221; animation_style=&#8221;zoom&#8221; animation_intensity_zoom=&#8221;2%&#8221;][\/et_pb_image][\/et_pb_column][\/et_pb_row][et_pb_row custom_padding=&#8221;50px|0px|13px|0px&#8221; _builder_version=&#8221;3.25&#8243; background_size=&#8221;initial&#8221; background_position=&#8221;top_left&#8221; background_repeat=&#8221;repeat&#8221; column_structure=&#8221;1_2,1_2&#8243;][et_pb_column type=&#8221;1_2&#8243; _builder_version=&#8221;3.25&#8243; custom_padding=&#8221;|||&#8221; custom_padding__hover=&#8221;|||&#8221;][et_pb_image src=&#8221;https:\/\/www.betterconsultants.es\/ca\/wp-content\/uploads\/2018\/01\/House-22.jpg&#8221; align=&#8221;center&#8221; force_fullwidth=&#8221;on&#8221; align_tablet=&#8221;center&#8221; align_last_edited=&#8221;on|desktop&#8221; admin_label=&#8221;Imagen&#8221; _builder_version=&#8221;3.23&#8243; custom_margin=&#8221;120px|||&#8221; custom_margin_last_edited=&#8221;on|phone&#8221; animation_style=&#8221;zoom&#8221; animation_intensity_zoom=&#8221;2%&#8221; use_border_color=&#8221;off&#8221;][\/et_pb_image][\/et_pb_column][et_pb_column type=&#8221;1_2&#8243; _builder_version=&#8221;3.25&#8243; custom_padding=&#8221;|||&#8221; custom_padding__hover=&#8221;|||&#8221;][et_pb_text _builder_version=&#8221;3.0.106&#8243; custom_padding=&#8221;20px|20px||&#8221;]<\/p>\n<h3>\u00a0Caracter\u00edstiques<\/h3>\n<p style=\"padding-left: 30px;\">Aporta una estructuraci\u00f3 homog\u00e8nia en la informaci\u00f3 de garanties, amb independ\u00e8ncia de la utilitzaci\u00f3 de les mateixes.<\/p>\n<p style=\"padding-left: 30px;\">Assegura la fiabilitat de les dades de les cobertures al llarg del temps, des de la seva alta fins que queden alliberades.<\/p>\n<p style=\"padding-left: 30px;\">Agilitza la presa de decisions que afecten les garanties de les operacions de risc.<\/p>\n<p style=\"padding-left: 30px;\">Simplifica la integraci\u00f3 amb els sistemes corporatius de gesti\u00f3 d&#8217;expedients, persones, contractes, etc.<\/p>\n<p style=\"padding-left: 30px;\">Suporta m\u00faltiples configuracions, per a diferents empreses, unitats de negoci, usuaris, divises, idiomes, etc.<\/p>\n<p>[\/et_pb_text][\/et_pb_column][\/et_pb_row][et_pb_row custom_padding=&#8221;13px|0px|54px|0px&#8221; custom_margin=&#8221;50px|||&#8221; _builder_version=&#8221;3.25&#8243; background_size=&#8221;initial&#8221; background_position=&#8221;top_left&#8221; background_repeat=&#8221;repeat&#8221;][et_pb_column type=&#8221;4_4&#8243; _builder_version=&#8221;3.25&#8243; custom_padding=&#8221;|||&#8221; custom_padding__hover=&#8221;|||&#8221;][et_pb_text _builder_version=&#8221;3.26.3&#8243;]<\/p>\n<p style=\"text-align: center;\"><strong><a href=\"https:\/\/www.betterconsultants.es\/ca\/wp-content\/uploads\/2019\/08\/Data-Sheet-Collateral-4.pdf\" target=\"_blank\" rel=\"noopener noreferrer\">Data-Sheet-Collateral<\/a><\/strong><\/p>\n<p>[\/et_pb_text][et_pb_text admin_label=&#8221;Texto&#8221; module_class=&#8221;image-zoom image-zoom-constrained&#8221; _builder_version=&#8221;3.26.3&#8243; background_size=&#8221;initial&#8221; background_position=&#8221;top_left&#8221; background_repeat=&#8221;repeat&#8221; text_orientation=&#8221;justified&#8221; animation_style=&#8221;zoom&#8221; animation_intensity_zoom=&#8221;2%&#8221; use_border_color=&#8221;off&#8221;]<\/p>\n<p><a href=\"https:\/\/www.betterconsultants.es\/ca\/wp-content\/uploads\/2019\/08\/Data-Sheet-Collateral-4.pdf\" target=\"_blank\" rel=\"noopener noreferrer\"><img loading=\"lazy\" decoding=\"async\" class=\"aligncenter wp-image-1357\" title=\"https:\/\/www.betterconsultants.es\/ca\/wp-content\/uploads\/2016\/11\/Data-Sheet-Collateral-1.pdf\" src=\"https:\/\/www.betterconsultants.es\/ca\/wp-content\/uploads\/2016\/11\/Esquema-Collateral-cat-e1496829390678.jpg\" alt=\"\" width=\"682\" height=\"567\" \/><\/a><\/p>\n<p>[\/et_pb_text][\/et_pb_column][\/et_pb_row][\/et_pb_section]<\/p>\n","protected":false},"excerpt":{"rendered":"<p>.<\/p>\n","protected":false},"author":1,"featured_media":1253,"parent":0,"menu_order":0,"comment_status":"closed","ping_status":"closed","template":"","meta":{"_et_pb_use_builder":"on","_et_pb_old_content":"<p><b>Collateral\u00a0<\/b>facilita los procesos de captura, actualizaci\u00f3n y control de las garant\u00edas, en las entidades con riesgos financieros:<\/p><ul><li>Aporta una estructuraci\u00f3n homog\u00e9nea en la informaci\u00f3n de garant\u00edas, con independencia de la utilizaci\u00f3n de las mismas.<\/li><li>Asegura la fiabilidad de los datos de las coberturas a lo largo del tiempo, desde su alta hasta que quedan liberadas.<\/li><li>Agiliza la toma de decisiones que afectan a las garant\u00edas de las operaciones de riesgo.<\/li><li>Simplifica la integraci\u00f3n con los sistemas corporativos de gesti\u00f3n de expedientes, personas, contratos, etc.<\/li><li>Soporta m\u00faltiples configuraciones, para diferentes empresas, unidades de negocio, usuarios, divisas, idiomas, etc.<\/li><\/ul><p>\u00a0<\/p><p><a href=\"http:\/\/betterconsultants.es\/w16\/wp-content\/uploads\/2016\/11\/Data-Sheet-Collateral.pdf\" target=\"_blank\"><img class=\"size-full wp-image-1356 aligncenter\" src=\"http:\/\/betterconsultants.es\/w16\/wp-content\/uploads\/2016\/11\/Esquema-Collateral-esp.jpg\" alt=\"esquema-collateral-esp\" width=\"720\" height=\"598\" \/><\/a><\/p><p>\u00a0<\/p><p><a href=\"http:\/\/betterconsultants.es\/w16\/wp-content\/uploads\/2016\/11\/Data-Sheet-Collateral.pdf\" target=\"_blank\">data-sheet-collateral<\/a><\/p>","_et_gb_content_width":"","footnotes":""},"class_list":["post-1206","page","type-page","status-publish","has-post-thumbnail","hentry"],"_links":{"self":[{"href":"https:\/\/www.betterconsultants.es\/ca\/wp-json\/wp\/v2\/pages\/1206","targetHints":{"allow":["GET"]}}],"collection":[{"href":"https:\/\/www.betterconsultants.es\/ca\/wp-json\/wp\/v2\/pages"}],"about":[{"href":"https:\/\/www.betterconsultants.es\/ca\/wp-json\/wp\/v2\/types\/page"}],"author":[{"embeddable":true,"href":"https:\/\/www.betterconsultants.es\/ca\/wp-json\/wp\/v2\/users\/1"}],"replies":[{"embeddable":true,"href":"https:\/\/www.betterconsultants.es\/ca\/wp-json\/wp\/v2\/comments?post=1206"}],"version-history":[{"count":193,"href":"https:\/\/www.betterconsultants.es\/ca\/wp-json\/wp\/v2\/pages\/1206\/revisions"}],"predecessor-version":[{"id":17833,"href":"https:\/\/www.betterconsultants.es\/ca\/wp-json\/wp\/v2\/pages\/1206\/revisions\/17833"}],"wp:featuredmedia":[{"embeddable":true,"href":"https:\/\/www.betterconsultants.es\/ca\/wp-json\/wp\/v2\/media\/1253"}],"wp:attachment":[{"href":"https:\/\/www.betterconsultants.es\/ca\/wp-json\/wp\/v2\/media?parent=1206"}],"curies":[{"name":"wp","href":"https:\/\/api.w.org\/{rel}","templated":true}]}}