{"id":14028,"date":"2018-06-04T12:20:18","date_gmt":"2018-06-04T10:20:18","guid":{"rendered":"http:\/\/www.betterconsultants.es\/ca\/?page_id=14028"},"modified":"2019-03-01T14:01:34","modified_gmt":"2019-03-01T13:01:34","slug":"privacy-policy","status":"publish","type":"page","link":"https:\/\/www.betterconsultants.es\/ca\/privacy-policy\/","title":{"rendered":"Pol\u00edtica de Privacitat"},"content":{"rendered":"<p>[et_pb_section fb_built=&#8221;1&#8243; _builder_version=&#8221;3.0.47&#8243;][et_pb_row _builder_version=&#8221;3.0.48&#8243; background_size=&#8221;initial&#8221; background_position=&#8221;top_left&#8221; background_repeat=&#8221;repeat&#8221;][et_pb_column type=&#8221;4_4&#8243; _builder_version=&#8221;3.0.47&#8243;][et_pb_text _builder_version=&#8221;3.8&#8243;]<\/p>\n<h2 style=\"text-align: center;\">Pol\u00edtica de Privacitat<\/h2>\n<p>&nbsp;<\/p>\n<p>D&#8217;acord amb el que disposa Reglament (UE) 2016\/679 del Parlament Europeu i del Consell de 27 d&#8217;abril de 2016 relatiu a la protecci\u00f3 de les persones f\u00edsiques pel que fa al tractament de dades personals ia la lliure circulaci\u00f3 d&#8217;aquestes dades i pel qual es deroga la Directiva 95\/46 \/ CE (Reglament general de protecci\u00f3 de dades), a continuaci\u00f3 es descriu la nostra pol\u00edtica de privacitat.<\/p>\n<p>&nbsp;<\/p>\n<h6>Formularis de Contacte<\/h6>\n<p>Better Consultants informa que les dades personals que figuren en els formularis de contacte es transmeten directament al responsable del producte o servei, sense que en cap moment s&#8217;incorporin a fitxers o bases de dades amb informaci\u00f3 personal.<\/p>\n<p>La informaci\u00f3 facilitada s&#8217;utilitza amb la finalitat \u00fanica de contactar amb l&#8217;interessat uns sola vegada, i exclusivament amb motiu d&#8217;aquesta sol\u00b7licitud d&#8217;informaci\u00f3. Better Consultants contactar\u00e0 amb l&#8217;interessat en el termini m\u00e0xim de dos dies laborables. Un cop establerta la comunicaci\u00f3, les dades del formulari de contacte seran esborrades.<\/p>\n<p>&nbsp;<\/p>\n<h6>Formulari de selecci\u00f3 de professionals<\/h6>\n<p>Better Consultants informa que les dades personals del formulari de selecci\u00f3 de professionals, incl\u00f2s el Curriculum Vitae, es transmeten directament a la nostra RRHH, sense que en cap moment s\u2019incorporin aquestes dades a un fitxer o base de dades amb informaci\u00f3 personal. La informaci\u00f3 facilitada t\u00e9 la finalitat exclusiva d\u2019iniciar el proc\u00e9s de selecci\u00f3. Al proporcionar aquestes dades, s\u2019autoritza expressament a Better Consultants per tal que avalu\u00ef la candidatura i estableixi contacte per via telef\u00f2nica o correu electr\u00f2nic amb l\u2019interessat. Una vegada iniciada o resolta la candidatura, les dades personals seran eliminades.<\/p>\n<p>En cas que el candidat estigui interessat en que Better Consultants tingui acc\u00e9s a futures actualitzacions o versions del seu Curr\u00edculum Vitae, ens remetem exclusivament a la consulta de bases de dades de tercers, externes a la nostra Firma, especialitzades en la contractaci\u00f3 de professionals.<\/p>\n<p>&nbsp;<\/p>\n<h6>Cookies<\/h6>\n<p>Better Consultants no utilitza a la seva p\u00e0gina web cap funci\u00f3 que requereixi la identificaci\u00f3 o nom de l&#8217;usuari, ni recollida de comentaris, ni alta de compte o d&#8217;usuari. La utilitzaci\u00f3 de cookies es limita de forma exclusiva a l&#8217;obtenci\u00f3 d&#8217;estad\u00edstiques d&#8217;\u00fas.<\/p>\n<p>&nbsp;<\/p>\n<h6>Contingut enlla\u00e7at o inserit d&#8217;altres llocs web<\/h6>\n<p>La nostra web pot contenir enlla\u00e7os a altres p\u00e0gines web de tercers. El contingut enlla\u00e7at es comporta de la mateixa manera que si l&#8217;usuari visita la p\u00e0gina del website destinaci\u00f3.<\/p>\n<p>Les webs externes poden recollir dades sobre el visitant, utilitzar cookies i monitoritzar la interacci\u00f3 de l&#8217;usuari, especialment en el cas que l&#8217;usuari realitzi el &#8220;login&#8221; (de forma manual o autom\u00e0tica) al web destinaci\u00f3.<\/p>\n<p>&nbsp;<\/p>\n<h6>Anal\u00edtica<\/h6>\n<p>El web de Better Consultants utilitza els serveis de Google Analytics pel control de les estad\u00edstiques de connexi\u00f3. En cap moment es capten, recopilen o emmagatzemen dades personals, de prefer\u00e8ncies o qualsevol altra informaci\u00f3 associada a les persones f\u00edsiques que visiten la nostra web.<\/p>\n<p>&nbsp;<\/p>\n<p>&nbsp;<\/p>\n<p>[\/et_pb_text][\/et_pb_column][\/et_pb_row][\/et_pb_section]<\/p>\n","protected":false},"excerpt":{"rendered":"<p>&#8230;<\/p>\n","protected":false},"author":1,"featured_media":0,"parent":0,"menu_order":0,"comment_status":"closed","ping_status":"closed","template":"","meta":{"_et_pb_use_builder":"on","_et_pb_old_content":"<h2>Who we are<\/h2><p>Our website address is: https:\/\/www.betterconsultants.es\/ca.<\/p><h2>What personal data we collect and why we collect it<\/h2><h3>Comments<\/h3><p>When visitors leave comments on the site we collect the data shown in the comments form, and also the visitor\u2019s IP address and browser user agent string to help spam detection.<\/p><p>An anonymized string created from your email address (also called a hash) may be provided to the Gravatar service to see if you are using it. The Gravatar service privacy policy is available here: https:\/\/automattic.com\/privacy\/. After approval of your comment, your profile picture is visible to the public in the context of your comment.<\/p><h3>Media<\/h3><p>If you upload images to the website, you should avoid uploading images with embedded location data (EXIF GPS) included. Visitors to the website can download and extract any location data from images on the website.<\/p><h3>Contact forms<\/h3><h3>Cookies<\/h3><p>If you leave a comment on our site you may opt-in to saving your name, email address and website in cookies. These are for your convenience so that you do not have to fill in your details again when you leave another comment. These cookies will last for one year.<\/p><p>If you have an account and you log in to this site, we will set a temporary cookie to determine if your browser accepts cookies. This cookie contains no personal data and is discarded when you close your browser.<\/p><p>When you log in, we will also set up several cookies to save your login information and your screen display choices. Login cookies last for two days, and screen options cookies last for a year. If you select \"Remember Me\", your login will persist for two weeks. If you log out of your account, the login cookies will be removed.<\/p><p>If you edit or publish an article, an additional cookie will be saved in your browser. This cookie includes no personal data and simply indicates the post ID of the article you just edited. It expires after 1 day.<\/p><h3>Embedded content from other websites<\/h3><p>Articles on this site may include embedded content (e.g. videos, images, articles, etc.). Embedded content from other websites behaves in the exact same way as if the visitor has visited the other website.<\/p><p>These websites may collect data about you, use cookies, embed additional third-party tracking, and monitor your interaction with that embedded content, including tracing your interaction with the embedded content if you have an account and are logged in to that website.<\/p><h3>Analytics<\/h3><h2>Who we share your data with<\/h2><h2>How long we retain your data<\/h2><p>If you leave a comment, the comment and its metadata are retained indefinitely. This is so we can recognize and approve any follow-up comments automatically instead of holding them in a moderation queue.<\/p><p>For users that register on our website (if any), we also store the personal information they provide in their user profile. All users can see, edit, or delete their personal information at any time (except they cannot change their username). Website administrators can also see and edit that information.<\/p><h2>What rights you have over your data<\/h2><p>If you have an account on this site, or have left comments, you can request to receive an exported file of the personal data we hold about you, including any data you have provided to us. You can also request that we erase any personal data we hold about you. This does not include any data we are obliged to keep for administrative, legal, or security purposes.<\/p><h2>Where we send your data<\/h2><p>Visitor comments may be checked through an automated spam detection service.<\/p><h2>Your contact information<\/h2><h2>Additional information<\/h2><h3>How we protect your data<\/h3><h3>What data breach procedures we have in place<\/h3><h3>What third parties we receive data from<\/h3><h3>What automated decision making and\/or profiling we do with user data<\/h3><h3>Industry regulatory disclosure requirements<\/h3>","_et_gb_content_width":"","footnotes":""},"class_list":["post-14028","page","type-page","status-publish","hentry"],"_links":{"self":[{"href":"https:\/\/www.betterconsultants.es\/ca\/wp-json\/wp\/v2\/pages\/14028","targetHints":{"allow":["GET"]}}],"collection":[{"href":"https:\/\/www.betterconsultants.es\/ca\/wp-json\/wp\/v2\/pages"}],"about":[{"href":"https:\/\/www.betterconsultants.es\/ca\/wp-json\/wp\/v2\/types\/page"}],"author":[{"embeddable":true,"href":"https:\/\/www.betterconsultants.es\/ca\/wp-json\/wp\/v2\/users\/1"}],"replies":[{"embeddable":true,"href":"https:\/\/www.betterconsultants.es\/ca\/wp-json\/wp\/v2\/comments?post=14028"}],"version-history":[{"count":70,"href":"https:\/\/www.betterconsultants.es\/ca\/wp-json\/wp\/v2\/pages\/14028\/revisions"}],"predecessor-version":[{"id":17191,"href":"https:\/\/www.betterconsultants.es\/ca\/wp-json\/wp\/v2\/pages\/14028\/revisions\/17191"}],"wp:attachment":[{"href":"https:\/\/www.betterconsultants.es\/ca\/wp-json\/wp\/v2\/media?parent=14028"}],"curies":[{"name":"wp","href":"https:\/\/api.w.org\/{rel}","templated":true}]}}