{"id":167,"date":"2016-10-08T08:34:05","date_gmt":"2016-10-08T06:34:05","guid":{"rendered":"https:\/\/betterconsultantseu.wordpress.com\/?page_id=167"},"modified":"2024-05-02T13:32:44","modified_gmt":"2024-05-02T11:32:44","slug":"digitalitzacio-processos","status":"publish","type":"page","link":"https:\/\/www.betterconsultants.es\/ca\/digitalitzacio-processos\/","title":{"rendered":"Transformaci\u00f3 Digital"},"content":{"rendered":"<p>[et_pb_section fb_built=&#8221;1&#8243; custom_padding_last_edited=&#8221;off|desktop&#8221; admin_label=&#8221;section&#8221; _builder_version=&#8221;4.16&#8243; use_background_color_gradient=&#8221;on&#8221; background_color_gradient_direction=&#8221;174deg&#8221; background_color_gradient_stops=&#8221;rgba(255,255,255,0) 57%|rgba(0,0,0,0.68) 72%&#8221; background_color_gradient_overlays_image=&#8221;on&#8221; background_color_gradient_start=&#8221;rgba(255,255,255,0)&#8221; background_color_gradient_start_position=&#8221;57%&#8221; background_color_gradient_end=&#8221;rgba(0,0,0,0.68)&#8221; background_color_gradient_end_position=&#8221;72%&#8221; background_image=&#8221;https:\/\/www.betterconsultants.es\/ca\/wp-content\/uploads\/2018\/04\/Prisma-L1.jpg&#8221; animation_style=&#8221;zoom&#8221; animation_intensity_zoom=&#8221;2%&#8221; global_colors_info=&#8221;{}&#8221;][et_pb_row custom_padding_last_edited=&#8221;on|phone&#8221; _builder_version=&#8221;4.16&#8243; custom_padding=&#8221;230px|0px|230px|0px&#8221; custom_padding_tablet=&#8221;140px|0px|140px|0px&#8221; custom_padding_phone=&#8221;80px|0px|80px|0px&#8221; global_colors_info=&#8221;{}&#8221;][et_pb_column type=&#8221;4_4&#8243; _builder_version=&#8221;4.16&#8243; custom_padding=&#8221;|||&#8221; global_colors_info=&#8221;{}&#8221; custom_padding__hover=&#8221;|||&#8221;][\/et_pb_column][\/et_pb_row][\/et_pb_section][et_pb_section fb_built=&#8221;1&#8243; _builder_version=&#8221;4.16&#8243; global_colors_info=&#8221;{}&#8221;][et_pb_row column_structure=&#8221;1_2,1_2&#8243; _builder_version=&#8221;4.16&#8243; custom_padding=&#8221;90px|0px|30px|0px&#8221; global_colors_info=&#8221;{}&#8221;][et_pb_column type=&#8221;1_2&#8243; _builder_version=&#8221;4.16&#8243; custom_padding=&#8221;|||&#8221; global_colors_info=&#8221;{}&#8221; custom_padding__hover=&#8221;|||&#8221;][et_pb_text _builder_version=&#8221;4.16&#8243; text_font=&#8221;|300|||||||&#8221; header_text_color=&#8221;#000000&#8243; header_4_text_color=&#8221;#ffffff&#8221; background_color=&#8221;#ffffff&#8221; background_layout=&#8221;dark&#8221; custom_margin=&#8221;-180px|||&#8221; custom_margin_tablet=&#8221;&#8221; custom_margin_phone=&#8221;&#8221; custom_margin_last_edited=&#8221;on|desktop&#8221; custom_padding=&#8221;30px|30px|30px|30px&#8221; custom_padding_tablet=&#8221;80px|30px|43px|30px&#8221; custom_padding_phone=&#8221;&#8221; custom_padding_last_edited=&#8221;on|desktop&#8221; animation_style=&#8221;slide&#8221; animation_direction=&#8221;left&#8221; animation_duration=&#8221;500ms&#8221; animation_intensity_slide=&#8221;30%&#8221; animation_starting_opacity=&#8221;20%&#8221; header_font_size_tablet=&#8221;32px&#8221; header_font_size_phone=&#8221;28px&#8221; header_font_size_last_edited=&#8221;on|desktop&#8221; box_shadow_style=&#8221;preset1&#8243; global_colors_info=&#8221;{}&#8221;]<\/p>\n<h1><\/h1>\n<h1>Transformaci\u00f3 Digital<\/h1>\n<p>[\/et_pb_text][\/et_pb_column][et_pb_column type=&#8221;1_2&#8243; _builder_version=&#8221;4.16&#8243; custom_padding=&#8221;|||&#8221; global_colors_info=&#8221;{}&#8221; custom_padding__hover=&#8221;|||&#8221;][\/et_pb_column][\/et_pb_row][\/et_pb_section][et_pb_section fb_built=&#8221;1&#8243; admin_label=&#8221;section&#8221; _builder_version=&#8221;4.16&#8243; global_colors_info=&#8221;{}&#8221;][et_pb_row _builder_version=&#8221;4.16&#8243; custom_padding=&#8221;0px|0px|27px|0px&#8221; global_colors_info=&#8221;{}&#8221;][et_pb_column type=&#8221;4_4&#8243; _builder_version=&#8221;4.16&#8243; custom_padding=&#8221;|||&#8221; global_colors_info=&#8221;{}&#8221; custom_padding__hover=&#8221;|||&#8221;][et_pb_text _builder_version=&#8221;4.16&#8243; global_colors_info=&#8221;{}&#8221;]<\/p>\n<h4>La transformaci\u00f3 digital \u00e9s un factor cr\u00edtic per al creixement i competitivitat de grans empreses i institucions. En molts sectors, \u00e9s a m\u00e9s un element diferencial, estrat\u00e8gic per al negoci, i que condiciona el posicionament respecte la compet\u00e8ncia.<\/h4>\n<h4>Better Consultants compta amb un equip de professionals vocacionalment compromesos en entendre la transformaci\u00f3 digital com a catalitzadora de les millores dels processos de negoci.<\/h4>\n<p>&nbsp;<\/p>\n<p>[\/et_pb_text][\/et_pb_column][\/et_pb_row][et_pb_row column_structure=&#8221;1_2,1_2&#8243; _builder_version=&#8221;4.16&#8243; custom_padding=&#8221;66px|0px|13px|0px||&#8221; global_colors_info=&#8221;{}&#8221;][et_pb_column type=&#8221;1_2&#8243; _builder_version=&#8221;4.16&#8243; custom_padding=&#8221;|||&#8221; global_colors_info=&#8221;{}&#8221; custom_padding__hover=&#8221;|||&#8221;][et_pb_image src=&#8221;https:\/\/www.betterconsultants.es\/ca\/wp-content\/uploads\/2017\/10\/onlinemarketing2.jpg&#8221; align_tablet=&#8221;center&#8221; align_phone=&#8221;&#8221; align_last_edited=&#8221;on|desktop&#8221; _builder_version=&#8221;4.16&#8243; custom_padding=&#8221;51px|||||&#8221; animation_style=&#8221;zoom&#8221; animation_intensity_zoom=&#8221;2%&#8221; global_colors_info=&#8221;{}&#8221;][\/et_pb_image][\/et_pb_column][et_pb_column type=&#8221;1_2&#8243; _builder_version=&#8221;4.16&#8243; custom_padding=&#8221;|||&#8221; global_colors_info=&#8221;{}&#8221; custom_padding__hover=&#8221;|||&#8221;][et_pb_text admin_label=&#8221;Texto&#8221; _builder_version=&#8221;4.16&#8243; background_size=&#8221;initial&#8221; background_position=&#8221;top_left&#8221; background_repeat=&#8221;repeat&#8221; module_alignment=&#8221;left&#8221; border_color_all=&#8221;#ffffff&#8221; use_border_color=&#8221;off&#8221; global_colors_info=&#8221;{}&#8221;]<\/p>\n<div id=\"contenedor\">\n<div id=\"centro\" class=\"elCentro\">\n<div>\n<h3>Transformaci\u00f3 Digital<\/h3>\n<p>La nostra Firma utilitza les tecnologies de sistemes d&#8217;informaci\u00f3 m\u00e9s comuns a les grans empreses i institucions. En general, els nostres projectes ensamblen peces de diferents tecnologies i entorns per poder oferir el millor resultat en termes d&#8217;efectivitat i cost.<\/p>\n<p>Som especialistes en combinar arquitectures obertes amb el core de sistemes de grans entitats i institucions, assegurant aix\u00ed una \u00f2ptima usabilitat sense renunciar als aspectes claus d&#8217;estabilitat, rendiment i gesti\u00f3 de capacitat<\/p>\n<p>Aportem aix\u00ed mateix una s\u00f2lida experi\u00e8ncia en la integraci\u00f3 de solucions de Business Intelligence amb els sistemes corporatius i la utilitzaci\u00f3 eficient de programari paquetitzat.<\/p>\n<\/div>\n<\/div>\n<p>&nbsp;<\/p>\n<\/div>\n<p>&nbsp;<\/p>\n<p>[\/et_pb_text][\/et_pb_column][\/et_pb_row][et_pb_row column_structure=&#8221;1_2,1_2&#8243; _builder_version=&#8221;4.16&#8243; background_size=&#8221;initial&#8221; background_position=&#8221;top_left&#8221; background_repeat=&#8221;repeat&#8221; custom_padding=&#8221;43px|0px|13px|0px&#8221; global_colors_info=&#8221;{}&#8221;][et_pb_column type=&#8221;1_2&#8243; _builder_version=&#8221;4.16&#8243; custom_padding=&#8221;|||&#8221; global_colors_info=&#8221;{}&#8221; custom_padding__hover=&#8221;|||&#8221;][et_pb_text _builder_version=&#8221;4.22.2&#8243; custom_padding=&#8221;20px|20px|20px|20px&#8221; global_colors_info=&#8221;{}&#8221;]<\/p>\n<h3>Implantaci\u00f3 sobre sistemes oberts<\/h3>\n<p style=\"padding-left: 40px;\">Desenvolupament d&#8217;aplicacions frontals responsive basades en frameworks de JavaScript com Angular i React.<\/p>\n<p style=\"padding-left: 40px;\">Desenvolupament d&#8217;APIs i ecosistemes de microserveis basats a Spring Framework: (Cloud, Gateway, JPA, etc) amb sistemes de missatgeria i tra\u00e7abilitat distribu\u00efda (RabbitMQ).<\/p>\n<p style=\"padding-left: 40px;\">Distribuci\u00f3 de programari escalable a cloud: AWS, Azure i GoogleCloud.<\/p>\n<p style=\"padding-left: 40px;\">Desplegaments automatitzats i programari amb cicle de vida continu: Docker, Kubernetes, GIT, Jenkins.<\/p>\n<p>[\/et_pb_text][\/et_pb_column][et_pb_column type=&#8221;1_2&#8243; _builder_version=&#8221;4.16&#8243; custom_padding=&#8221;|||&#8221; global_colors_info=&#8221;{}&#8221; custom_padding__hover=&#8221;|||&#8221;][et_pb_image src=&#8221;https:\/\/www.betterconsultants.es\/ca\/wp-content\/uploads\/2018\/02\/web-design-01.jpg&#8221; align_tablet=&#8221;center&#8221; align_phone=&#8221;&#8221; align_last_edited=&#8221;on|desktop&#8221; _builder_version=&#8221;4.16&#8243; animation_style=&#8221;zoom&#8221; animation_intensity_zoom=&#8221;2%&#8221; global_colors_info=&#8221;{}&#8221;][\/et_pb_image][\/et_pb_column][\/et_pb_row][et_pb_row column_structure=&#8221;1_2,1_2&#8243; use_custom_gutter=&#8221;on&#8221; gutter_width=&#8221;1&#8243; make_equal=&#8221;on&#8221; module_class=&#8221; et_pb_row_fullwidth&#8221; _builder_version=&#8221;4.16&#8243; background_size=&#8221;initial&#8221; background_position=&#8221;top_left&#8221; background_repeat=&#8221;repeat&#8221; width=&#8221;100%&#8221; width_tablet=&#8221;100%&#8221; width_phone=&#8221;&#8221; width_last_edited=&#8221;on|desktop&#8221; max_width=&#8221;100%&#8221; max_width_tablet=&#8221;100%&#8221; max_width_phone=&#8221;&#8221; max_width_last_edited=&#8221;on|desktop&#8221; custom_margin=&#8221;100px||0px|&#8221; custom_padding=&#8221;0px||50px|&#8221; animation_style=&#8221;zoom&#8221; animation_intensity_zoom=&#8221;2%&#8221; make_fullwidth=&#8221;on&#8221; global_colors_info=&#8221;{}&#8221;][et_pb_column type=&#8221;1_2&#8243; _builder_version=&#8221;4.16&#8243; background_image=&#8221;https:\/\/www.betterconsultants.es\/ca\/wp-content\/uploads\/2018\/03\/Edif-inter-x1.jpg&#8221; parallax=&#8221;on&#8221; custom_padding=&#8221;|||&#8221; global_colors_info=&#8221;{}&#8221; custom_padding__hover=&#8221;|||&#8221;][\/et_pb_column][et_pb_column type=&#8221;1_2&#8243; _builder_version=&#8221;4.16&#8243; background_color=&#8221;#f4f4f4&#8243; background_position=&#8221;top_left&#8221; custom_padding=&#8221;8%|6%|8%|6%&#8221; global_colors_info=&#8221;{}&#8221; custom_padding__hover=&#8221;|||&#8221;][et_pb_text _builder_version=&#8221;4.16&#8243; global_colors_info=&#8221;{}&#8221;]<\/p>\n<h4>Utilitzem les tecnologies de sistemes d&#8217;informaci\u00f3 m\u00e9s consolidades en les grans empreses, integrant components de diverses tecnologies i entorns.<\/h4>\n<p>&nbsp;<br \/>\n[\/et_pb_text][et_pb_divider color=&#8221;#4e5ed0&#8243; divider_weight=&#8221;3px&#8221; disabled_on=&#8221;off|off|off&#8221; _builder_version=&#8221;4.16&#8243; background_color_gradient_direction=&#8221;90deg&#8221; max_width=&#8221;100px&#8221; module_alignment=&#8221;left&#8221; height=&#8221;5px&#8221; custom_margin=&#8221;||20px|&#8221; custom_padding=&#8221;||20px|&#8221; animation_style=&#8221;slide&#8221; animation_direction=&#8221;bottom&#8221; saved_tabs=&#8221;all&#8221; locked=&#8221;off&#8221; global_colors_info=&#8221;{}&#8221;][\/et_pb_divider][et_pb_text _builder_version=&#8221;4.16&#8243; global_colors_info=&#8221;{}&#8221;]<\/p>\n<h4>Combinem arquitectures obertes amb el core de sistemes de grans entitats, implantant interf\u00edcies d&#8217;usuari que optimitzen l&#8217;ergonomia i asseguren la m\u00e0xima estabilitat i rendiment.<\/h4>\n<p>[\/et_pb_text][\/et_pb_column][\/et_pb_row][et_pb_row column_structure=&#8221;1_2,1_2&#8243; _builder_version=&#8221;4.16&#8243; background_size=&#8221;initial&#8221; background_position=&#8221;top_left&#8221; background_repeat=&#8221;repeat&#8221; custom_padding=&#8221;51px|0px|13px|0px&#8221; global_colors_info=&#8221;{}&#8221;][et_pb_column type=&#8221;1_2&#8243; _builder_version=&#8221;4.16&#8243; custom_padding=&#8221;|||&#8221; global_colors_info=&#8221;{}&#8221; custom_padding__hover=&#8221;|||&#8221;][et_pb_image src=&#8221;https:\/\/www.betterconsultants.es\/ca\/wp-content\/uploads\/2018\/01\/WSs7.jpg&#8221; align_tablet=&#8221;center&#8221; align_phone=&#8221;&#8221; align_last_edited=&#8221;on|desktop&#8221; _builder_version=&#8221;4.16&#8243; animation_style=&#8221;zoom&#8221; animation_intensity_zoom=&#8221;2%&#8221; global_colors_info=&#8221;{}&#8221;][\/et_pb_image][\/et_pb_column][et_pb_column type=&#8221;1_2&#8243; _builder_version=&#8221;4.16&#8243; custom_padding=&#8221;|||&#8221; global_colors_info=&#8221;{}&#8221; custom_padding__hover=&#8221;|||&#8221;][et_pb_text _builder_version=&#8221;4.22.2&#8243; background_size=&#8221;initial&#8221; background_position=&#8221;top_left&#8221; background_repeat=&#8221;repeat&#8221; module_alignment=&#8221;left&#8221; border_color_all=&#8221;#ffffff&#8221; global_colors_info=&#8221;{}&#8221;]<\/p>\n<h3>Arquitectures distribu\u00efdes basades en API i microserveis<\/h3>\n<p style=\"padding-left: 40px;\">Definici\u00f3 i implantaci\u00f3 d&#8217;aplicacions basades en microserveis.<\/p>\n<p style=\"padding-left: 40px;\">Disseny d&#8217;arquitectures per a desplegament segons model cloud amb implantaci\u00f3 independent de components.<\/p>\n<p style=\"padding-left: 40px;\">Implementaci\u00f3 en contenidors per assegurar l&#8217;escalabilitat i la portabilitat.<\/p>\n<p style=\"padding-left: 40px;\">Migraci\u00f3 d&#8217;aplicacions a arquitectures de microserveis.<\/p>\n<p>[\/et_pb_text][\/et_pb_column][\/et_pb_row][et_pb_row column_structure=&#8221;1_2,1_2&#8243; _builder_version=&#8221;4.16&#8243; background_size=&#8221;initial&#8221; background_position=&#8221;top_left&#8221; background_repeat=&#8221;repeat&#8221; custom_padding=&#8221;59px|0px|13px|0px&#8221; global_colors_info=&#8221;{}&#8221;][et_pb_column type=&#8221;1_2&#8243; _builder_version=&#8221;4.16&#8243; custom_padding=&#8221;|||&#8221; global_colors_info=&#8221;{}&#8221; custom_padding__hover=&#8221;|||&#8221;][et_pb_text _builder_version=&#8221;4.16&#8243; custom_padding=&#8221;20px|20px|20px|20px&#8221; global_colors_info=&#8221;{}&#8221;]<\/p>\n<h3>Business Intelligence<\/h3>\n<p style=\"padding-left: 30px;\">Disseny de models OLAP \/ ROLAP.<\/p>\n<p style=\"padding-left: 30px;\">Definici\u00f3 de dimensions, atributs i fets en Microstrategy, OLAP Services.<\/p>\n<p style=\"padding-left: 30px;\">Implantaci\u00f3 IBM COGNOS, Power BI, SAS, Microstrategy<\/p>\n<p style=\"padding-left: 30px;\">Quadres de comandament i informes per a la direcci\u00f3 a trav\u00e9s d&#8217;Dynasight.<\/p>\n<p>[\/et_pb_text][\/et_pb_column][et_pb_column type=&#8221;1_2&#8243; _builder_version=&#8221;4.16&#8243; custom_padding=&#8221;|||&#8221; global_colors_info=&#8221;{}&#8221; custom_padding__hover=&#8221;|||&#8221;][et_pb_image src=&#8221;https:\/\/www.betterconsultants.es\/ca\/wp-content\/uploads\/2018\/01\/BI04.jpg&#8221; align_tablet=&#8221;center&#8221; align_phone=&#8221;&#8221; align_last_edited=&#8221;on|desktop&#8221; _builder_version=&#8221;4.16&#8243; animation_style=&#8221;zoom&#8221; animation_intensity_zoom=&#8221;2%&#8221; global_colors_info=&#8221;{}&#8221;][\/et_pb_image][\/et_pb_column][\/et_pb_row][et_pb_row column_structure=&#8221;1_2,1_2&#8243; _builder_version=&#8221;4.16&#8243; background_size=&#8221;initial&#8221; background_position=&#8221;top_left&#8221; background_repeat=&#8221;repeat&#8221; custom_padding=&#8221;68px|0px|13px|0px&#8221; global_colors_info=&#8221;{}&#8221;][et_pb_column type=&#8221;1_2&#8243; _builder_version=&#8221;4.16&#8243; custom_padding=&#8221;|||&#8221; global_colors_info=&#8221;{}&#8221; custom_padding__hover=&#8221;|||&#8221;][et_pb_image src=&#8221;https:\/\/www.betterconsultants.es\/ca\/wp-content\/uploads\/2016\/10\/01-e1496835823483.jpg&#8221; show_bottom_space=&#8221;off&#8221; align_tablet=&#8221;center&#8221; align_phone=&#8221;&#8221; align_last_edited=&#8221;on|desktop&#8221; _builder_version=&#8221;4.16&#8243; animation_style=&#8221;zoom&#8221; animation_intensity_zoom=&#8221;2%&#8221; global_colors_info=&#8221;{}&#8221;][\/et_pb_image][\/et_pb_column][et_pb_column type=&#8221;1_2&#8243; _builder_version=&#8221;4.16&#8243; custom_padding=&#8221;|||&#8221; global_colors_info=&#8221;{}&#8221; custom_padding__hover=&#8221;|||&#8221;][et_pb_text _builder_version=&#8221;4.24.3&#8243; background_size=&#8221;initial&#8221; background_position=&#8221;top_left&#8221; background_repeat=&#8221;repeat&#8221; module_alignment=&#8221;left&#8221; border_color_all=&#8221;#ffffff&#8221; global_colors_info=&#8221;{}&#8221;]<\/p>\n<h3>Integraci\u00f3 amb arquitectures core<\/h3>\n<p style=\"padding-left: 30px;\">Definici\u00f3 i implantaci\u00f3 d&#8217;arquitectures h\u00edbrides d&#8217;altes prestacions.<\/p>\n<p style=\"padding-left: 30px;\">Optimitzaci\u00f3 de processos a trav\u00e9s de Apptune.<\/p>\n<p style=\"padding-left: 30px;\">Comunicaci\u00f3 entre sistemes (SNA, Cics Transaction Gateway).<\/p>\n<p>[\/et_pb_text][\/et_pb_column][\/et_pb_row][et_pb_row _builder_version=&#8221;4.16&#8243; background_size=&#8221;initial&#8221; background_position=&#8221;top_left&#8221; background_repeat=&#8221;repeat&#8221; global_colors_info=&#8221;{}&#8221;][et_pb_column type=&#8221;4_4&#8243; _builder_version=&#8221;4.16&#8243; custom_padding=&#8221;|||&#8221; global_colors_info=&#8221;{}&#8221; custom_padding__hover=&#8221;|||&#8221;][et_pb_divider show_divider=&#8221;off&#8221; _builder_version=&#8221;4.16&#8243; global_colors_info=&#8221;{}&#8221;][\/et_pb_divider][\/et_pb_column][\/et_pb_row][\/et_pb_section]<\/p>\n","protected":false},"excerpt":{"rendered":"<p>[et_pb_section bb_built=&#8221;1&#8243; admin_label=&#8221;section&#8221; custom_padding_last_edited=&#8221;off|desktop&#8221; _builder_version=&#8221;3.0.106&#8243; use_background_color_gradient=&#8221;on&#8221; background_color_gradient_start=&#8221;rgba(255,255,255,0)&#8221; background_color_gradient_end=&#8221;rgba(0,0,0,0&#8230;<\/p>\n","protected":false},"author":1,"featured_media":6853,"parent":0,"menu_order":0,"comment_status":"closed","ping_status":"closed","template":"","meta":{"_et_pb_use_builder":"on","_et_pb_old_content":"<p>La Tecnolog\u00eda entendida como herramienta de negocio es un factor cr\u00edtico para el funcionamiento de las grandes empresas e instituciones. En muchos sectores, es adem\u00e1s un elemento diferencial, estrat\u00e9gico para el negocio, y que condiciona el posicionamiento respecto a la competencia.<\/p><div id=\"contenedor\"><div id=\"centro\" class=\"elCentro\"><div><p>Better Consultants cuenta con un equipo de profesionales vocacionalmente comprometidos en entender la tecnolog\u00eda como catalizadora de las mejoras de los procesos de negocio.<\/p><p>\u00a0<\/p><p><strong>INTEGRACION DE SISTEMAS<\/strong><\/p><p>Nuestra Firma utiliza las tecnolog\u00edas de sistemas de informaci\u00f3n m\u00e1s comunes en las grandes empresas e instituciones. Por lo general, nuestros proyectos ensamblan piezas de distintas tecnolog\u00edas y entornos para poder ofrecer el mejor resultado en t\u00e9rminos de efectividad y coste.<\/p><p>Somos especialistas en combinar arquitecturas abiertas con los entornos mainframe, habituales en las grandes entidades, asegurando as\u00ed una \u00f3ptima usabilidad sin renunciar a los aspectos claves de estabilidad, rendimiento y gesti\u00f3n de capacidad.<\/p><p>Aportamos asimismo una s\u00f3lida experiencia en la integraci\u00f3n de soluciones de Business Intelligence con los sistemas corporativos y la utilizaci\u00f3n eficiente de software paquetizado.<\/p><\/div><div><table cellspacing=\"10\" align=\"left\"><tbody><tr><td class=\"webkit-line-content\"><p><strong><em>Implantaci\u00f3n sobre sistemas abiertos<\/em><\/strong><\/p><ul><li>Dise\u00f1o e implementaci\u00f3n seg\u00fan MVC (Model - View - Controller).<\/li><li>UML para la identificaci\u00f3n de escenarios y definici\u00f3n de clases.<\/li><li>Implementaci\u00f3n en. NET (Visual. NET, ASP.NET, C #).<\/li><li>Desarrollos en J2EE (Eclipse, Struts, ...) sobre Websphere, WebLogic<\/li><\/ul><\/td><td class=\"webkit-line-content\"><p>\u00a0<\/p><p><strong><em>Integraci\u00f3n con arquitecturas mainframe<\/em><\/strong><\/p><ul><li>Definici\u00f3n e implantaci\u00f3n de proyectos en sistemas Mainframe.<\/li><li>Desarrollos basados en COBOL - CICS - DB2.<\/li><li>Optimizaci\u00f3n de procesos a trav\u00e9s de Apptune.<\/li><li>Comunicaci\u00f3n entre sistemas (SNA, Cics Transaction Gateway).<\/li><\/ul><p>\u00a0<\/p><\/td><\/tr><tr><td class=\"webkit-line-content\"><p><strong><em>Business Intelligence<\/em><\/strong><\/p><ul><li>Dise\u00f1o de modelos OLAP \/ ROLAP.<\/li><li>Definici\u00f3n de dimensiones, atributos y hechos en Microstrategy, OLAP Services.<\/li><li>implantaci\u00f3n COGNOS<\/li><li>Cuadros de mando e informes para la direcci\u00f3n a trav\u00e9s de Dynasight.<\/li><\/ul><\/td><td class=\"webkit-line-content\"><p><strong><em>Arquitecturas sobre Web-Service<\/em><\/strong><\/p><ul><li>Definici\u00f3n e implantaci\u00f3n de proyectos tecnol\u00f3gicos basados en web-services.<\/li><li>Definici\u00f3n y env\u00edo de XML s de acuerdo al est\u00e1ndar SOAP.<\/li><li>Implementaci\u00f3n de WS en. NET o JAVA.<\/li><li>Gesti\u00f3n de Seguridad a partir de certificados de servidor, tickets SAML.<\/li><\/ul><\/td><\/tr><\/tbody><\/table><\/div><\/div><\/div>","_et_gb_content_width":"","footnotes":""},"class_list":["post-167","page","type-page","status-publish","has-post-thumbnail","hentry"],"_links":{"self":[{"href":"https:\/\/www.betterconsultants.es\/ca\/wp-json\/wp\/v2\/pages\/167","targetHints":{"allow":["GET"]}}],"collection":[{"href":"https:\/\/www.betterconsultants.es\/ca\/wp-json\/wp\/v2\/pages"}],"about":[{"href":"https:\/\/www.betterconsultants.es\/ca\/wp-json\/wp\/v2\/types\/page"}],"author":[{"embeddable":true,"href":"https:\/\/www.betterconsultants.es\/ca\/wp-json\/wp\/v2\/users\/1"}],"replies":[{"embeddable":true,"href":"https:\/\/www.betterconsultants.es\/ca\/wp-json\/wp\/v2\/comments?post=167"}],"version-history":[{"count":265,"href":"https:\/\/www.betterconsultants.es\/ca\/wp-json\/wp\/v2\/pages\/167\/revisions"}],"predecessor-version":[{"id":18641,"href":"https:\/\/www.betterconsultants.es\/ca\/wp-json\/wp\/v2\/pages\/167\/revisions\/18641"}],"wp:featuredmedia":[{"embeddable":true,"href":"https:\/\/www.betterconsultants.es\/ca\/wp-json\/wp\/v2\/media\/6853"}],"wp:attachment":[{"href":"https:\/\/www.betterconsultants.es\/ca\/wp-json\/wp\/v2\/media?parent=167"}],"curies":[{"name":"wp","href":"https:\/\/api.w.org\/{rel}","templated":true}]}}