{"id":175,"date":"2016-10-08T08:35:38","date_gmt":"2016-10-08T06:35:38","guid":{"rendered":"https:\/\/betterconsultantseu.wordpress.com\/?page_id=175"},"modified":"2019-01-28T19:18:30","modified_gmt":"2019-01-28T18:18:30","slug":"better-consultants-management-consulting","status":"publish","type":"page","link":"https:\/\/www.betterconsultants.es\/ca\/better-consultants-management-consulting\/","title":{"rendered":"Management Consulting"},"content":{"rendered":"<p>[et_pb_section fb_built=&#8221;1&#8243; custom_padding_last_edited=&#8221;off|desktop&#8221; admin_label=&#8221;section&#8221; _builder_version=&#8221;3.19.9&#8243; background_image=&#8221;https:\/\/www.betterconsultants.es\/ca\/wp-content\/uploads\/2017\/12\/Mgmt01.jpg&#8221; animation_style=&#8221;zoom&#8221; animation_intensity_zoom=&#8221;2%&#8221;][et_pb_row custom_padding=&#8221;230px|0px|230px|0px&#8221; custom_padding_tablet=&#8221;140px|0px|140px|0px&#8221; custom_padding_phone=&#8221;80px|0px|80px|0px&#8221; custom_padding_last_edited=&#8221;on|phone&#8221; _builder_version=&#8221;3.0.105&#8243;][et_pb_column type=&#8221;4_4&#8243; _builder_version=&#8221;3.0.47&#8243; parallax=&#8221;off&#8221; parallax_method=&#8221;on&#8221;][\/et_pb_column][\/et_pb_row][\/et_pb_section][et_pb_section fb_built=&#8221;1&#8243; _builder_version=&#8221;3.0.47&#8243;][et_pb_row custom_padding=&#8221;90px|0px|30px|0px&#8221; _builder_version=&#8221;3.0.105&#8243;][et_pb_column type=&#8221;1_2&#8243; _builder_version=&#8221;3.0.47&#8243; parallax=&#8221;off&#8221; parallax_method=&#8221;on&#8221;][et_pb_text _builder_version=&#8221;3.0.105&#8243; text_font=&#8221;|300|||||||&#8221; header_text_color=&#8221;#000000&#8243; header_font_size_tablet=&#8221;32px&#8221; header_font_size_phone=&#8221;28px&#8221; header_font_size_last_edited=&#8221;on|desktop&#8221; header_4_text_color=&#8221;#ffffff&#8221; background_color=&#8221;#ffffff&#8221; box_shadow_style=&#8221;preset1&#8243; background_layout=&#8221;dark&#8221; custom_margin=&#8221;-180px|||&#8221; custom_margin_last_edited=&#8221;on|desktop&#8221; custom_padding=&#8221;30px|30px|30px|30px&#8221; custom_padding_tablet=&#8221;80px|30px|43px|30px&#8221; custom_padding_last_edited=&#8221;on|desktop&#8221; animation_style=&#8221;slide&#8221; animation_direction=&#8221;left&#8221; animation_duration=&#8221;500ms&#8221; animation_intensity_slide=&#8221;30%&#8221; animation_starting_opacity=&#8221;20%&#8221;]<\/p>\n<h1><\/h1>\n<h1>Management Consulting<\/h1>\n<p>[\/et_pb_text][\/et_pb_column][et_pb_column type=&#8221;1_2&#8243; _builder_version=&#8221;3.0.47&#8243; parallax=&#8221;off&#8221; parallax_method=&#8221;on&#8221;][\/et_pb_column][\/et_pb_row][\/et_pb_section][et_pb_section fb_built=&#8221;1&#8243; admin_label=&#8221;section&#8221; _builder_version=&#8221;3.0.47&#8243; custom_padding=&#8221;13px|0px|50px|0px&#8221;][et_pb_row _builder_version=&#8221;3.0.105&#8243; background_size=&#8221;initial&#8221; background_position=&#8221;top_left&#8221; background_repeat=&#8221;repeat&#8221;][et_pb_column type=&#8221;1_2&#8243; _builder_version=&#8221;3.0.47&#8243; parallax=&#8221;off&#8221; parallax_method=&#8221;on&#8221;][et_pb_text admin_label=&#8221;Texto&#8221; _builder_version=&#8221;3.0.106&#8243; border_color_all=&#8221;#ffffff&#8221; text_orientation=&#8221;justified&#8221; module_alignment=&#8221;left&#8221; use_border_color=&#8221;off&#8221;]<\/p>\n<h3>Model<\/h3>\n<p>En la transformaci\u00f3 digital de l&#8217;empresa, els nostres projectes van m\u00e9s enll\u00e0 del lliurament i presentaci\u00f3 d&#8217;un Estudi, Diagn\u00f2stic o Pla Estrat\u00e8gic. Normalment les solucions recomanades requereixen la implementaci\u00f3 de nous sistemes d&#8217;informaci\u00f3, tant en un desenvolupament a mida com amb la integraci\u00f3 d&#8217;una soluci\u00f3 paquetitzada.<\/p>\n<p>Tant en un cas com en l&#8217;altre, els nostres serveis professionals proporcionen una visi\u00f3 completa participant a totes les etapes del cicle de vida: Diagn\u00f2stic, Definici\u00f3, Disseny, Implantaci\u00f3, Formaci\u00f3, Gesti\u00f3 del Canvi, Producci\u00f3, Manteniment i Avaluaci\u00f3 dels resultats obtinguts.<br \/>\n[\/et_pb_text][\/et_pb_column][et_pb_column type=&#8221;1_2&#8243; _builder_version=&#8221;3.0.47&#8243; parallax=&#8221;off&#8221; parallax_method=&#8221;on&#8221;][et_pb_image src=&#8221;https:\/\/www.betterconsultants.es\/ca\/wp-content\/uploads\/2016\/10\/0017.jpg&#8221; force_fullwidth=&#8221;on&#8221; _builder_version=&#8221;3.19.9&#8243; animation_style=&#8221;zoom&#8221; animation_intensity_zoom=&#8221;2%&#8221;][\/et_pb_image][\/et_pb_column][\/et_pb_row][et_pb_row custom_padding=&#8221;61px|0px|13px|0px&#8221; _builder_version=&#8221;3.0.105&#8243; background_size=&#8221;initial&#8221; background_position=&#8221;top_left&#8221; background_repeat=&#8221;repeat&#8221;][et_pb_column type=&#8221;1_2&#8243; _builder_version=&#8221;3.0.47&#8243; parallax=&#8221;off&#8221; parallax_method=&#8221;on&#8221;][et_pb_image src=&#8221;https:\/\/www.betterconsultants.es\/ca\/wp-content\/uploads\/2016\/10\/13225086_m.jpg&#8221; force_fullwidth=&#8221;on&#8221; _builder_version=&#8221;3.19.9&#8243; animation_style=&#8221;zoom&#8221; animation_intensity_zoom=&#8221;2%&#8221;][\/et_pb_image][\/et_pb_column][et_pb_column type=&#8221;1_2&#8243; _builder_version=&#8221;3.0.47&#8243; parallax=&#8221;off&#8221; parallax_method=&#8221;on&#8221;][et_pb_text admin_label=&#8221;Texto&#8221; _builder_version=&#8221;3.0.106&#8243; background_size=&#8221;initial&#8221; background_position=&#8221;top_left&#8221; background_repeat=&#8221;repeat&#8221; text_orientation=&#8221;justified&#8221; use_border_color=&#8221;off&#8221;]<\/p>\n<h3>Visi\u00f3<\/h3>\n<p>La nostra traject\u00f2ria de m\u00e9s de dues d\u00e8cades compartint les inquietuds de grans empreses i institucions dels m\u00e9s diversos sectors, ens permeten oferir una completa gamma de serveis de consultoria en organitzaci\u00f3 i sistemes d\u2019informaci\u00f3.<\/p>\n<p>Som especialistes projectes que requereixen una especial sensibilitat per la combinaci\u00f3 dels tres factors que han de fer possible un canvi radical en la competitivitat de l\u2019empresa, des d\u2019una \u00f2ptica realista.<\/p>\n<p style=\"padding-left: 30px;\">la visi\u00f3 estrat\u00e8gica del negoci del client<\/p>\n<p style=\"padding-left: 30px;\">el coneixement sectorial<\/p>\n<p style=\"padding-left: 30px;\">els models de gesti\u00f3<\/p>\n<p>[\/et_pb_text][\/et_pb_column][\/et_pb_row][et_pb_row make_fullwidth=&#8221;on&#8221; use_custom_gutter=&#8221;on&#8221; gutter_width=&#8221;1&#8243; custom_padding=&#8221;0px||50px|&#8221; custom_margin=&#8221;50px||0px|&#8221; make_equal=&#8221;on&#8221; background_color_2=&#8221;#f4f4f4&#8243; bg_img_1=&#8221;https:\/\/www.betterconsultants.es\/ca\/wp-content\/uploads\/2018\/02\/business-07.jpg&#8221; parallax_1=&#8221;on&#8221; background_position_1=&#8221;top_left&#8221; background_position_2=&#8221;top_left&#8221; background_repeat_1=&#8221;no-repeat&#8221; background_repeat_2=&#8221;no-repeat&#8221; padding_top_2=&#8221;8%&#8221; padding_right_2=&#8221;6%&#8221; padding_bottom_2=&#8221;8%&#8221; padding_left_2=&#8221;6%&#8221; _builder_version=&#8221;3.19.9&#8243; background_size=&#8221;initial&#8221; background_position=&#8221;top_left&#8221; background_repeat=&#8221;repeat&#8221; animation_style=&#8221;zoom&#8221; animation_intensity_zoom=&#8221;2%&#8221;][et_pb_column type=&#8221;1_2&#8243; _builder_version=&#8221;3.0.47&#8243; bg_img=&#8221;https:\/\/www.betterconsultants.es\/ca\/wp-content\/uploads\/2018\/02\/business-07.jpg&#8221; parallax=&#8221;on&#8221; parallax_method=&#8221;on&#8221; background_position=&#8221;top_left&#8221; background_repeat=&#8221;no-repeat&#8221;][\/et_pb_column][et_pb_column type=&#8221;1_2&#8243; _builder_version=&#8221;3.0.47&#8243; padding_bottom=&#8221;8%&#8221; padding_left=&#8221;6%&#8221; padding_right=&#8221;6%&#8221; padding_top=&#8221;8%&#8221; background_color=&#8221;#f4f4f4&#8243; parallax=&#8221;off&#8221; parallax_method=&#8221;on&#8221; background_position=&#8221;top_left&#8221; background_repeat=&#8221;no-repeat&#8221;][et_pb_text _builder_version=&#8221;3.0.106&#8243;]<\/p>\n<h4>La nostra visi\u00f3 dels projectes assegura un enfocament realista que combina adequadament el coneixement profund de la realitat del client amb l&#8217;\u00fas efectiu de les tecnologies disponibles al mercat.<\/h4>\n<p>&nbsp;<br \/>\n[\/et_pb_text][et_pb_divider show_divider=&#8221;off&#8221; height=&#8221;5px&#8221; disabled_on=&#8221;off|off|off&#8221; _builder_version=&#8221;3.2&#8243; background_color_gradient_direction=&#8221;90deg&#8221; max_width=&#8221;100px&#8221; module_alignment=&#8221;left&#8221; custom_margin=&#8221;||20px|&#8221; custom_padding=&#8221;||20px|&#8221; animation_style=&#8221;slide&#8221; animation_direction=&#8221;bottom&#8221; saved_tabs=&#8221;all&#8221; locked=&#8221;off&#8221;][\/et_pb_divider][et_pb_text _builder_version=&#8221;3.0.106&#8243;]<\/p>\n<h4>Els nostres serveis professionals proporcionen una visi\u00f3 completa del proc\u00e9s de transformaci\u00f3, participant a totes les etapes del cicle de vida, i amb un enfocament multisectorial.<\/h4>\n<p>[\/et_pb_text][\/et_pb_column][\/et_pb_row][et_pb_row _builder_version=&#8221;3.0.47&#8243; background_size=&#8221;initial&#8221; background_position=&#8221;top_left&#8221; background_repeat=&#8221;repeat&#8221;][et_pb_column type=&#8221;1_2&#8243; _builder_version=&#8221;3.0.47&#8243; parallax=&#8221;off&#8221; parallax_method=&#8221;on&#8221;][et_pb_text admin_label=&#8221;Texto&#8221; _builder_version=&#8221;3.0.106&#8243; background_size=&#8221;initial&#8221; background_position=&#8221;top_left&#8221; background_repeat=&#8221;repeat&#8221; text_orientation=&#8221;justified&#8221; use_border_color=&#8221;off&#8221;]<\/p>\n<h3>Transformaci\u00f3<\/h3>\n<p>Hem col\u00b7laborat en la transformaci\u00f3 d\u2019importants institucions i empreses, tant del sector p\u00fablic i privat, aportant valor en diversos \u00e0mbits:<\/p>\n<p style=\"padding-left: 30px;\">Model d\u2019Organitzaci\u00f3 i Optimitzaci\u00f3 de Recursos<\/p>\n<p style=\"padding-left: 30px;\">Oficina de Gesti\u00f3 de Projectes (PMO)<\/p>\n<p style=\"padding-left: 30px;\">Reenginyeria i Millora de Processos<\/p>\n<p style=\"padding-left: 30px;\">Plans Directors de Tecnol\u00f2gica<\/p>\n<p style=\"padding-left: 30px;\">Planificaci\u00f3 de Sistemes d\u2019Informaci\u00f3<\/p>\n<p style=\"padding-left: 30px;\">Gesti\u00f3 del Canvi<\/p>\n<p>[\/et_pb_text][\/et_pb_column][et_pb_column type=&#8221;1_2&#8243; _builder_version=&#8221;3.0.47&#8243; parallax=&#8221;off&#8221; parallax_method=&#8221;on&#8221;][et_pb_divider show_divider=&#8221;off&#8221; _builder_version=&#8221;3.2&#8243; custom_padding=&#8221;||50px|&#8221;][\/et_pb_divider][et_pb_image src=&#8221;https:\/\/www.betterconsultants.es\/ca\/wp-content\/uploads\/2018\/01\/Digitrans6.jpg&#8221; force_fullwidth=&#8221;on&#8221; _builder_version=&#8221;3.19.9&#8243; animation_style=&#8221;zoom&#8221; animation_intensity_zoom=&#8221;2%&#8221;][\/et_pb_image][\/et_pb_column][\/et_pb_row][et_pb_row custom_padding=&#8221;32px|0px|13px|0px&#8221; custom_margin=&#8221;40px|||&#8221; _builder_version=&#8221;3.0.105&#8243; background_size=&#8221;initial&#8221; background_position=&#8221;top_left&#8221; background_repeat=&#8221;repeat&#8221;][et_pb_column type=&#8221;1_2&#8243; _builder_version=&#8221;3.0.47&#8243; parallax=&#8221;off&#8221; parallax_method=&#8221;on&#8221;][et_pb_image src=&#8221;https:\/\/www.betterconsultants.es\/ca\/wp-content\/uploads\/2018\/01\/0681b.jpg&#8221; align=&#8221;center&#8221; force_fullwidth=&#8221;on&#8221; admin_label=&#8221;Imagen&#8221; _builder_version=&#8221;3.19.9&#8243; border_color_all=&#8221;#ffffff&#8221; animation_style=&#8221;zoom&#8221; animation_duration=&#8221;500ms&#8221; use_border_color=&#8221;off&#8221; animation_intensity_zoom=&#8221;2%&#8221;][\/et_pb_image][\/et_pb_column][et_pb_column type=&#8221;1_2&#8243; _builder_version=&#8221;3.0.47&#8243; parallax=&#8221;off&#8221; parallax_method=&#8221;on&#8221;][et_pb_text _builder_version=&#8221;3.0.106&#8243; text_text_color=&#8221;#0c71c3&#8243; header_text_color=&#8221;#0c71c3&#8243;]<\/p>\n<h3>Equilibri<\/h3>\n<p>[\/et_pb_text][et_pb_text admin_label=&#8221;Texto&#8221; _builder_version=&#8221;3.0.91&#8243; background_size=&#8221;initial&#8221; background_position=&#8221;top_left&#8221; background_repeat=&#8221;repeat&#8221; text_orientation=&#8221;justified&#8221; use_border_color=&#8221;off&#8221;]La satisfacci\u00f3 dels nostres clients en els resultats dels projectes rau a aconseguir un equilibri entre coneixement en profunditat del sector i la visi\u00f3 estrat\u00e8gica del negoci amb plantejaments propers i assumibles. \u00c9s en aquest punt on els valors de comprom\u00eds i qualitat de la signatura es fan tangibles i generen valor per als nostres clients.<br \/>\n[\/et_pb_text][\/et_pb_column][\/et_pb_row][\/et_pb_section]<\/p>\n","protected":false},"excerpt":{"rendered":"<p>[et_pb_section bb_built=&#8221;1&#8243; admin_label=&#8221;section&#8221; custom_padding_last_edited=&#8221;off|desktop&#8221; _builder_version=&#8221;3.0.105&#8243; background_image=&#8221;https:\/\/www.betterconsultants.es\/ca\/wp-content\/uploads\/2017\/12\/Mgmt01.jpg&#8221; next_background_color=&#8221;#000000&#8243;][et_pb_&#8230;<\/p>\n","protected":false},"author":1,"featured_media":7045,"parent":0,"menu_order":0,"comment_status":"closed","ping_status":"closed","template":"","meta":{"_et_pb_use_builder":"on","_et_pb_old_content":"<p>Nuestra trayectoria de m\u00e1s de dos d\u00e9cadas compartiendo las inquietudes de grandes empresas e instituciones de los m\u00e1s diversos sectores, nos permiten ofrecer una completa gama de servicios de consultor\u00eda en organizaci\u00f3n y sistemas de informaci\u00f3n.<\/p><p>Somos especialistas proyectos que requieren una especial sensibilidad por la combinaci\u00f3n de los tres factores que han de hacer posible un cambio radical en la competitividad de la empresa, desde una \u00f3ptica realista.<\/p><ul><li>la visi\u00f3n estrat\u00e9gica del negocio del cliente<\/li><li>el conocimiento sectorial<\/li><li>los modelos de gesti\u00f3n<\/li><\/ul><p>Hemos colaborado en la transformaci\u00f3n de importantes instituciones y empresas, tanto del sector p\u00fablico y como privado, aportando valor en varios \u00e1mbitos:<\/p><ul><li>Modelo de Organizaci\u00f3n y Optimizaci\u00f3n de Recursos<\/li><li>Reingenieria y Mejora de Procesos<\/li><li>Planes Directores de Tecnol\u00f3gica<\/li><li>Planificaci\u00f3n de Sistemas de Informaci\u00f3n.<\/li><li>Gesti\u00f3n del Cambio<\/li><\/ul><p>La satisfacci\u00f3n de nuestros clientes en los resultados de los proyectos radica en lograr un equilibrio entre profundo conocimiento del sector y visi\u00f3n estrat\u00e9gica del negocio con planteamientos cercanos y asumibles. Es en este punto donde los valores de compromiso y calidad de la firma se hacen tangibles y generan valor para nuestros clientes.<\/p>","_et_gb_content_width":"","footnotes":""},"class_list":["post-175","page","type-page","status-publish","has-post-thumbnail","hentry"],"_links":{"self":[{"href":"https:\/\/www.betterconsultants.es\/ca\/wp-json\/wp\/v2\/pages\/175","targetHints":{"allow":["GET"]}}],"collection":[{"href":"https:\/\/www.betterconsultants.es\/ca\/wp-json\/wp\/v2\/pages"}],"about":[{"href":"https:\/\/www.betterconsultants.es\/ca\/wp-json\/wp\/v2\/types\/page"}],"author":[{"embeddable":true,"href":"https:\/\/www.betterconsultants.es\/ca\/wp-json\/wp\/v2\/users\/1"}],"replies":[{"embeddable":true,"href":"https:\/\/www.betterconsultants.es\/ca\/wp-json\/wp\/v2\/comments?post=175"}],"version-history":[{"count":209,"href":"https:\/\/www.betterconsultants.es\/ca\/wp-json\/wp\/v2\/pages\/175\/revisions"}],"predecessor-version":[{"id":16744,"href":"https:\/\/www.betterconsultants.es\/ca\/wp-json\/wp\/v2\/pages\/175\/revisions\/16744"}],"wp:featuredmedia":[{"embeddable":true,"href":"https:\/\/www.betterconsultants.es\/ca\/wp-json\/wp\/v2\/media\/7045"}],"wp:attachment":[{"href":"https:\/\/www.betterconsultants.es\/ca\/wp-json\/wp\/v2\/media?parent=175"}],"curies":[{"name":"wp","href":"https:\/\/api.w.org\/{rel}","templated":true}]}}