{"id":530,"date":"2016-10-16T17:19:37","date_gmt":"2016-10-16T15:19:37","guid":{"rendered":"http:\/\/betterconsultants.es\/wordpress\/?page_id=530"},"modified":"2019-01-28T19:50:58","modified_gmt":"2019-01-28T18:50:58","slug":"renting-leasing-e-cotizador","status":"publish","type":"page","link":"https:\/\/www.betterconsultants.es\/ca\/renting-leasing-e-cotizador\/","title":{"rendered":"Renting: e-Cotizador"},"content":{"rendered":"<p>[et_pb_section fb_built=&#8221;1&#8243; custom_padding_last_edited=&#8221;off|desktop&#8221; admin_label=&#8221;section&#8221; _builder_version=&#8221;3.19.9&#8243; background_image=&#8221;https:\/\/www.betterconsultants.es\/ca\/wp-content\/uploads\/2018\/01\/nuevoauto2.jpg&#8221; animation_style=&#8221;zoom&#8221; animation_intensity_zoom=&#8221;2%&#8221;][et_pb_row custom_padding=&#8221;230px|0px|230px|0px&#8221; custom_padding_tablet=&#8221;140px|0px|140px|0px&#8221; custom_padding_phone=&#8221;80px|0px|80px|0px&#8221; custom_padding_last_edited=&#8221;on|phone&#8221; _builder_version=&#8221;3.0.105&#8243;][et_pb_column type=&#8221;4_4&#8243; _builder_version=&#8221;3.0.47&#8243; parallax=&#8221;off&#8221; parallax_method=&#8221;on&#8221;][\/et_pb_column][\/et_pb_row][\/et_pb_section][et_pb_section fb_built=&#8221;1&#8243; _builder_version=&#8221;3.0.47&#8243;][et_pb_row custom_padding=&#8221;90px|0px|30px|0px&#8221; _builder_version=&#8221;3.0.105&#8243;][et_pb_column type=&#8221;1_2&#8243; _builder_version=&#8221;3.0.47&#8243; parallax=&#8221;off&#8221; parallax_method=&#8221;on&#8221;][et_pb_text _builder_version=&#8221;3.0.105&#8243; text_font=&#8221;|300|||||||&#8221; header_text_color=&#8221;#000000&#8243; header_font_size_tablet=&#8221;32px&#8221; header_font_size_phone=&#8221;28px&#8221; header_font_size_last_edited=&#8221;on|desktop&#8221; header_4_text_color=&#8221;#ffffff&#8221; background_color=&#8221;#ffffff&#8221; box_shadow_style=&#8221;preset1&#8243; background_layout=&#8221;dark&#8221; custom_margin=&#8221;-180px|||&#8221; custom_margin_last_edited=&#8221;on|desktop&#8221; custom_padding=&#8221;30px|30px|30px|30px&#8221; custom_padding_tablet=&#8221;80px|30px|43px|30px&#8221; custom_padding_last_edited=&#8221;on|desktop&#8221; animation_style=&#8221;slide&#8221; animation_direction=&#8221;left&#8221; animation_duration=&#8221;500ms&#8221; animation_intensity_slide=&#8221;30%&#8221; animation_starting_opacity=&#8221;20%&#8221;]<\/p>\n<h1><\/h1>\n<h1>Renting: e-Cotizador<\/h1>\n<p>[\/et_pb_text][\/et_pb_column][et_pb_column type=&#8221;1_2&#8243; _builder_version=&#8221;3.0.47&#8243; parallax=&#8221;off&#8221; parallax_method=&#8221;on&#8221;][\/et_pb_column][\/et_pb_row][\/et_pb_section][et_pb_section fb_built=&#8221;1&#8243; admin_label=&#8221;section&#8221; _builder_version=&#8221;3.0.47&#8243;][et_pb_row _builder_version=&#8221;3.0.48&#8243; background_size=&#8221;initial&#8221; background_position=&#8221;top_left&#8221; background_repeat=&#8221;repeat&#8221;][et_pb_column type=&#8221;1_2&#8243; _builder_version=&#8221;3.0.47&#8243; parallax=&#8221;off&#8221; parallax_method=&#8221;on&#8221;][et_pb_text _builder_version=&#8221;3.0.95&#8243; custom_padding=&#8221;20px|20px|20px|20px&#8221;]<strong><span class=\"hps atn\">e-<\/span>Cotizador<\/strong>\u00a0<span class=\"hps\">\u00e9s<\/span> <span class=\"hps\">un paquet<\/span> <span class=\"hps\">de programari<\/span> <span class=\"hps\">desenvolupat<\/span> <span class=\"hps\">per la nostra<\/span> <span class=\"hps\">Firma<\/span> <span class=\"hps\">que cobreix<\/span> <span class=\"hps\">les<\/span> <span class=\"hps\">funcions<\/span> <span class=\"hps\">del cicle<\/span> <span class=\"hps\">inicial del<\/span> <span class=\"hps\">r\u00e8nting de<\/span> <span class=\"hps\">vehicles<\/span>:<\/p>\n<ul>\n<li>Definici\u00f3 del producte,<\/li>\n<li>Cotitzaci\u00f3 i preparaci\u00f3 de l&#8217;oferta comercial,<\/li>\n<li>Adquisici\u00f3, lliurament i activaci\u00f3 del b\u00e9.<\/li>\n<\/ul>\n<p><span class=\"hps\">Totes<\/span> <span class=\"hps\">les<\/span> <span class=\"hps\">funcions<\/span> <span class=\"hps\">estan<\/span> <span class=\"hps\">disponibles<\/span> <span class=\"hps\">en un entorn<\/span> <span class=\"hps\">de navegador<\/span> <span class=\"hps\">web<\/span>, <span class=\"hps\">i<\/span> <span class=\"hps\">s&#8217;executen<\/span> <span class=\"hps\">en temps<\/span> <span class=\"hps\">real<\/span>. <span class=\"hps\">Inclou<\/span> <span class=\"hps\">la\u00a0<\/span><span class=\"hps\">compra<\/span>, <span class=\"hps\">l&#8217;aprovisionament<\/span> <span class=\"hps\">i<\/span> <span class=\"hps\">la<\/span> <span class=\"hps\">gesti\u00f3<\/span> <span class=\"hps\">del lliurament al<\/span> <span class=\"hps\">client<\/span> <span class=\"hps\">dels<\/span> <span class=\"hps\">b\u00e9ns<\/span> <span class=\"hps\">i<\/span> <span class=\"hps\">serveis<\/span> <span class=\"hps\">contractats.<\/span><br \/>\n[\/et_pb_text][\/et_pb_column][et_pb_column type=&#8221;1_2&#8243; _builder_version=&#8221;3.0.47&#8243; parallax=&#8221;off&#8221; parallax_method=&#8221;on&#8221;][et_pb_image src=&#8221;https:\/\/www.betterconsultants.es\/ca\/wp-content\/uploads\/2018\/01\/grupo-autos.jpg&#8221; align=&#8221;center&#8221; force_fullwidth=&#8221;on&#8221; admin_label=&#8221;Imagen&#8221; _builder_version=&#8221;3.19.9&#8243; animation_style=&#8221;zoom&#8221; use_border_color=&#8221;off&#8221; animation_intensity_zoom=&#8221;2%&#8221;][\/et_pb_image][et_pb_divider show_divider=&#8221;off&#8221; height=&#8221;51px&#8221; _builder_version=&#8221;3.2&#8243;][\/et_pb_divider][\/et_pb_column][\/et_pb_row][et_pb_row _builder_version=&#8221;3.0.48&#8243; background_size=&#8221;initial&#8221; background_position=&#8221;top_left&#8221; background_repeat=&#8221;repeat&#8221;][et_pb_column type=&#8221;1_2&#8243; _builder_version=&#8221;3.0.47&#8243; parallax=&#8221;off&#8221; parallax_method=&#8221;on&#8221;][et_pb_image src=&#8221;https:\/\/www.betterconsultants.es\/ca\/wp-content\/uploads\/2018\/01\/ServicioAuto.jpg&#8221; align=&#8221;center&#8221; force_fullwidth=&#8221;on&#8221; admin_label=&#8221;Imagen&#8221; _builder_version=&#8221;3.19.9&#8243; animation_style=&#8221;zoom&#8221; use_border_color=&#8221;off&#8221; animation_intensity_zoom=&#8221;2%&#8221;][\/et_pb_image][et_pb_text admin_label=&#8221;Texto&#8221; _builder_version=&#8221;3.0.106&#8243; background_size=&#8221;initial&#8221; background_position=&#8221;top_left&#8221; background_repeat=&#8221;repeat&#8221; text_orientation=&#8221;justified&#8221; use_border_color=&#8221;off&#8221;]<\/p>\n<p style=\"text-align: left;\"><a href=\"https:\/\/www.betterconsultants.es\/ca\/wp-content\/uploads\/2016\/10\/e-cotizador-Data-Sheet.pdf\" target=\"_blank\" rel=\"noopener\">e-cotizador-data-sheet<\/a><\/p>\n<p>[\/et_pb_text][\/et_pb_column][et_pb_column type=&#8221;1_2&#8243; _builder_version=&#8221;3.0.47&#8243; parallax=&#8221;off&#8221; parallax_method=&#8221;on&#8221;][et_pb_text _builder_version=&#8221;3.0.106&#8243; custom_padding=&#8221;20px|20px|20px|20px&#8221;]Homogene\u00eftza i unifica l&#8217;eina per a la cotitzaci\u00f3 de b\u00e9ns i serveis de r\u00e8nting.<\/p>\n<p>Tots els canals disposen de la mateixa plataforma de programari, amb diferents perfils d&#8217;usuari<\/p>\n<p>Facilita la gesti\u00f3 i seguiment comercial de les ofertes (configuraci\u00f3 del b\u00e9, cotitzaci\u00f3 dels productes i serveis, elaboraci\u00f3 i seguiment de les ofertes fins a la contractaci\u00f3).<\/p>\n<p>Enlla\u00e7a amb el sistema d&#8217;administraci\u00f3 del Renting propi de cada entitat, sense realitzar costoses adaptacions.<br \/>\n[\/et_pb_text][\/et_pb_column][\/et_pb_row][\/et_pb_section]<\/p>\n","protected":false},"excerpt":{"rendered":"<p>[et_pb_section bb_built=&#8221;1&#8243; admin_label=&#8221;section&#8221; custom_padding_last_edited=&#8221;off|desktop&#8221; _builder_version=&#8221;3.0.105&#8243; background_image=&#8221;https:\/\/www.betterconsultants.es\/ca\/wp-content\/uploads\/2018\/01\/nuevoauto2.jpg&#8221; next_background_color=&#8221;#000000&#8243;][et&#8230;<\/p>\n","protected":false},"author":1,"featured_media":9166,"parent":0,"menu_order":0,"comment_status":"closed","ping_status":"closed","template":"","meta":{"_et_pb_use_builder":"on","_et_pb_old_content":"<p>e-Cotizador (<a href=\"http:\/\/www.e-cotizador.es\/\" target=\"_blank\">http:\/\/www.e-cotizador.es<\/a>) es un paquete de software desarrollado por nuestra Firma que cubre las funciones del ciclo inicial del renting de veh\u00edculos:<\/p><ul><li>Definici\u00f3n del producto,<\/li><li>Cotizaci\u00f3n y preparaci\u00f3n de la oferta comercial,<\/li><li>Adquisici\u00f3n, entrega y activaci\u00f3n del bien.<\/li><\/ul><p>\u00a0<\/p><p>Todas las funciones est\u00e1n disponibles en un entorno de navegador web, y se ejecutan en tiempo real. Incluye la compra, el aprovisionamiento y la gesti\u00f3n de la entrega al cliente de los bienes y servicios contratados.<\/p><ul><li>Homogeneiza y unifica la herramienta para la cotizaci\u00f3n de bienes y servicios de renting.<\/li><li>Todos los canales disponen de la misma plataforma de software, con distintos perfiles de usuario<\/li><li>Facilita la gesti\u00f3n y seguimiento comercial de las ofertas (configuraci\u00f3n del bien, cotizaci\u00f3n de los productos y servicios, elaboraci\u00f3n y seguimiento de las ofertas hasta la contrataci\u00f3n).<\/li><li>Enlaza con el sistema de administraci\u00f3n del Renting propio de cada Entidad, sin realizar costosas adaptaciones<\/li><\/ul><p>\u00a0<\/p><p><a href=\"http:\/\/betterconsultants.es\/wordpress\/wp-content\/uploads\/2016\/10\/e-cotizador-Data-Sheet.pdf\">e-cotizador-data-sheet<\/a><\/p>","_et_gb_content_width":"","footnotes":""},"class_list":["post-530","page","type-page","status-publish","has-post-thumbnail","hentry"],"_links":{"self":[{"href":"https:\/\/www.betterconsultants.es\/ca\/wp-json\/wp\/v2\/pages\/530","targetHints":{"allow":["GET"]}}],"collection":[{"href":"https:\/\/www.betterconsultants.es\/ca\/wp-json\/wp\/v2\/pages"}],"about":[{"href":"https:\/\/www.betterconsultants.es\/ca\/wp-json\/wp\/v2\/types\/page"}],"author":[{"embeddable":true,"href":"https:\/\/www.betterconsultants.es\/ca\/wp-json\/wp\/v2\/users\/1"}],"replies":[{"embeddable":true,"href":"https:\/\/www.betterconsultants.es\/ca\/wp-json\/wp\/v2\/comments?post=530"}],"version-history":[{"count":73,"href":"https:\/\/www.betterconsultants.es\/ca\/wp-json\/wp\/v2\/pages\/530\/revisions"}],"predecessor-version":[{"id":16782,"href":"https:\/\/www.betterconsultants.es\/ca\/wp-json\/wp\/v2\/pages\/530\/revisions\/16782"}],"wp:featuredmedia":[{"embeddable":true,"href":"https:\/\/www.betterconsultants.es\/ca\/wp-json\/wp\/v2\/media\/9166"}],"wp:attachment":[{"href":"https:\/\/www.betterconsultants.es\/ca\/wp-json\/wp\/v2\/media?parent=530"}],"curies":[{"name":"wp","href":"https:\/\/api.w.org\/{rel}","templated":true}]}}