{"id":538,"date":"2016-10-16T17:23:08","date_gmt":"2016-10-16T15:23:08","guid":{"rendered":"http:\/\/betterconsultants.es\/wordpress\/?page_id=538"},"modified":"2019-02-25T16:18:43","modified_gmt":"2019-02-25T15:18:43","slug":"autoselect-motor-seleccion-vehiculos-decision-cloud","status":"publish","type":"page","link":"https:\/\/www.betterconsultants.es\/ca\/autoselect-motor-seleccion-vehiculos-decision-cloud\/","title":{"rendered":"AutoSelect++: Motor de decisi\u00f3 per a la selecci\u00f3 de vehicles"},"content":{"rendered":"<p>[et_pb_section fb_built=&#8221;1&#8243; custom_padding_last_edited=&#8221;off|desktop&#8221; admin_label=&#8221;section&#8221; _builder_version=&#8221;3.19.9&#8243; background_image=&#8221;https:\/\/www.betterconsultants.es\/ca\/wp-content\/uploads\/2018\/01\/SeleccionCoche3.jpg&#8221; animation_style=&#8221;zoom&#8221; animation_intensity_zoom=&#8221;2%&#8221;][et_pb_row custom_padding=&#8221;230px|0px|230px|0px&#8221; custom_padding_tablet=&#8221;140px|0px|140px|0px&#8221; custom_padding_phone=&#8221;80px|0px|80px|0px&#8221; custom_padding_last_edited=&#8221;on|phone&#8221; _builder_version=&#8221;3.0.105&#8243;][et_pb_column type=&#8221;4_4&#8243; _builder_version=&#8221;3.0.47&#8243;][\/et_pb_column][\/et_pb_row][\/et_pb_section][et_pb_section fb_built=&#8221;1&#8243; _builder_version=&#8221;3.0.47&#8243;][et_pb_row custom_padding=&#8221;90px|0px|30px|0px&#8221; _builder_version=&#8221;3.0.105&#8243;][et_pb_column type=&#8221;1_2&#8243; _builder_version=&#8221;3.0.47&#8243;][et_pb_text _builder_version=&#8221;3.0.105&#8243; text_font=&#8221;|300|||||||&#8221; header_text_color=&#8221;#000000&#8243; header_font_size_tablet=&#8221;32px&#8221; header_font_size_phone=&#8221;28px&#8221; header_font_size_last_edited=&#8221;on|desktop&#8221; header_4_text_color=&#8221;#ffffff&#8221; background_color=&#8221;#ffffff&#8221; box_shadow_style=&#8221;preset1&#8243; background_layout=&#8221;dark&#8221; custom_margin=&#8221;-180px|||&#8221; custom_margin_last_edited=&#8221;on|desktop&#8221; custom_padding=&#8221;30px|30px|30px|30px&#8221; custom_padding_tablet=&#8221;80px|30px|43px|30px&#8221; custom_padding_last_edited=&#8221;on|desktop&#8221; animation_style=&#8221;slide&#8221; animation_direction=&#8221;left&#8221; animation_duration=&#8221;500ms&#8221; animation_intensity_slide=&#8221;30%&#8221; animation_starting_opacity=&#8221;20%&#8221;]<\/p>\n<h1><\/h1>\n<h1>AutoSelect++: Motor de decisi\u00f3 per a la selecci\u00f3 de vehicles<\/h1>\n<p>[\/et_pb_text][\/et_pb_column][et_pb_column type=&#8221;1_2&#8243; _builder_version=&#8221;3.0.47&#8243;][\/et_pb_column][\/et_pb_row][\/et_pb_section][et_pb_section fb_built=&#8221;1&#8243; admin_label=&#8221;section&#8221; _builder_version=&#8221;3.0.95&#8243;][et_pb_row custom_padding=&#8221;0px|0px|27px|0px&#8221; _builder_version=&#8221;3.0.105&#8243;][et_pb_column type=&#8221;4_4&#8243; _builder_version=&#8221;3.0.47&#8243;][et_pb_text _builder_version=&#8221;3.0.106&#8243;]<\/p>\n<h4>AutoSelect++ \u00e9s la proposta de Better Consultants per millorar la interacci\u00f3 amb el client tant en el moment de la renovaci\u00f3 del vehicle com en el proc\u00e9s inicial de selecci\u00f3.<\/h4>\n<h4>\u00c9s una valuosa eina comercial per a la retenci\u00f3 i captaci\u00f3 de clients, que agilitza notablement el proc\u00e9s de selecci\u00f3 de vehicle.<\/h4>\n<p>[\/et_pb_text][\/et_pb_column][\/et_pb_row][et_pb_row _builder_version=&#8221;3.0.47&#8243; background_size=&#8221;initial&#8221; background_position=&#8221;top_left&#8221; background_repeat=&#8221;repeat&#8221;][et_pb_column type=&#8221;1_2&#8243; _builder_version=&#8221;3.0.47&#8243;][et_pb_text _builder_version=&#8221;3.0.106&#8243; custom_padding=&#8221;20px|20px|20px|20px&#8221;]L&#8217;elecci\u00f3 d&#8217;un vehicle d&#8217;empresa, sigui per a \u00fas comercial, industrial, de representaci\u00f3 o particular, s&#8217;est\u00e0 convertint cada vegada m\u00e9s en una decisi\u00f3 l\u00f2gica i racional en qu\u00e8 els aspectes merament objectius guanyen terreny davant de qualsevol altre tipus de consideraci\u00f3.<\/p>\n<p>AutoSelect++ \u00e9s l&#8217;\u00fanica eina del mercat que, despr\u00e9s de posar en la balan\u00e7a criteris contraposats i que entren en conflicte quan es selecciona un vehicle, els compensa i troba el model que millor s&#8217;ajusta a les prefer\u00e8ncies del client.<br \/>\n[\/et_pb_text][\/et_pb_column][et_pb_column type=&#8221;1_2&#8243; _builder_version=&#8221;3.0.47&#8243;][et_pb_divider show_divider=&#8221;off&#8221; height=&#8221;51px&#8221; _builder_version=&#8221;3.2&#8243;][\/et_pb_divider][et_pb_image src=&#8221;https:\/\/www.betterconsultants.es\/ca\/wp-content\/uploads\/2016\/10\/AutoSelect-renting.jpg&#8221; align=&#8221;center&#8221; force_fullwidth=&#8221;on&#8221; admin_label=&#8221;Imagen&#8221; _builder_version=&#8221;3.19.9&#8243; animation_style=&#8221;zoom&#8221; animation_intensity_zoom=&#8221;2%&#8221; use_border_color=&#8221;off&#8221;][\/et_pb_image][\/et_pb_column][\/et_pb_row][et_pb_row _builder_version=&#8221;3.0.47&#8243; background_size=&#8221;initial&#8221; background_position=&#8221;top_left&#8221; background_repeat=&#8221;repeat&#8221;][et_pb_column type=&#8221;1_2&#8243; _builder_version=&#8221;3.0.47&#8243;][et_pb_image src=&#8221;https:\/\/www.betterconsultants.es\/ca\/wp-content\/uploads\/2018\/01\/selector.jpg&#8221; force_fullwidth=&#8221;on&#8221; _builder_version=&#8221;3.19.9&#8243; animation_style=&#8221;zoom&#8221; animation_intensity_zoom=&#8221;2%&#8221;][\/et_pb_image][\/et_pb_column][et_pb_column type=&#8221;1_2&#8243; _builder_version=&#8221;3.0.47&#8243;][et_pb_text _builder_version=&#8221;3.0.106&#8243; custom_padding=&#8221;20px|20px|20px|20px&#8221;]Per exemple, quan busquem un vehicle de grans dimensions i alta pot\u00e8ncia, dif\u00edcilment podrem tamb\u00e9 exigir que sigui lleuger, de baix consum i de baixes emissions de CO2. A m\u00e9s, quan combinem amb les variables anteriors aspectes econ\u00f2mics com el preu o la quota de r\u00e8nting, el proc\u00e9s de decisi\u00f3 es converteix en tota una batalla entre criteris que entren en conflicte entre ells.<\/p>\n<p>AutoSelect++ proposa un model basat en un Motor de Decisi\u00f3, en el qual es defineix el pes relatiu de cada criteri de decisi\u00f3 respecte al conjunt, compensant segons el nivell d&#8217;import\u00e0ncia de cada criteri. El resultat \u00e9s que sempre hi ha un \u00f2ptim que millor compleix el conjunt de criteris exigits, encara que per a aix\u00f2 hagi de renunciar a alguns d&#8217;ells.<\/p>\n<p>En definitiva, AutoSelect++ reprodueix en gran mesura la forma en qu\u00e8 pensem els humans, reajustant criteris de decisi\u00f3 objectius i aportant una gran pot\u00e8ncia de proc\u00e9s en la presa de decisions.<br \/>\n[\/et_pb_text][\/et_pb_column][\/et_pb_row][et_pb_row _builder_version=&#8221;3.0.47&#8243; background_size=&#8221;initial&#8221; background_position=&#8221;top_left&#8221; background_repeat=&#8221;repeat&#8221;][et_pb_column type=&#8221;1_2&#8243; _builder_version=&#8221;3.0.47&#8243;][et_pb_text _builder_version=&#8221;3.0.95&#8243; custom_padding=&#8221;20px|20px|20px|20px&#8221;]&nbsp;<\/p>\n<p>AutoSelect++ utilitza el motor de decisions de AuguriCorp, contrastat a nivell mundial en grans organitzacions com Boeing, l&#8217;Administraci\u00f3 dels EUA, el Departament de Defensa, les Nacions Unides o el Banc Mundial.<\/p>\n<p>El producte \u00e9s totalment configurable, de manera que els criteris s&#8217;ajusten a mida de l&#8217;usuari, segons de la informaci\u00f3 disponible en bases de dades de vehicles.<br \/>\n[\/et_pb_text][et_pb_image src=&#8221;https:\/\/www.betterconsultants.es\/ca\/wp-content\/uploads\/2018\/01\/car-seleccion-5.png&#8221; align=&#8221;center&#8221; force_fullwidth=&#8221;on&#8221; admin_label=&#8221;Imagen&#8221; _builder_version=&#8221;3.19.9&#8243; animation_style=&#8221;zoom&#8221; animation_intensity_zoom=&#8221;2%&#8221; use_border_color=&#8221;off&#8221;][\/et_pb_image][\/et_pb_column][et_pb_column type=&#8221;1_2&#8243; _builder_version=&#8221;3.0.47&#8243;][et_pb_image src=&#8221;https:\/\/www.betterconsultants.es\/ca\/wp-content\/uploads\/2018\/01\/Pareto.jpg&#8221; force_fullwidth=&#8221;on&#8221; _builder_version=&#8221;3.19.9&#8243; animation_style=&#8221;zoom&#8221; animation_intensity_zoom=&#8221;2%&#8221;][\/et_pb_image][et_pb_text admin_label=&#8221;Texto&#8221; _builder_version=&#8221;3.19.17&#8243; background_size=&#8221;initial&#8221; background_position=&#8221;top_left&#8221; background_repeat=&#8221;repeat&#8221; text_orientation=&#8221;justified&#8221; use_border_color=&#8221;off&#8221;]<\/p>\n<p style=\"text-align: left;\"><span style=\"font-size: 16px;\"><\/span><\/p>\n<p style=\"text-align: left;\"><span style=\"font-size: 16px;\"><\/span><a href=\"https:\/\/www.betterconsultants.es\/ca\/wp-content\/uploads\/2018\/12\/DataSheetAutoSelect-1.pdf\" target=\"_blank\" rel=\"noopener noreferrer\"><strong>Datasheet AutoSelect++<\/strong><\/a><\/p>\n<p style=\"text-align: left;\"><span style=\"font-size: 16px;\">Per obtenir m\u00e9s informaci\u00f3, contacteu amb nosaltres a l&#8217;email\u00a0<\/span><span style=\"font-size: 16px; color: #0000ff;\"><a style=\"color: #0000ff;\" href=\"mailto:miguel.lluch@betterconsultants.es\">miguel.lluch@betterconsultants.es<\/a><\/span><\/p>\n<p>[\/et_pb_text][\/et_pb_column][\/et_pb_row][\/et_pb_section]<\/p>\n","protected":false},"excerpt":{"rendered":"<p>AutoSelect++: Motor de decisi\u00f3 per a la selecci\u00f3 de vehicles AutoSelect++ \u00e9s la proposta de Better Consultants per millorar la interacci\u00f3 amb el client tant en el moment de la renovaci\u00f3 del vehicle com en el proc\u00e9s inicial de selecci\u00f3. \u00c9s una valuosa eina comercial per a la retenci\u00f3 i captaci\u00f3 de clients, que agilitza [&hellip;]<\/p>\n","protected":false},"author":1,"featured_media":9180,"parent":0,"menu_order":0,"comment_status":"closed","ping_status":"closed","template":"","meta":{"_et_pb_use_builder":"on","_et_pb_old_content":"<p>AutoSelect++ es la propuesta de Better Consultants para mejorar la interacci\u00f3n con el cliente tanto en el momento de la renovaci\u00f3n del veh\u00edculo como en el proceso inicial de selecci\u00f3n. Es una valiosa herramienta comercial para la retenci\u00f3n y captaci\u00f3n de clientes, que agiliza notablemente el proceso de selecci\u00f3n de veh\u00edculo.<\/p><p>La elecci\u00f3n de un veh\u00edculo de empresa, sea para uso comercial, industrial, de representaci\u00f3n o particular, se est\u00e1 convirtiendo cada vez m\u00e1s en una decisi\u00f3n l\u00f3gica y racional en la que los aspectos meramente objetivos ganan terreno frente a cualquier otro tipo de consideraci\u00f3n.<\/p><p>AutoSelect++ es la \u00fanica herramienta del mercado que, tras poner en la balanza criterios contrapuestos y que entran en conflicto cuando se elige un veh\u00edculo, los compensa y\u00a0 encuentra el modelo que mejor se ajusta a las preferencias del cliente.<\/p><p>Por ejemplo, cuando buscamos un veh\u00edculo de tama\u00f1o grande y alta potencia, dif\u00edcilmente podremos tambi\u00e9n exigir que sea ligero, de bajo consumo y de bajas emisiones de CO2. Adem\u00e1s, cuando combinamos con los aspectos anteriores aspectos econ\u00f3micos como el precio o la cuota de renting, el proceso de decisi\u00f3n se convierte en una batalla entre criterios que entran en conflicto unos con otros.<\/p><p>AutoSelect++ propone un modelo basado en un Motor de Decisi\u00f3n, en el que se define el peso relativo de cada criterio de decisi\u00f3n respecto al conjunto, compens\u00e1ndolos seg\u00fan el nivel de importancia de cada criterio. El resultado es que siempre existe un \u00f3ptimo que mejor cumple el conjunto de criterios exigidos, aunque para ello se deba renunciar a algunos de ellos.<\/p><p>En definitiva, AutoSelect++ reproduce en gran medida la forma en que pensamos los humanos, reajustando criterios de decisi\u00f3n objetivos y aportando una gran potencia de proceso en la toma de decisiones.<\/p><p>AutoSelect++ utiliza el motor de decisiones de AuguriCorp, contrastado a nivel mundial en grandes organizaciones como Boeing, la Administraci\u00f3n de EEUU, el Departamento de Defensa, las Naciones Unidas o el Banco Mundial.<\/p><p>El producto es totalmente configurable, de forma que los criterios se ajustan a medida del usuario, seg\u00fan de la informaci\u00f3n disponible en bases de datos de veh\u00edculos.<\/p><p>Vea de demo del producto en\u00a0<a href=\"http:\/\/autoselect.betterconsultants.es\/\">http:\/\/autoselect.betterconsultants.es<\/a>\u00a0(funciona en navegadores IE10 o superior, Google, Firefox, Safari, Opera).<\/p><p>Para obtener m\u00e1s informaci\u00f3n, consulte con nosotros en el email\u00a0<a href=\"mailto:miguel.lluch@betterconsultants.es\">miguel.lluch@betterconsultants.es<\/a><\/p><p><a href=\"http:\/\/betterconsultants.es\/w16\/wp-content\/uploads\/2016\/10\/DataSheetAutoSelect.pdf\" target=\"_blank\">Data sheet<\/a><\/p>","_et_gb_content_width":"","footnotes":""},"class_list":["post-538","page","type-page","status-publish","has-post-thumbnail","hentry"],"_links":{"self":[{"href":"https:\/\/www.betterconsultants.es\/ca\/wp-json\/wp\/v2\/pages\/538","targetHints":{"allow":["GET"]}}],"collection":[{"href":"https:\/\/www.betterconsultants.es\/ca\/wp-json\/wp\/v2\/pages"}],"about":[{"href":"https:\/\/www.betterconsultants.es\/ca\/wp-json\/wp\/v2\/types\/page"}],"author":[{"embeddable":true,"href":"https:\/\/www.betterconsultants.es\/ca\/wp-json\/wp\/v2\/users\/1"}],"replies":[{"embeddable":true,"href":"https:\/\/www.betterconsultants.es\/ca\/wp-json\/wp\/v2\/comments?post=538"}],"version-history":[{"count":134,"href":"https:\/\/www.betterconsultants.es\/ca\/wp-json\/wp\/v2\/pages\/538\/revisions"}],"predecessor-version":[{"id":17157,"href":"https:\/\/www.betterconsultants.es\/ca\/wp-json\/wp\/v2\/pages\/538\/revisions\/17157"}],"wp:featuredmedia":[{"embeddable":true,"href":"https:\/\/www.betterconsultants.es\/ca\/wp-json\/wp\/v2\/media\/9180"}],"wp:attachment":[{"href":"https:\/\/www.betterconsultants.es\/ca\/wp-json\/wp\/v2\/media?parent=538"}],"curies":[{"name":"wp","href":"https:\/\/api.w.org\/{rel}","templated":true}]}}