{"id":562,"date":"2016-10-16T17:37:02","date_gmt":"2016-10-16T15:37:02","guid":{"rendered":"http:\/\/betterconsultants.es\/wordpress\/?page_id=562"},"modified":"2019-03-12T19:12:36","modified_gmt":"2019-03-12T18:12:36","slug":"publica-gestion-publicidad-alveo-ccm","status":"publish","type":"page","link":"https:\/\/www.betterconsultants.es\/ca\/publica-gestion-publicidad-alveo-ccm\/","title":{"rendered":"alveoCCM-PUBLIC@ Gesti\u00f3 de Publicitat"},"content":{"rendered":"<p>[et_pb_section fb_built=&#8221;1&#8243; custom_padding_last_edited=&#8221;off|desktop&#8221; admin_label=&#8221;section&#8221; _builder_version=&#8221;3.19.9&#8243; background_image=&#8221;https:\/\/www.betterconsultants.es\/ca\/wp-content\/uploads\/2018\/01\/campana-comercial.jpg&#8221; animation_style=&#8221;zoom&#8221; animation_intensity_zoom=&#8221;2%&#8221;][et_pb_row custom_padding=&#8221;230px|0px|230px|0px&#8221; custom_padding_tablet=&#8221;140px|0px|140px|0px&#8221; custom_padding_phone=&#8221;80px|0px|80px|0px&#8221; custom_padding_last_edited=&#8221;on|phone&#8221; _builder_version=&#8221;3.0.105&#8243;][et_pb_column type=&#8221;4_4&#8243; _builder_version=&#8221;3.0.47&#8243;][\/et_pb_column][\/et_pb_row][\/et_pb_section][et_pb_section fb_built=&#8221;1&#8243; _builder_version=&#8221;3.0.47&#8243;][et_pb_row custom_padding=&#8221;90px|0px|30px|0px&#8221; _builder_version=&#8221;3.0.105&#8243;][et_pb_column type=&#8221;1_2&#8243; _builder_version=&#8221;3.0.47&#8243;][et_pb_text _builder_version=&#8221;3.20.2&#8243; text_font=&#8221;|300|||||||&#8221; header_text_color=&#8221;#000000&#8243; header_font_size_tablet=&#8221;32px&#8221; header_font_size_phone=&#8221;28px&#8221; header_font_size_last_edited=&#8221;on|desktop&#8221; header_4_text_color=&#8221;#ffffff&#8221; background_color=&#8221;#ffffff&#8221; box_shadow_style=&#8221;preset1&#8243; background_layout=&#8221;dark&#8221; custom_margin=&#8221;-180px|||&#8221; custom_margin_last_edited=&#8221;on|desktop&#8221; custom_padding=&#8221;30px|30px|30px|30px&#8221; custom_padding_tablet=&#8221;80px|30px|43px|30px&#8221; custom_padding_last_edited=&#8221;on|desktop&#8221; animation_style=&#8221;slide&#8221; animation_direction=&#8221;left&#8221; animation_duration=&#8221;500ms&#8221; animation_intensity_slide=&#8221;30%&#8221; animation_starting_opacity=&#8221;20%&#8221;]<\/p>\n<h1><\/h1>\n<h1>alveoCCM-PUBLIC@ Gesti\u00f3 de Publicitat<\/h1>\n<p>[\/et_pb_text][\/et_pb_column][et_pb_column type=&#8221;1_2&#8243; _builder_version=&#8221;3.0.47&#8243;][\/et_pb_column][\/et_pb_row][\/et_pb_section][et_pb_section fb_built=&#8221;1&#8243; admin_label=&#8221;section&#8221; _builder_version=&#8221;3.0.47&#8243; custom_padding=&#8221;13px|0px|47px|0px|false|false&#8221;][et_pb_row custom_padding=&#8221;0px|0px|27px|0px&#8221; _builder_version=&#8221;3.0.106&#8243;][et_pb_column type=&#8221;4_4&#8243; _builder_version=&#8221;3.0.47&#8243;][et_pb_text _builder_version=&#8221;3.0.106&#8243;]<\/p>\n<h4>Ofereix als usuaris de m\u00e0rqueting la possibilitat de definir detalladament les seves campanyes publicit\u00e0ries indicant els terminis de vig\u00e8ncia de les campanyes, grups de persones a les quals s&#8217;adrecen, canals publicitaris utilitzats i missatges publicitaris personalitzats segons cada cas.<\/h4>\n<h4>La freq\u00fc\u00e8ncia d&#8217;enviament dels missatges es determina per cada campanya, grup objectiu i canal publicitari utilitzat. La nostra soluci\u00f3 es recolza en tres conceptes b\u00e0sics:<\/h4>\n<p>[\/et_pb_text][\/et_pb_column][\/et_pb_row][et_pb_row custom_padding=&#8221;0px|0px|27px|0px&#8221; _builder_version=&#8221;3.19.9&#8243; animation_style=&#8221;zoom&#8221; animation_intensity_zoom=&#8221;2%&#8221;][et_pb_column type=&#8221;1_2&#8243; _builder_version=&#8221;3.0.47&#8243;][et_pb_text _builder_version=&#8221;3.0.106&#8243;]<\/p>\n<h5 style=\"text-align: right;\"><span style=\"color: #000080;\">Campanya publicit\u00e0ria<\/span><\/h5>\n<h5 style=\"text-align: right;\"><span style=\"color: #000080;\">Grup objectiu<\/span><\/h5>\n<h5 style=\"text-align: right;\"><span style=\"color: #000080;\">Canal publicitari<\/span><\/h5>\n<p>&nbsp;<br \/>\n[\/et_pb_text][\/et_pb_column][et_pb_column type=&#8221;1_2&#8243; _builder_version=&#8221;3.0.47&#8243;][et_pb_text _builder_version=&#8221;3.0.106&#8243;]<\/p>\n<h5 style=\"text-align: left; padding-left: 30px;\">qu\u00e8 volem comunicar?<\/h5>\n<h5 style=\"text-align: left; padding-left: 30px;\">a quin col \u00b7 lectiu?<\/h5>\n<h5 style=\"text-align: left; padding-left: 30px;\">per quina via?<\/h5>\n<p>&nbsp;<br \/>\n[\/et_pb_text][\/et_pb_column][\/et_pb_row][et_pb_row custom_padding=&#8221;42px|0px|13px|0px&#8221; _builder_version=&#8221;3.0.91&#8243;][et_pb_column type=&#8221;1_2&#8243; _builder_version=&#8221;3.0.47&#8243;][et_pb_text _builder_version=&#8221;3.20.2&#8243; custom_padding=&#8221;0px|0px|0px|0px&#8221;]<\/p>\n<h3><span style=\"color: #000080;\"><strong>Grups objectiu<\/strong><\/span><\/h3>\n<p>M\u00e0xima flexibilitat en la selecci\u00f3 de persones a les quals dirigir els missatges publicitaris:<\/p>\n<p style=\"padding-left: 30px;\">A trav\u00e9s de filtres de control associades als documents (model de formulari-producte associat, prov\u00edncia dest\u00ed, segment de client, etc.).<\/p>\n<p style=\"padding-left: 30px;\">A partir de seleccions de clients procedents de sistemes de CRM.<\/p>\n<p>[\/et_pb_text][\/et_pb_column][et_pb_column type=&#8221;1_2&#8243; _builder_version=&#8221;3.0.47&#8243;][et_pb_image src=&#8221;https:\/\/www.betterconsultants.es\/ca\/wp-content\/uploads\/2018\/03\/onceptg35.png&#8221; align=&#8221;center&#8221; force_fullwidth=&#8221;on&#8221; admin_label=&#8221;Imagen&#8221; _builder_version=&#8221;3.19.9&#8243; animation_style=&#8221;zoom&#8221; animation_intensity_zoom=&#8221;2%&#8221; use_border_color=&#8221;off&#8221;][\/et_pb_image][\/et_pb_column][\/et_pb_row][et_pb_row custom_padding=&#8221;44px|0px|58px|0px|false|false&#8221; _builder_version=&#8221;3.0.91&#8243;][et_pb_column type=&#8221;1_2&#8243; _builder_version=&#8221;3.0.47&#8243;][et_pb_image src=&#8221;https:\/\/www.betterconsultants.es\/ca\/wp-content\/uploads\/2018\/03\/email-icon-300&#215;269.jpg&#8221; align=&#8221;center&#8221; _builder_version=&#8221;3.19.9&#8243; animation_style=&#8221;zoom&#8221; animation_intensity_zoom=&#8221;2%&#8221;][\/et_pb_image][\/et_pb_column][et_pb_column type=&#8221;1_2&#8243; _builder_version=&#8221;3.0.47&#8243;][et_pb_text _builder_version=&#8221;3.20.2&#8243; custom_padding=&#8221;20px|20px|20px|20px&#8221;]<\/p>\n<h3><span style=\"color: #000080;\"><strong>Suports de comunicaci\u00f3<\/strong><\/span><\/h3>\n<p>Utilitzaci\u00f3 de diversos mitjans per comunicar amb els clients objectiu:<\/p>\n<p style=\"padding-left: 30px;\">P\u00e0gines de presentaci\u00f3 en la correspond\u00e8ncia operativa en paper.<\/p>\n<p style=\"padding-left: 30px;\">Mailings personalitzats i encartaments inserits en els trens d&#8217;acabat.<\/p>\n<p style=\"padding-left: 30px;\">Inclusi\u00f3 din\u00e0mica de missatges en buits lliures de anversos i reversos.<\/p>\n<p>[\/et_pb_text][\/et_pb_column][\/et_pb_row][et_pb_row custom_padding=&#8221;0|0px|13px|0px&#8221; _builder_version=&#8221;3.0.106&#8243;][et_pb_column type=&#8221;1_2&#8243; _builder_version=&#8221;3.0.47&#8243;][et_pb_text _builder_version=&#8221;3.20.2&#8243; custom_padding=&#8221;0px|0px|0px|0px&#8221;]<\/p>\n<h3>\u00a0<span style=\"color: #000080;\"><strong>Gesti\u00f3 de campanyes<\/strong><\/span><\/h3>\n<p>Ajuts online per a l&#8217;administraci\u00f3 de les diferents campanyes publicit\u00e0ries:<\/p>\n<p style=\"padding-left: 30px;\">Control autom\u00e0tic del termini de vig\u00e8ncia de les campanyes i la freq\u00fc\u00e8ncia d&#8217;enviaments.<\/p>\n<p style=\"padding-left: 30px;\">Gesti\u00f3 de prioritats. Resoluci\u00f3 de concurr\u00e8ncies entre campanyes diferents.<\/p>\n<p style=\"padding-left: 30px;\">Rastres de clients contactats \/ no contactats. Control de &#8220;Robinsons&#8221;.<\/p>\n<p>[\/et_pb_text][\/et_pb_column][et_pb_column type=&#8221;1_2&#8243; _builder_version=&#8221;3.0.47&#8243;][et_pb_image src=&#8221;https:\/\/www.betterconsultants.es\/ca\/wp-content\/uploads\/2019\/03\/Campaigmgr07653.jpg&#8221; _builder_version=&#8221;3.20.2&#8243; animation_style=&#8221;zoom&#8221; animation_intensity_zoom=&#8221;2%&#8221;][\/et_pb_image][\/et_pb_column][\/et_pb_row][\/et_pb_section]<\/p>\n","protected":false},"excerpt":{"rendered":"<p>[et_pb_section bb_built=&#8221;1&#8243; admin_label=&#8221;section&#8221; custom_padding_last_edited=&#8221;off|desktop&#8221; _builder_version=&#8221;3.0.106&#8243; background_image=&#8221;https:\/\/www.betterconsultants.es\/ca\/wp-content\/uploads\/2018\/01\/campana-comercial.jpg&#8221; next_background_color=&#8221;#0000&#8230;<\/p>\n","protected":false},"author":1,"featured_media":8422,"parent":0,"menu_order":0,"comment_status":"closed","ping_status":"closed","template":"","meta":{"_et_pb_use_builder":"on","_et_pb_old_content":"<p><strong>Public@<\/strong> permite dirigirse a cada cliente de manera personalizada y obtener el m\u00e1ximo rendimiento de la publicidad. Nuestra soluci\u00f3n se apoya en tres conceptos b\u00e1sicos:<\/p><ul><li>Campa\u00f1a publicitaria: <em>\u00bfqu\u00e9 queremos comunicar?<\/em><\/li><li>Grupo objetivo: <em>\u00bfa qu\u00e9 colectivo?<\/em><\/li><li>Canal publicitario <em>\u00bfpor qu\u00e9 v\u00eda?<\/em><\/li><\/ul><p>Se ofrece a los usuarios de marketing la posibilidad de definir detalladamente sus campa\u00f1as publicitarias indicando los plazos de vigencia de las campa\u00f1as, grupos de personas a las que se dirigen, canales publicitarios utilizados y mensajes publicitarios personalizados seg\u00fan cada caso. La frecuencia de env\u00edo de los mensajes se determina por cada campa\u00f1a, grupo objetivo y canal publicitario utilizado.<\/p><p><strong>Grupos objetivo<\/strong><\/p><p>M\u00e1xima flexibilidad en la selecci\u00f3n de personas a las que dirigir los mensajes publicitarios:<\/p><ul><li>A trav\u00e9s de filtros de control asociados a los documentos (modelo de formulario-producto asociado, provincia destino, segmento de cliente, etc.).<\/li><li>A partir de selecciones de clientes procedentes de sistemas de CRM.<\/li><\/ul><p><strong>Soportes de comunicaci\u00f3n<\/strong><\/p><p>Utilizaci\u00f3n de diversos medios para comunicar con los clientes objetivo:<\/p><ul><li>P\u00e1ginas de presentaci\u00f3n en la correspondencia operativa en papel.<\/li><li>Mailings personalizados y encartes insertados en los trenes de acabado.<\/li><li>Inclusi\u00f3n din\u00e1mica de mensajes en huecos libres de anversos y reversos.<\/li><\/ul><p><strong>Gesti\u00f3n de campa\u00f1as<\/strong><\/p><p>Ayudas on-line para la administraci\u00f3n de las diferentes campa\u00f1as publicitarias:<\/p><ul><li>Control autom\u00e1tico del plazo de vigencia de las campa\u00f1as y la frecuencia de env\u00edos.<\/li><li>Gesti\u00f3n de prioridades. Resoluci\u00f3n de concurrencias entre campa\u00f1as diferentes.<\/li><li>Rastros de clientes contactados \/ no contactados. Control de \u201cRobinsones\u201d<\/li><\/ul><p><a href=\"http:\/\/betterconsultants.es\/wordpress\/wp-content\/uploads\/2016\/10\/Plataforma-alveo-Resumen.pdf\">plataforma-alveo-resumen<\/a><\/p>","_et_gb_content_width":"","footnotes":""},"class_list":["post-562","page","type-page","status-publish","has-post-thumbnail","hentry"],"_links":{"self":[{"href":"https:\/\/www.betterconsultants.es\/ca\/wp-json\/wp\/v2\/pages\/562","targetHints":{"allow":["GET"]}}],"collection":[{"href":"https:\/\/www.betterconsultants.es\/ca\/wp-json\/wp\/v2\/pages"}],"about":[{"href":"https:\/\/www.betterconsultants.es\/ca\/wp-json\/wp\/v2\/types\/page"}],"author":[{"embeddable":true,"href":"https:\/\/www.betterconsultants.es\/ca\/wp-json\/wp\/v2\/users\/1"}],"replies":[{"embeddable":true,"href":"https:\/\/www.betterconsultants.es\/ca\/wp-json\/wp\/v2\/comments?post=562"}],"version-history":[{"count":122,"href":"https:\/\/www.betterconsultants.es\/ca\/wp-json\/wp\/v2\/pages\/562\/revisions"}],"predecessor-version":[{"id":17345,"href":"https:\/\/www.betterconsultants.es\/ca\/wp-json\/wp\/v2\/pages\/562\/revisions\/17345"}],"wp:featuredmedia":[{"embeddable":true,"href":"https:\/\/www.betterconsultants.es\/ca\/wp-json\/wp\/v2\/media\/8422"}],"wp:attachment":[{"href":"https:\/\/www.betterconsultants.es\/ca\/wp-json\/wp\/v2\/media?parent=562"}],"curies":[{"name":"wp","href":"https:\/\/api.w.org\/{rel}","templated":true}]}}