{"id":567,"date":"2016-10-16T17:41:37","date_gmt":"2016-10-16T15:41:37","guid":{"rendered":"http:\/\/betterconsultants.es\/wordpress\/?page_id=567"},"modified":"2019-03-15T13:00:30","modified_gmt":"2019-03-15T12:00:30","slug":"doma-multi-idioma-alveo-ccm","status":"publish","type":"page","link":"https:\/\/www.betterconsultants.es\/ca\/doma-multi-idioma-alveo-ccm\/","title":{"rendered":"alveoCCM-DOMA Gesti\u00f3 Multi-idioma"},"content":{"rendered":"<p>[et_pb_section fb_built=&#8221;1&#8243; custom_padding_last_edited=&#8221;off|desktop&#8221; admin_label=&#8221;section&#8221; _builder_version=&#8221;3.19.9&#8243; background_image=&#8221;https:\/\/www.betterconsultants.es\/ca\/wp-content\/uploads\/2018\/01\/multilang7.jpg&#8221; animation_style=&#8221;zoom&#8221; animation_intensity_zoom=&#8221;2%&#8221;][et_pb_row custom_padding=&#8221;230px|0px|230px|0px&#8221; custom_padding_tablet=&#8221;140px|0px|140px|0px&#8221; custom_padding_phone=&#8221;80px|0px|80px|0px&#8221; custom_padding_last_edited=&#8221;on|phone&#8221; _builder_version=&#8221;3.0.105&#8243;][et_pb_column type=&#8221;4_4&#8243; _builder_version=&#8221;3.0.47&#8243;][\/et_pb_column][\/et_pb_row][\/et_pb_section][et_pb_section fb_built=&#8221;1&#8243; _builder_version=&#8221;3.0.47&#8243;][et_pb_row custom_padding=&#8221;90px|0px|30px|0px&#8221; _builder_version=&#8221;3.0.105&#8243;][et_pb_column type=&#8221;1_2&#8243; _builder_version=&#8221;3.0.47&#8243;][et_pb_text _builder_version=&#8221;3.20.2&#8243; text_font=&#8221;|300|||||||&#8221; header_text_color=&#8221;#000000&#8243; header_font_size_tablet=&#8221;32px&#8221; header_font_size_phone=&#8221;28px&#8221; header_font_size_last_edited=&#8221;on|desktop&#8221; header_4_text_color=&#8221;#ffffff&#8221; background_color=&#8221;#ffffff&#8221; box_shadow_style=&#8221;preset1&#8243; background_layout=&#8221;dark&#8221; custom_margin=&#8221;-180px|||&#8221; custom_margin_last_edited=&#8221;on|desktop&#8221; custom_padding=&#8221;30px|30px|30px|30px&#8221; custom_padding_tablet=&#8221;80px|30px|43px|30px&#8221; custom_padding_last_edited=&#8221;on|desktop&#8221; animation_style=&#8221;slide&#8221; animation_direction=&#8221;left&#8221; animation_duration=&#8221;500ms&#8221; animation_intensity_slide=&#8221;30%&#8221; animation_starting_opacity=&#8221;20%&#8221;]<\/p>\n<h1><\/h1>\n<h1>alveoCCM-DOMA Gesti\u00f3 Multi-idioma<\/h1>\n<p>[\/et_pb_text][\/et_pb_column][et_pb_column type=&#8221;1_2&#8243; _builder_version=&#8221;3.0.47&#8243;][\/et_pb_column][\/et_pb_row][\/et_pb_section][et_pb_section fb_built=&#8221;1&#8243; admin_label=&#8221;section&#8221; _builder_version=&#8221;3.0.47&#8243;][et_pb_row custom_padding=&#8221;0px|0px|27px|0px&#8221; _builder_version=&#8221;3.0.105&#8243;][et_pb_column type=&#8221;4_4&#8243; _builder_version=&#8221;3.0.47&#8243;][et_pb_text _builder_version=&#8221;3.19&#8243;]<\/p>\n<h4>La comunicaci\u00f3 amb els clients en diferents idiomes es resol de forma global i centralitzada amb aquest sistema. alveoCCM-DOMA permet la gesti\u00f3 de multi-idioma en els diferents canals de comunicaci\u00f3 (correspond\u00e8ncia, banca a dist\u00e0ncia, documents d&#8217;oficines, etc.)<\/h4>\n<h4>Solucionar amb la m\u00e0xima efici\u00e8ncia el multiling\u00fcisme, en totes les vies de comunicaci\u00f3 amb clients.<\/h4>\n<p>[\/et_pb_text][\/et_pb_column][\/et_pb_row][et_pb_row custom_padding=&#8221;35px|0px|13px|0px&#8221; _builder_version=&#8221;3.0.91&#8243;][et_pb_column type=&#8221;1_2&#8243; _builder_version=&#8221;3.0.47&#8243;][et_pb_text admin_label=&#8221;Texto&#8221; _builder_version=&#8221;3.20.2&#8243; background_size=&#8221;initial&#8221; background_position=&#8221;top_left&#8221; background_repeat=&#8221;repeat&#8221; text_orientation=&#8221;justified&#8221; use_border_color=&#8221;off&#8221;]<\/p>\n<h3 style=\"text-align: left;\">Funcions<\/h3>\n<p style=\"text-align: left;\"><span style=\"font-size: 16px;\">La soluci\u00f3 multiidioma alveoCCM-DOMA es basa en els seg\u00fcents conceptes:\u00a0<\/span><\/p>\n<p style=\"padding-left: 30px; text-align: left;\">Un <em><strong>diccionari o repositori central de textos<\/strong><\/em>, ubicat a l&#8217;ordinador principal en el servidor, que serveix de nucli com\u00fa per gestionar els textos i conceptes en diversos idiomes.<\/p>\n<p style=\"padding-left: 30px; text-align: left;\">Un <em><strong>conjunt d&#8217;interf\u00edcies amb els sistemes transaccionals<\/strong><\/em>, per facilitar el tractament d&#8217;informaci\u00f3 en diversos idiomes i a trav\u00e9s de diversos canals d&#8217;interacci\u00f3 amb el client.<\/p>\n<p style=\"padding-left: 30px; text-align: left;\"><em><strong>inventari documental<\/strong><\/em>, que permetr\u00e0 recollir les caracter\u00edstiques b\u00e0siques dels formularis que utilitza l&#8217;entitat<\/p>\n<p style=\"padding-left: 30px; text-align: left;\"><em><strong>Procediment centralitzat d&#8217;administraci\u00f3 del diccionari<\/strong><\/em>. La sol\u00b7licitud i recepci\u00f3 de les traduccions, es gestiona de forma autom\u00e0tica, a trav\u00e9s d&#8217;un col\u00b7laborador especialitzat<\/p>\n<p>[\/et_pb_text][\/et_pb_column][et_pb_column type=&#8221;1_2&#8243; _builder_version=&#8221;3.0.47&#8243;][et_pb_image src=&#8221;https:\/\/www.betterconsultants.es\/ca\/wp-content\/uploads\/2018\/01\/859hrf.jpg&#8221; align=&#8221;center&#8221; force_fullwidth=&#8221;on&#8221; admin_label=&#8221;Imagen&#8221; _builder_version=&#8221;3.20.2&#8243; custom_margin=&#8221;50px||&#8221; custom_margin_tablet=&#8221;0px|||&#8221; custom_margin_last_edited=&#8221;on|desktop&#8221; animation_style=&#8221;zoom&#8221; animation_duration=&#8221;500ms&#8221; animation_intensity_zoom=&#8221;2%&#8221; use_border_color=&#8221;off&#8221;][\/et_pb_image][\/et_pb_column][\/et_pb_row][et_pb_row custom_padding=&#8221;42px|0px|38px|0px&#8221; custom_margin=&#8221;40px|||&#8221; _builder_version=&#8221;3.0.106&#8243;][et_pb_column type=&#8221;1_2&#8243; _builder_version=&#8221;3.0.47&#8243;][et_pb_image src=&#8221;https:\/\/www.betterconsultants.es\/ca\/wp-content\/uploads\/2016\/10\/translation.jpg&#8221; align=&#8221;center&#8221; force_fullwidth=&#8221;on&#8221; admin_label=&#8221;Imagen&#8221; _builder_version=&#8221;3.20.2&#8243; custom_margin=&#8221;50px||&#8221; custom_margin_tablet=&#8221;0px|||&#8221; custom_margin_last_edited=&#8221;on|phone&#8221; animation_style=&#8221;zoom&#8221; animation_duration=&#8221;500ms&#8221; animation_intensity_zoom=&#8221;2%&#8221; use_border_color=&#8221;off&#8221;][\/et_pb_image][\/et_pb_column][et_pb_column type=&#8221;1_2&#8243; _builder_version=&#8221;3.0.47&#8243;][et_pb_text _builder_version=&#8221;3.20.2&#8243; custom_padding=&#8221;0px|0px|0px|0px&#8221;]<\/p>\n<h3>Objectius<\/h3>\n<p><span style=\"font-size: 16px;\">Independitzar a les aplicacions origen de l&#8217;idioma dels clients i reduir l&#8217;impacte d&#8217;adaptaci\u00f3 en els sistemes de negoci.<\/span><\/p>\n<p>Estandarditzar el tractament d&#8217;idiomes, aportant procediments comuns a tots els sistemes transaccionals (correspond\u00e8ncia, contractes, banca electr\u00f2nica, etc.).<\/p>\n<p>Unificar el circuit de traduccions dels textos, permetent la reutilitzaci\u00f3 de continguts en diferents canals, i facilitant l&#8217;ajust de preus i el control de qualitat dels serveis aportats per traductors especialitzats.<\/p>\n<p>Optimitzar el rendiment dels sistemes cr\u00edtics, b\u00e9 pels alts volums gestionats o per la necessitat de respostes en temps real.<\/p>\n<p>[\/et_pb_text][\/et_pb_column][\/et_pb_row][\/et_pb_section]<\/p>\n","protected":false},"excerpt":{"rendered":"<p>[et_pb_section bb_built=&#8221;1&#8243; admin_label=&#8221;section&#8221; custom_padding_last_edited=&#8221;off|desktop&#8221; _builder_version=&#8221;3.0.105&#8243; background_image=&#8221;https:\/\/www.betterconsultants.es\/ca\/wp-content\/uploads\/2018\/01\/multilang7.jpg&#8221; next_background_color=&#8221;#000000&#8243;][et&#8230;<\/p>\n","protected":false},"author":1,"featured_media":5585,"parent":0,"menu_order":0,"comment_status":"closed","ping_status":"closed","template":"","meta":{"_et_pb_use_builder":"on","_et_pb_old_content":"<p>La comunicaci\u00f3n con los clientes en diferentes idiomas se resuelve de forma global y centralizada con este sistema. Permite la gesti\u00f3n de multi-idioma en los diferentes canales de comunicaci\u00f3n (correspondencia, banca a distancia, documentos de oficinas, etc.), e incluye:<\/p><table border=\"0\" width=\"100%\" cellspacing=\"0\" cellpadding=\"0\"><tbody><tr><td><table border=\"0\" width=\"100%\" cellspacing=\"0\" cellpadding=\"0\"><tbody><tr><td>\u00a0<\/td><td>Un diccionario o repositorio central de textos que almacena, en varios idiomas, los textos codificados que son susceptibles de aparecer en los documentos con trascendencia a clientes.<\/td><\/tr><tr><td>\u00a0<\/td><td>Un conjunto de m\u00f3dulos para el acceso al diccionario y la obtenci\u00f3n del texto en el idioma seleccionado.<\/td><\/tr><tr><td>\u00a0<\/td><td>Un procedimiento centralizado de administraci\u00f3n del diccionario. La solicitud y recepci\u00f3n de las traducciones, se gestiona de forma autom\u00e1tica, a trav\u00e9s de un colaborador especializado.<\/td><\/tr><\/tbody><\/table><p>\u00a0<\/p><p><a href=\"http:\/\/betterconsultants.es\/wordpress\/wp-content\/uploads\/2016\/10\/Plataforma-alveo-Resumen.pdf\">plataforma-alveo-resumen<\/a><\/p><\/td><\/tr><\/tbody><\/table>","_et_gb_content_width":"","footnotes":""},"class_list":["post-567","page","type-page","status-publish","has-post-thumbnail","hentry"],"_links":{"self":[{"href":"https:\/\/www.betterconsultants.es\/ca\/wp-json\/wp\/v2\/pages\/567","targetHints":{"allow":["GET"]}}],"collection":[{"href":"https:\/\/www.betterconsultants.es\/ca\/wp-json\/wp\/v2\/pages"}],"about":[{"href":"https:\/\/www.betterconsultants.es\/ca\/wp-json\/wp\/v2\/types\/page"}],"author":[{"embeddable":true,"href":"https:\/\/www.betterconsultants.es\/ca\/wp-json\/wp\/v2\/users\/1"}],"replies":[{"embeddable":true,"href":"https:\/\/www.betterconsultants.es\/ca\/wp-json\/wp\/v2\/comments?post=567"}],"version-history":[{"count":130,"href":"https:\/\/www.betterconsultants.es\/ca\/wp-json\/wp\/v2\/pages\/567\/revisions"}],"predecessor-version":[{"id":17386,"href":"https:\/\/www.betterconsultants.es\/ca\/wp-json\/wp\/v2\/pages\/567\/revisions\/17386"}],"wp:featuredmedia":[{"embeddable":true,"href":"https:\/\/www.betterconsultants.es\/ca\/wp-json\/wp\/v2\/media\/5585"}],"wp:attachment":[{"href":"https:\/\/www.betterconsultants.es\/ca\/wp-json\/wp\/v2\/media?parent=567"}],"curies":[{"name":"wp","href":"https:\/\/api.w.org\/{rel}","templated":true}]}}