{"id":579,"date":"2016-10-16T17:49:21","date_gmt":"2016-10-16T15:49:21","guid":{"rendered":"http:\/\/betterconsultants.es\/wordpress\/?page_id=579"},"modified":"2019-01-28T19:50:20","modified_gmt":"2019-01-28T18:50:20","slug":"eric-gestion-expedientes-riesgo-credito","status":"publish","type":"page","link":"https:\/\/www.betterconsultants.es\/ca\/eric-gestion-expedientes-riesgo-credito\/","title":{"rendered":"ERIC &#8211; Gesti\u00f3 d&#8217;Expedients de Risc de Cr\u00e8dit"},"content":{"rendered":"<p>[et_pb_section fb_built=&#8221;1&#8243; custom_padding_last_edited=&#8221;off|desktop&#8221; admin_label=&#8221;section&#8221; _builder_version=&#8221;3.19.9&#8243; background_image=&#8221;https:\/\/www.betterconsultants.es\/ca\/wp-content\/uploads\/2018\/03\/outsourcing-financiero1-610&#215;255-1.jpg&#8221; animation_style=&#8221;zoom&#8221; animation_intensity_zoom=&#8221;2%&#8221;][et_pb_row custom_padding=&#8221;230px|0px|230px|0px&#8221; custom_padding_tablet=&#8221;140px|0px|140px|0px&#8221; custom_padding_phone=&#8221;80px|0px|80px|0px&#8221; custom_padding_last_edited=&#8221;on|phone&#8221; _builder_version=&#8221;3.0.105&#8243;][et_pb_column type=&#8221;4_4&#8243; _builder_version=&#8221;3.0.47&#8243; parallax=&#8221;off&#8221; parallax_method=&#8221;on&#8221;][\/et_pb_column][\/et_pb_row][\/et_pb_section][et_pb_section fb_built=&#8221;1&#8243; _builder_version=&#8221;3.0.47&#8243;][et_pb_row custom_padding=&#8221;90px|0px|30px|0px&#8221; _builder_version=&#8221;3.0.105&#8243;][et_pb_column type=&#8221;1_2&#8243; _builder_version=&#8221;3.0.47&#8243; parallax=&#8221;off&#8221; parallax_method=&#8221;on&#8221;][et_pb_text _builder_version=&#8221;3.0.105&#8243; text_font=&#8221;|300|||||||&#8221; header_text_color=&#8221;#000000&#8243; header_font_size_tablet=&#8221;32px&#8221; header_font_size_phone=&#8221;28px&#8221; header_font_size_last_edited=&#8221;on|desktop&#8221; header_4_text_color=&#8221;#ffffff&#8221; background_color=&#8221;#ffffff&#8221; box_shadow_style=&#8221;preset1&#8243; background_layout=&#8221;dark&#8221; custom_margin=&#8221;-180px|||&#8221; custom_margin_last_edited=&#8221;on|desktop&#8221; custom_padding=&#8221;30px|30px|30px|30px&#8221; custom_padding_tablet=&#8221;80px|30px|43px|30px&#8221; custom_padding_last_edited=&#8221;on|desktop&#8221; animation_style=&#8221;slide&#8221; animation_direction=&#8221;left&#8221; animation_duration=&#8221;500ms&#8221; animation_intensity_slide=&#8221;30%&#8221; animation_starting_opacity=&#8221;20%&#8221;]<\/p>\n<h1><\/h1>\n<h1>ERIC &#8211; Gesti\u00f3 d&#8217;Expedients de Risc de Cr\u00e8dit<\/h1>\n<p>[\/et_pb_text][\/et_pb_column][et_pb_column type=&#8221;1_2&#8243; _builder_version=&#8221;3.0.47&#8243; parallax=&#8221;off&#8221; parallax_method=&#8221;on&#8221;][\/et_pb_column][\/et_pb_row][\/et_pb_section][et_pb_section fb_built=&#8221;1&#8243; admin_label=&#8221;section&#8221; _builder_version=&#8221;3.0.47&#8243;][et_pb_row custom_padding=&#8221;0px|0px|27px|0px&#8221; _builder_version=&#8221;3.0.105&#8243;][et_pb_column type=&#8221;4_4&#8243; _builder_version=&#8221;3.0.47&#8243; parallax=&#8221;off&#8221; parallax_method=&#8221;on&#8221;][et_pb_text _builder_version=&#8221;3.0.106&#8243;]<\/p>\n<h4>ERIC \u00e9s la plataforma de Better Consultants per a la captura, tramitaci\u00f3 avaluaci\u00f3 i resoluci\u00f3 d\u2019expedients de risc.<\/h4>\n<h4>Es tracta d\u2019una soluci\u00f3 f\u00e0cil d\u2019utilitzar i que permet a l\u2019usuari accedir a tots els recursos necessaris per la gesti\u00f3 de l\u2019expedient d\u2019una forma \u00e0gil i centralitzada, des del moment en que es rep la seva sol\u00b7licitud fins que es formalitza.<\/h4>\n<p>[\/et_pb_text][\/et_pb_column][\/et_pb_row][et_pb_row custom_padding=&#8221;58px|0px|13px|0px&#8221; _builder_version=&#8221;3.0.47&#8243; background_size=&#8221;initial&#8221; background_position=&#8221;top_left&#8221; background_repeat=&#8221;repeat&#8221;][et_pb_column type=&#8221;1_2&#8243; _builder_version=&#8221;3.0.47&#8243; parallax=&#8221;off&#8221; parallax_method=&#8221;on&#8221;][et_pb_text admin_label=&#8221;Texto&#8221; _builder_version=&#8221;3.0.106&#8243; background_size=&#8221;initial&#8221; background_position=&#8221;top_left&#8221; background_repeat=&#8221;repeat&#8221; border_color_all=&#8221;#ffffff&#8221; text_orientation=&#8221;justified&#8221; use_border_color=&#8221;off&#8221;]<\/p>\n<h3><\/h3>\n<h3>Plataforma ERIC<\/h3>\n<p>El sistema est\u00e0 integrat amb les aplicacions corporatives del client, \u00a0necess\u00e0ries per analitzar una operaci\u00f3 de risc (base de dades de clients, gestor d&#8217;estats financers, prevenci\u00f3 de blanqueig de capitals, etc.) i amb altres aplicacions que complementen i faciliten la gesti\u00f3 electr\u00f2nica global de l&#8217;expedient (gestor documental, publicador de documents, portal de sol\u00b7licituds).<\/p>\n<p>El sistema proporciona un workflow de tramitaci\u00f3 adaptable per a grups d\u2019empreses i per diferents productes de risc de cr\u00e8dit.<br \/>\n[\/et_pb_text][\/et_pb_column][et_pb_column type=&#8221;1_2&#8243; _builder_version=&#8221;3.0.47&#8243; parallax=&#8221;off&#8221; parallax_method=&#8221;on&#8221;][et_pb_image src=&#8221;https:\/\/www.betterconsultants.es\/ca\/wp-content\/uploads\/2018\/03\/loan02-1.jpg&#8221; force_fullwidth=&#8221;on&#8221; _builder_version=&#8221;3.19.9&#8243; animation_style=&#8221;zoom&#8221; animation_intensity_zoom=&#8221;2%&#8221;][\/et_pb_image][\/et_pb_column][\/et_pb_row][et_pb_row custom_padding=&#8221;54px|0px|13px|0px&#8221; _builder_version=&#8221;3.0.47&#8243; background_size=&#8221;initial&#8221; background_position=&#8221;top_left&#8221; background_repeat=&#8221;repeat&#8221;][et_pb_column type=&#8221;1_2&#8243; _builder_version=&#8221;3.0.47&#8243; parallax=&#8221;off&#8221; parallax_method=&#8221;on&#8221;][et_pb_divider show_divider=&#8221;off&#8221; _builder_version=&#8221;3.2&#8243; custom_margin=&#8221;50px|||&#8221; custom_padding=&#8221;|||&#8221;][\/et_pb_divider][et_pb_image src=&#8221;https:\/\/www.betterconsultants.es\/ca\/wp-content\/uploads\/2018\/03\/Loan-06-1.jpg&#8221; force_fullwidth=&#8221;on&#8221; _builder_version=&#8221;3.19.9&#8243; animation_style=&#8221;zoom&#8221; animation_intensity_zoom=&#8221;2%&#8221;][\/et_pb_image][\/et_pb_column][et_pb_column type=&#8221;1_2&#8243; _builder_version=&#8221;3.0.47&#8243; parallax=&#8221;off&#8221; parallax_method=&#8221;on&#8221;][et_pb_text _builder_version=&#8221;3.0.106&#8243; custom_padding=&#8221;20px||20px|20px&#8221;]<\/p>\n<h3>Factors Clau<\/h3>\n<p>100% de tra\u00e7abilitat i seguiment sobre els expedients de risc.<\/p>\n<p>Reducci\u00f3 del risc operacional gr\u00e0cies a regles de negoci, de control i coher\u00e8ncia de les dades i documents informats.<\/p>\n<p>Ajudes per pautar els passos a seguir en cada punt de l&#8217;an\u00e0lisi.<\/p>\n<p>Estandarditzaci\u00f3 de documentaci\u00f3 aportada pel client i la generada per l&#8217;analista o el sistema.<\/p>\n<p>Enviament de les operacions al comit\u00e8 decisori adequat i encaminar la tramitaci\u00f3 en funci\u00f3 de la decisi\u00f3 que s&#8217;hagi pres.<\/p>\n<p>Enviament de les operacions a cartera un cop formalitzades per iniciar-ne el seguiment.<br \/>\n[\/et_pb_text][\/et_pb_column][\/et_pb_row][\/et_pb_section]<\/p>\n","protected":false},"excerpt":{"rendered":"<p>[et_pb_section bb_built=&#8221;1&#8243; admin_label=&#8221;section&#8221; custom_padding_last_edited=&#8221;off|desktop&#8221; _builder_version=&#8221;3.0.105&#8243; background_image=&#8221;https:\/\/www.betterconsultants.es\/ca\/wp-content\/uploads\/2018\/03\/outsourcing-financiero1-610&#215;255.jpg&#8221; next_backgroun&#8230;<\/p>\n","protected":false},"author":1,"featured_media":815,"parent":0,"menu_order":0,"comment_status":"closed","ping_status":"closed","template":"","meta":{"_et_pb_use_builder":"on","_et_pb_old_content":"<p>ERIC es la plataforma de Better Consultants para la captura, tramitaci\u00f3n evaluaci\u00f3n y resoluci\u00f3n de expedientes de riesgo.<\/p><p>Se trata de una soluci\u00f3n f\u00e1cil de usar y que permite al usuario acceder a todos los recursos necesarios para la gesti\u00f3n del expediente de una forma \u00e1gil y centralizada, desde el momento en que se recibe su solicitud hasta que se formaliza.<\/p><p>El sistema est\u00e1 integrado con las aplicaciones corporativas del cliente, necesarias para analizar una operaci\u00f3n de riesgo (base de datos de clientes, gestor de estados financieros, prevenci\u00f3n de blanqueo de capitales, etc.) y con otras aplicaciones que complementan y facilitan la gesti\u00f3n electr\u00f3nica global del expediente (gestor documental, publicador de documentos, portal de solicitudes).<\/p><p>El sistema proporciona un workflow de tramitaci\u00f3n adaptable para grupos de empresas y para diferentes productos de riesgo de cr\u00e9dito. El workflow de tramitaci\u00f3n permite:<\/p><ul><li>Tener un 100% de trazabilidad y seguimiento sobre los expedientes de riesgo.<\/li><li>Reducir el riesgo operacional gracias a reglas de negocio, de control y coherencia de los datos y documentos informados.<\/li><li>Definir ayudas para pautar los pasos a seguir en cada punto del an\u00e1lisis.<\/li><li>Estandarizar la documentaci\u00f3n aportada por el cliente y la generada por el analista o el sistema.<\/li><li>Enviar las operaciones en el comit\u00e9 decisorio adecuado y encaminar la tramitaci\u00f3n en funci\u00f3n de la decisi\u00f3n que se haya tomado.<\/li><li>Enviar las operaciones a cartera una vez formalizadas para iniciar su seguimiento.<\/li><\/ul>","_et_gb_content_width":"","footnotes":""},"class_list":["post-579","page","type-page","status-publish","has-post-thumbnail","hentry"],"_links":{"self":[{"href":"https:\/\/www.betterconsultants.es\/ca\/wp-json\/wp\/v2\/pages\/579","targetHints":{"allow":["GET"]}}],"collection":[{"href":"https:\/\/www.betterconsultants.es\/ca\/wp-json\/wp\/v2\/pages"}],"about":[{"href":"https:\/\/www.betterconsultants.es\/ca\/wp-json\/wp\/v2\/types\/page"}],"author":[{"embeddable":true,"href":"https:\/\/www.betterconsultants.es\/ca\/wp-json\/wp\/v2\/users\/1"}],"replies":[{"embeddable":true,"href":"https:\/\/www.betterconsultants.es\/ca\/wp-json\/wp\/v2\/comments?post=579"}],"version-history":[{"count":72,"href":"https:\/\/www.betterconsultants.es\/ca\/wp-json\/wp\/v2\/pages\/579\/revisions"}],"predecessor-version":[{"id":16781,"href":"https:\/\/www.betterconsultants.es\/ca\/wp-json\/wp\/v2\/pages\/579\/revisions\/16781"}],"wp:featuredmedia":[{"embeddable":true,"href":"https:\/\/www.betterconsultants.es\/ca\/wp-json\/wp\/v2\/media\/815"}],"wp:attachment":[{"href":"https:\/\/www.betterconsultants.es\/ca\/wp-json\/wp\/v2\/media?parent=579"}],"curies":[{"name":"wp","href":"https:\/\/api.w.org\/{rel}","templated":true}]}}