{"id":594,"date":"2016-10-16T17:56:01","date_gmt":"2016-10-16T15:56:01","guid":{"rendered":"http:\/\/betterconsultants.es\/wordpress\/?page_id=594"},"modified":"2019-03-13T16:42:08","modified_gmt":"2019-03-13T15:42:08","slug":"emergencias-seguridad","status":"publish","type":"page","link":"https:\/\/www.betterconsultants.es\/ca\/emergencias-seguridad\/","title":{"rendered":"Emerg\u00e8ncies i Seguretat"},"content":{"rendered":"\n[et_pb_section fb_built=&#8221;1&#8243; custom_padding_last_edited=&#8221;off|desktop&#8221; admin_label=&#8221;section&#8221; _builder_version=&#8221;3.19.9&#8243; background_image=&#8221;https:\/\/www.betterconsultants.es\/ca\/wp-content\/uploads\/2018\/01\/traffic2.jpg&#8221; animation_style=&#8221;zoom&#8221; animation_intensity_zoom=&#8221;2%&#8221;][et_pb_row custom_padding=&#8221;230px|0px|230px|0px&#8221; custom_padding_tablet=&#8221;140px|0px|140px|0px&#8221; custom_padding_phone=&#8221;80px|0px|80px|0px&#8221; custom_padding_last_edited=&#8221;on|phone&#8221; _builder_version=&#8221;3.0.105&#8243;][et_pb_column type=&#8221;4_4&#8243; _builder_version=&#8221;3.0.47&#8243; parallax=&#8221;off&#8221; parallax_method=&#8221;on&#8221;][\/et_pb_column][\/et_pb_row][\/et_pb_section][et_pb_section fb_built=&#8221;1&#8243; _builder_version=&#8221;3.0.47&#8243;][et_pb_row custom_padding=&#8221;90px|0px|0|0px|false|false&#8221; _builder_version=&#8221;3.0.105&#8243;][et_pb_column type=&#8221;1_2&#8243; _builder_version=&#8221;3.0.47&#8243; parallax=&#8221;off&#8221; parallax_method=&#8221;on&#8221;][et_pb_text _builder_version=&#8221;3.0.105&#8243; text_font=&#8221;|300|||||||&#8221; header_text_color=&#8221;#000000&#8243; header_font_size_tablet=&#8221;32px&#8221; header_font_size_phone=&#8221;28px&#8221; header_font_size_last_edited=&#8221;on|desktop&#8221; header_4_text_color=&#8221;#ffffff&#8221; background_color=&#8221;#ffffff&#8221; box_shadow_style=&#8221;preset1&#8243; background_layout=&#8221;dark&#8221; custom_margin=&#8221;-180px|||&#8221; custom_margin_last_edited=&#8221;on|desktop&#8221; custom_padding=&#8221;30px|30px|30px|30px&#8221; custom_padding_tablet=&#8221;80px|30px|43px|30px&#8221; custom_padding_last_edited=&#8221;on|desktop&#8221; animation_style=&#8221;slide&#8221; animation_direction=&#8221;left&#8221; animation_duration=&#8221;500ms&#8221; animation_intensity_slide=&#8221;30%&#8221; animation_starting_opacity=&#8221;20%&#8221;]<h1><\/h1>\r\n<h1>Emerg\u00e8ncies i Seguretat<\/h1>\r[\/et_pb_text][\/et_pb_column][et_pb_column type=&#8221;1_2&#8243; _builder_version=&#8221;3.0.47&#8243; parallax=&#8221;off&#8221; parallax_method=&#8221;on&#8221;][\/et_pb_column][\/et_pb_row][\/et_pb_section][et_pb_section fb_built=&#8221;1&#8243; admin_label=&#8221;section&#8221; _builder_version=&#8221;3.0.47&#8243;][et_pb_row custom_padding=&#8221;0px|0px|27px|0px&#8221; _builder_version=&#8221;3.0.105&#8243; locked=&#8221;off&#8221;][et_pb_column type=&#8221;4_4&#8243; _builder_version=&#8221;3.0.47&#8243; parallax=&#8221;off&#8221; parallax_method=&#8221;on&#8221;][et_pb_text _builder_version=&#8221;3.19.5&#8243;]<h4>La nostra traject\u00f2ria de m\u00e9s d&#8217;una d\u00e8cada al servei de la millora d&#8217;efici\u00e8ncia i efectivitat en els Cossos de Seguretat i en la gesti\u00f3 d&#8217;Emerg\u00e8ncies, ens ha perm\u00e8s desenvolupar un conjunt de solucions personalitzades per a integrar totes les actuacions que es produeixen al voltant d&#8217;un incident.<\/h4>\n<h4>Com a fruit d&#8217;aquesta experi\u00e8ncia, hem paquetitzat la soluci\u00f3 m\u00e9s completa per a la Gesti\u00f3 d&#8217;Accidents de Tr\u00e0nsit que hi ha disponible actualment al mercat.<\/h4>[\/et_pb_text][\/et_pb_column][\/et_pb_row][et_pb_row custom_padding=&#8221;50px|0px|0|0px|false|false&#8221; admin_label=&#8221;row&#8221; _builder_version=&#8221;3.0.47&#8243; background_size=&#8221;initial&#8221; background_position=&#8221;top_left&#8221; background_repeat=&#8221;repeat&#8221;][et_pb_column type=&#8221;1_3&#8243; _builder_version=&#8221;3.0.47&#8243; parallax=&#8221;off&#8221; parallax_method=&#8221;on&#8221;][et_pb_text _builder_version=&#8221;3.19.6&#8243; custom_padding=&#8221;30px|0px|0px|0px&#8221; custom_padding_tablet=&#8221;0px|0px|0px|0px&#8221; custom_padding_last_edited=&#8221;on|desktop&#8221;]<p>Hem desenvolupat les solucions personalitzades mes completes per a gestionar:<\/p>\n<p style=\"padding-left: 30px;\">Sales de Comandament i Control<\/p>\n<p style=\"padding-left: 30px;\">Planificacio i Gesti\u00f3 de recursos humans i materials<\/p>\n<p style=\"padding-left: 30px;\">Integraci\u00f3 entre el 112 i els Cossos de Seguretat i Emerg\u00e8ncies<\/p>\n<p style=\"padding-left: 30px;\">Expedients Sancionadors<\/p>\n<p style=\"padding-left: 30px;\">Convocat\u00f2ries i Carreres Professionals<\/p>[\/et_pb_text][et_pb_divider show_divider=&#8221;off&#8221; _builder_version=&#8221;3.2&#8243;][\/et_pb_divider][\/et_pb_column][et_pb_column type=&#8221;2_3&#8243; _builder_version=&#8221;3.0.47&#8243; parallax=&#8221;off&#8221; parallax_method=&#8221;on&#8221;][et_pb_image src=&#8221;https:\/\/www.betterconsultants.es\/ca\/wp-content\/uploads\/2018\/03\/emergencias-p.jpg&#8221; align=&#8221;center&#8221; force_fullwidth=&#8221;on&#8221; admin_label=&#8221;Imagen&#8221; _builder_version=&#8221;3.19.9&#8243; animation_style=&#8221;zoom&#8221; use_border_color=&#8221;off&#8221; animation_intensity_zoom=&#8221;2%&#8221;]&nbsp;\r[\/et_pb_image][et_pb_divider show_divider=&#8221;off&#8221; _builder_version=&#8221;3.2&#8243;][\/et_pb_divider][\/et_pb_column][\/et_pb_row][et_pb_row custom_padding=&#8221;0|0px|13px|0px&#8221; admin_label=&#8221;row&#8221; _builder_version=&#8221;3.0.47&#8243; background_size=&#8221;initial&#8221; background_position=&#8221;top_left&#8221; background_repeat=&#8221;repeat&#8221;][et_pb_column type=&#8221;1_2&#8243; _builder_version=&#8221;3.0.47&#8243; parallax=&#8221;off&#8221; parallax_method=&#8221;on&#8221;][et_pb_divider show_divider=&#8221;off&#8221; _builder_version=&#8221;3.2&#8243;][\/et_pb_divider][et_pb_divider show_divider=&#8221;off&#8221; _builder_version=&#8221;3.2&#8243;][\/et_pb_divider][\/et_pb_column][et_pb_column type=&#8221;1_2&#8243; _builder_version=&#8221;3.0.47&#8243; parallax=&#8221;off&#8221; parallax_method=&#8221;on&#8221;][et_pb_divider show_divider=&#8221;off&#8221; _builder_version=&#8221;3.2&#8243;][\/et_pb_divider][\/et_pb_column][\/et_pb_row][et_pb_row make_fullwidth=&#8221;on&#8221; use_custom_gutter=&#8221;on&#8221; gutter_width=&#8221;1&#8243; custom_padding=&#8221;75px||50px|&#8221; custom_margin=&#8221;0px||0px|&#8221; make_equal=&#8221;on&#8221; background_color_2=&#8221;#f4f4f4&#8243; bg_img_1=&#8221;https:\/\/www.betterconsultants.es\/ca\/wp-content\/uploads\/2019\/01\/centrocontrol023.jpg&#8221; parallax_1=&#8221;on&#8221; background_position_1=&#8221;top_left&#8221; background_position_2=&#8221;top_left&#8221; background_repeat_1=&#8221;no-repeat&#8221; background_repeat_2=&#8221;no-repeat&#8221; padding_top_2=&#8221;8%&#8221; padding_right_2=&#8221;6%&#8221; padding_bottom_2=&#8221;8%&#8221; padding_left_2=&#8221;6%&#8221; _builder_version=&#8221;3.19.9&#8243; background_size=&#8221;initial&#8221; background_position=&#8221;top_left&#8221; background_repeat=&#8221;repeat&#8221; animation_style=&#8221;zoom&#8221; animation_intensity_zoom=&#8221;2%&#8221;][et_pb_column type=&#8221;1_2&#8243; _builder_version=&#8221;3.0.47&#8243; bg_img=&#8221;https:\/\/www.betterconsultants.es\/ca\/wp-content\/uploads\/2019\/01\/centrocontrol023.jpg&#8221; parallax=&#8221;on&#8221; parallax_method=&#8221;on&#8221; background_position=&#8221;top_left&#8221; background_repeat=&#8221;no-repeat&#8221;][\/et_pb_column][et_pb_column type=&#8221;1_2&#8243; _builder_version=&#8221;3.0.47&#8243; padding_bottom=&#8221;8%&#8221; padding_left=&#8221;6%&#8221; padding_right=&#8221;6%&#8221; padding_top=&#8221;8%&#8221; background_color=&#8221;#f4f4f4&#8243; parallax=&#8221;off&#8221; parallax_method=&#8221;on&#8221; background_position=&#8221;top_left&#8221; background_repeat=&#8221;no-repeat&#8221;][et_pb_text _builder_version=&#8221;3.0.106&#8243;]<h4>El centre de control\u00a0compta amb el suport de la integraci\u00f3 amb un Sistema d&#8217;Informaci\u00f3 Geogr\u00e0fica per a facilitar la localitzaci\u00f3 d&#8217;incidents i unitats operatives, aix\u00ed com la integraci\u00f3 amb telefonia i r\u00e0dio.<\/h4>\r\n&nbsp;\r[\/et_pb_text][et_pb_divider color=&#8221;#4e5ed0&#8243; divider_weight=&#8221;3px&#8221; height=&#8221;5px&#8221; disabled_on=&#8221;off|off|off&#8221; _builder_version=&#8221;3.19.5&#8243; background_color_gradient_direction=&#8221;90deg&#8221; max_width=&#8221;100px&#8221; module_alignment=&#8221;left&#8221; custom_margin=&#8221;||20px|&#8221; custom_padding=&#8221;||20px|&#8221; animation_style=&#8221;slide&#8221; animation_direction=&#8221;bottom&#8221; saved_tabs=&#8221;all&#8221; locked=&#8221;off&#8221;][\/et_pb_divider][et_pb_text _builder_version=&#8221;3.0.106&#8243;]<h4>La gesti\u00f3 de l&#8217;actuaci\u00f3, incident o servei, es controla de forma totalment integrada, des de la seva identificaci\u00f3, obertura, assignaci\u00f3 de recursos, fins la seva resoluci\u00f3, transfer\u00e8ncia o tancament.<\/h4>\r[\/et_pb_text][\/et_pb_column][\/et_pb_row][et_pb_row custom_padding=&#8221;40px|0px|40px|0px|false|false&#8221; _builder_version=&#8221;3.0.47&#8243; background_size=&#8221;initial&#8221; background_position=&#8221;top_left&#8221; background_repeat=&#8221;repeat&#8221;][et_pb_column type=&#8221;1_2&#8243; _builder_version=&#8221;3.0.47&#8243; parallax=&#8221;off&#8221; parallax_method=&#8221;on&#8221;][et_pb_text _builder_version=&#8221;3.19.6&#8243; custom_padding=&#8221;0px|20px|0px|20px&#8221; custom_padding_tablet=&#8221;|0px||0px&#8221; custom_padding_last_edited=&#8221;on|tablet&#8221;]<h3>Centre de Control<\/h3>\n<p><span style=\"font-size: 16px;\">La gesti\u00f3 d&#8217;una sala de control requereix la m\u00e0xima interactivitat en l&#8217;intercanvi d&#8217;informaci\u00f3 entre els gestors de la Sala i les Unitats Operatives. En aquest sentit, resulta fonamental comptar amb el coneixement prec\u00eds de:<\/span><\/p>\n<p style=\"padding-left: 30px;\">La disponibilitat de recursos humans i materials per a poder configurar cadascuna de les unitats operatives que presten els serveis in-situ.<\/p>\n<p style=\"padding-left: 30px;\">Les accions i activitats pre-assignades a cada unitat.<\/p>\n<p style=\"padding-left: 30px;\">El registre i la localitzaci\u00f3 dels incidents i serveis prestats.<\/p>\n<p style=\"padding-left: 30px;\">Les prioritats en la prestaci\u00f3 de serveis.<\/p>[\/et_pb_text][\/et_pb_column][et_pb_column type=&#8221;1_2&#8243; _builder_version=&#8221;3.0.47&#8243; parallax=&#8221;off&#8221; parallax_method=&#8221;on&#8221;][et_pb_image src=&#8221;https:\/\/www.betterconsultants.es\/ca\/wp-content\/uploads\/2018\/01\/sala-control-conjunta-los-mossos-GUB.jpg&#8221; show_bottom_space=&#8221;off&#8221; force_fullwidth=&#8221;on&#8221; _builder_version=&#8221;3.19.9&#8243; custom_padding=&#8221;50px||&#8221; custom_padding_tablet=&#8221;0px||&#8221; custom_padding_last_edited=&#8221;on|desktop&#8221; animation_style=&#8221;zoom&#8221; animation_intensity_zoom=&#8221;2%&#8221;]&nbsp;\r[\/et_pb_image][et_pb_divider show_divider=&#8221;off&#8221; height=&#8221;100px&#8221; _builder_version=&#8221;3.2&#8243;][\/et_pb_divider][\/et_pb_column][\/et_pb_row][et_pb_row custom_padding=&#8221;0|0px|64px|0px|false|false&#8221; _builder_version=&#8221;3.0.47&#8243; background_size=&#8221;initial&#8221; background_position=&#8221;top_left&#8221; background_repeat=&#8221;repeat&#8221;][et_pb_column type=&#8221;1_2&#8243; _builder_version=&#8221;3.0.47&#8243; parallax=&#8221;off&#8221; parallax_method=&#8221;on&#8221;][et_pb_image src=&#8221;https:\/\/www.betterconsultants.es\/ca\/wp-content\/uploads\/2018\/03\/fire12.jpg&#8221; force_fullwidth=&#8221;on&#8221; _builder_version=&#8221;3.19.9&#8243; animation_style=&#8221;zoom&#8221; animation_intensity_zoom=&#8221;2%&#8221;]&nbsp;\r[\/et_pb_image][\/et_pb_column][et_pb_column type=&#8221;1_2&#8243; _builder_version=&#8221;3.0.47&#8243; parallax=&#8221;off&#8221; parallax_method=&#8221;on&#8221;][et_pb_text _builder_version=&#8221;3.19.6&#8243; custom_padding=&#8221;0px|0px|0px|0px&#8221; custom_padding_last_edited=&#8221;on|phone&#8221;]<h3>Factors Clau<\/h3>\n<p>El sistema s&#8217;ha dissenyat tenint en compte la necessitat de la gesti\u00f3 policial, aix\u00ed com les necessitats d&#8217;evoluci\u00f3 i escalabilitat<\/p>\n<p><span style=\"font-size: 16px;\">Processament de dades integral, seguretat respecte a la definici\u00f3 de perfils d&#8217;usuari i l&#8217;acc\u00e9s a les dades.\u00a0<\/span><span style=\"font-size: 16px;\">El sistema mostra les dades que, per raons de seguretat, nom\u00e9s un agent particular (cap de la sala, cap de torn, supervisor) es pot veure. <\/span><\/p>\n<p><span style=\"font-size: 16px;\">Una Sala que pertany a un rang superior pot assumir compet\u00e8ncies d&#8217;habitacions subordinades.<\/span><\/p>[\/et_pb_text][\/et_pb_column][\/et_pb_row][et_pb_row custom_padding=&#8221;13px|0px|63px|0px&#8221; _builder_version=&#8221;3.0.47&#8243; background_size=&#8221;initial&#8221; background_position=&#8221;top_left&#8221; background_repeat=&#8221;repeat&#8221;][et_pb_column type=&#8221;1_2&#8243; _builder_version=&#8221;3.0.47&#8243; parallax=&#8221;off&#8221; parallax_method=&#8221;on&#8221;][et_pb_text _builder_version=&#8221;3.19.6&#8243; custom_padding=&#8221;0px|0px|0px|0px&#8221; custom_padding_tablet=&#8221;0px|||&#8221; custom_padding_last_edited=&#8221;on|desktop&#8221;]<p>Mecanisme d&#8217;emmagatzematge de dades per l&#8217;explotaci\u00f3 de les dades introdu\u00efdes en el sistema. La integraci\u00f3 amb la informaci\u00f3 territorial, tant en termes de normalitzaci\u00f3 de la ubicaci\u00f3 de problemes i definici\u00f3 de &#8220;punts d&#8217;inter\u00e8s&#8221;.<\/p>\n<p>Una interf\u00edcie d&#8217;usuari realista, pr\u00e0ctica, intu\u00eftiva i flexible, que facilita el procediment de funcionament, la millora de la coordinaci\u00f3, control i gesti\u00f3 dels agents de policia i que proporciona una visi\u00f3 general de les accions en cada moment, que permeti la reducci\u00f3 del temps de resposta abans de qualsevol imprevist.<\/p>[\/et_pb_text][\/et_pb_column][et_pb_column type=&#8221;1_2&#8243; _builder_version=&#8221;3.0.47&#8243; parallax=&#8221;off&#8221; parallax_method=&#8221;on&#8221;][et_pb_image src=&#8221;https:\/\/www.betterconsultants.es\/ca\/wp-content\/uploads\/2018\/01\/px07.jpg&#8221; _builder_version=&#8221;3.19.9&#8243; animation_style=&#8221;zoom&#8221; animation_intensity_zoom=&#8221;2%&#8221;]&nbsp;\r[\/et_pb_image][\/et_pb_column][\/et_pb_row][\/et_pb_section]\n","protected":false},"excerpt":{"rendered":"<p>Emerg\u00e8ncies i Seguretat La nostra traject\u00f2ria de m\u00e9s d&#8217;una d\u00e8cada al servei de la millora d&#8217;efici\u00e8ncia i efectivitat en els Cossos de Seguretat i en la gesti\u00f3 d&#8217;Emerg\u00e8ncies, ens ha perm\u00e8s desenvolupar un conjunt de solucions personalitzades per a integrar totes les actuacions que es produeixen al voltant d&#8217;un incident. Com a fruit d&#8217;aquesta experi\u00e8ncia, [&hellip;]<\/p>\n","protected":false},"author":1,"featured_media":10041,"parent":0,"menu_order":0,"comment_status":"closed","ping_status":"closed","template":"","meta":{"_et_pb_use_builder":"on","_et_pb_old_content":"<p><span class=\"hps\">Nuestra<\/span> <span class=\"hps\">trayectoria<\/span> <span class=\"hps\">de m\u00e1s de una<\/span> <span class=\"hps\">d\u00e9cada<\/span> <span class=\"hps\">al servicio<\/span> <span class=\"hps\">de la mejora<\/span> <span class=\"hps\">de eficiencia<\/span> <span class=\"hps\">y<\/span> <span class=\"hps\">efectividad<\/span> <span class=\"hps\">en los Cuerpos<\/span> <span class=\"hps\">de Seguridad y<\/span> <span class=\"hps\">en la gesti\u00f3n<\/span> <span class=\"hps\">de Emergencias<\/span>, <span class=\"hps\">nos ha permitido<\/span> <span class=\"hps\">desarrollar un<\/span> <span class=\"hps\">conjunto<\/span> <span class=\"hps\">de soluciones<\/span> <span class=\"hps\">personalizadas<\/span> <span class=\"hps\">para<\/span> <span class=\"hps\">integrar todas<\/span> <span class=\"hps\">las<strong><em>actuaciones que<\/em><\/strong><\/span><strong><em> <span class=\"hps\">se<\/span> <span class=\"hps\">producen en torno a un\u00a0incidente<\/span><\/em><\/strong>.<\/p><p><span class=\"hps\">Como fruto<\/span> <span class=\"hps\">de esta experiencia<\/span>, <span class=\"hps\">hemos<\/span> <span class=\"hps\">paquetizado<\/span> <span class=\"hps\">la soluci\u00f3n<\/span> <span class=\"hps\">m\u00e1s completa<\/span> <span class=\"hps\">para la Gesti\u00f3n<\/span> <span class=\"hps\">de Accidentes<\/span> <span class=\"hps\">de Tr\u00e1fico<\/span> <span class=\"hps\">que hay disponible<\/span> <span class=\"hps\">actualmente en el mercado<\/span>.<\/p><p><span class=\"hps\">Asimismo<\/span> <span class=\"hps\">hemos desarrollado<\/span> <span class=\"hps\">las soluciones<\/span> <span class=\"hps\">personalizadas<\/span> <span class=\"hps\">m\u00e1s<\/span> <span class=\"hps\">completas para<\/span> <span class=\"hps\">gestionar:<\/span><\/p><ul><li><span class=\"hps\">Salas de Control<\/span><\/li><li><span class=\"hps\">Planificaci\u00f3n<\/span> <span class=\"hps\">y<\/span> <span class=\"hps\">Gesti\u00f3n de recursos<\/span> <span class=\"hps\">humanos<\/span> <span class=\"hps\">y materiales<\/span><\/li><li><span class=\"hps\">Integraci\u00f3n entre<\/span> <span class=\"hps\">el 112<\/span> <span class=\"hps\">y Cuerpos<\/span> <span class=\"hps\">de Seguridad y<\/span> <span class=\"hps\">Emergencias<\/span><\/li><li><span class=\"hps\">Expedientes Sancionadores<\/span><\/li><li><span class=\"hps\">Convocatorias y Carreras Profesionales<\/span><\/li><\/ul>","_et_gb_content_width":"","footnotes":""},"class_list":["post-594","page","type-page","status-publish","has-post-thumbnail","hentry"],"_links":{"self":[{"href":"https:\/\/www.betterconsultants.es\/ca\/wp-json\/wp\/v2\/pages\/594","targetHints":{"allow":["GET"]}}],"collection":[{"href":"https:\/\/www.betterconsultants.es\/ca\/wp-json\/wp\/v2\/pages"}],"about":[{"href":"https:\/\/www.betterconsultants.es\/ca\/wp-json\/wp\/v2\/types\/page"}],"author":[{"embeddable":true,"href":"https:\/\/www.betterconsultants.es\/ca\/wp-json\/wp\/v2\/users\/1"}],"replies":[{"embeddable":true,"href":"https:\/\/www.betterconsultants.es\/ca\/wp-json\/wp\/v2\/comments?post=594"}],"version-history":[{"count":135,"href":"https:\/\/www.betterconsultants.es\/ca\/wp-json\/wp\/v2\/pages\/594\/revisions"}],"predecessor-version":[{"id":17362,"href":"https:\/\/www.betterconsultants.es\/ca\/wp-json\/wp\/v2\/pages\/594\/revisions\/17362"}],"wp:featuredmedia":[{"embeddable":true,"href":"https:\/\/www.betterconsultants.es\/ca\/wp-json\/wp\/v2\/media\/10041"}],"wp:attachment":[{"href":"https:\/\/www.betterconsultants.es\/ca\/wp-json\/wp\/v2\/media?parent=594"}],"curies":[{"name":"wp","href":"https:\/\/api.w.org\/{rel}","templated":true}]}}