{"id":629,"date":"2016-10-16T18:13:10","date_gmt":"2016-10-16T16:13:10","guid":{"rendered":"http:\/\/betterconsultants.es\/wordpress\/?page_id=629"},"modified":"2022-06-16T14:09:18","modified_gmt":"2022-06-16T12:09:18","slug":"receta-electronica-catalunya","status":"publish","type":"page","link":"https:\/\/www.betterconsultants.es\/ca\/receta-electronica-catalunya\/","title":{"rendered":"Recepta Electr\u00f2nica"},"content":{"rendered":"<p>[et_pb_section fb_built=&#8221;1&#8243; custom_padding_last_edited=&#8221;off|desktop&#8221; admin_label=&#8221;section&#8221; _builder_version=&#8221;4.16&#8243; use_background_color_gradient=&#8221;on&#8221; background_color_gradient_direction=&#8221;87deg&#8221; background_color_gradient_stops=&#8221;rgba(0,0,0,0.78) 12%|rgba(255,255,255,0.4) 35%&#8221; background_color_gradient_overlays_image=&#8221;on&#8221; background_color_gradient_start=&#8221;rgba(0,0,0,0.78)&#8221; background_color_gradient_start_position=&#8221;12%&#8221; background_color_gradient_end=&#8221;rgba(255,255,255,0.4)&#8221; background_color_gradient_end_position=&#8221;35%&#8221; background_image=&#8221;https:\/\/www.betterconsultants.es\/ca\/wp-content\/uploads\/2018\/03\/372278064_1280x720-1.jpg&#8221; animation_style=&#8221;zoom&#8221; animation_intensity_zoom=&#8221;2%&#8221; global_colors_info=&#8221;{}&#8221;][et_pb_row custom_padding_last_edited=&#8221;on|phone&#8221; _builder_version=&#8221;4.16&#8243; custom_padding=&#8221;230px|0px|230px|0px&#8221; custom_padding_tablet=&#8221;140px|0px|140px|0px&#8221; custom_padding_phone=&#8221;80px|0px|80px|0px&#8221; global_colors_info=&#8221;{}&#8221;][et_pb_column type=&#8221;4_4&#8243; _builder_version=&#8221;4.16&#8243; custom_padding=&#8221;|||&#8221; global_colors_info=&#8221;{}&#8221; custom_padding__hover=&#8221;|||&#8221;][\/et_pb_column][\/et_pb_row][\/et_pb_section][et_pb_section fb_built=&#8221;1&#8243; _builder_version=&#8221;4.16&#8243; global_colors_info=&#8221;{}&#8221;][et_pb_row column_structure=&#8221;1_2,1_2&#8243; _builder_version=&#8221;4.16&#8243; custom_padding=&#8221;90px|0px|30px|0px&#8221; global_colors_info=&#8221;{}&#8221;][et_pb_column type=&#8221;1_2&#8243; _builder_version=&#8221;4.16&#8243; custom_padding=&#8221;|||&#8221; global_colors_info=&#8221;{}&#8221; custom_padding__hover=&#8221;|||&#8221;][et_pb_text _builder_version=&#8221;4.16&#8243; text_font=&#8221;|300|||||||&#8221; header_text_color=&#8221;#000000&#8243; header_4_text_color=&#8221;#ffffff&#8221; background_color=&#8221;#ffffff&#8221; background_layout=&#8221;dark&#8221; custom_margin=&#8221;-180px|||&#8221; custom_margin_tablet=&#8221;&#8221; custom_margin_phone=&#8221;&#8221; custom_margin_last_edited=&#8221;on|desktop&#8221; custom_padding=&#8221;30px|30px|30px|30px&#8221; custom_padding_tablet=&#8221;80px|30px|43px|30px&#8221; custom_padding_phone=&#8221;&#8221; custom_padding_last_edited=&#8221;on|desktop&#8221; animation_style=&#8221;slide&#8221; animation_direction=&#8221;left&#8221; animation_duration=&#8221;500ms&#8221; animation_intensity_slide=&#8221;30%&#8221; animation_starting_opacity=&#8221;20%&#8221; header_font_size_tablet=&#8221;32px&#8221; header_font_size_phone=&#8221;28px&#8221; header_font_size_last_edited=&#8221;on|desktop&#8221; box_shadow_style=&#8221;preset1&#8243; global_colors_info=&#8221;{}&#8221;]<\/p>\n<h1><\/h1>\n<h1>Recepta Electr\u00f2nica<\/h1>\n<p>[\/et_pb_text][\/et_pb_column][et_pb_column type=&#8221;1_2&#8243; _builder_version=&#8221;4.16&#8243; custom_padding=&#8221;|||&#8221; global_colors_info=&#8221;{}&#8221; custom_padding__hover=&#8221;|||&#8221;][\/et_pb_column][\/et_pb_row][\/et_pb_section][et_pb_section fb_built=&#8221;1&#8243; admin_label=&#8221;section&#8221; _builder_version=&#8221;4.16&#8243; custom_padding=&#8221;13px|0px|66px|0px&#8221; global_colors_info=&#8221;{}&#8221;][et_pb_row _builder_version=&#8221;4.16&#8243; custom_padding=&#8221;0px|0px|27px|0px&#8221; global_colors_info=&#8221;{}&#8221;][et_pb_column type=&#8221;4_4&#8243; _builder_version=&#8221;4.16&#8243; custom_padding=&#8221;|||&#8221; global_colors_info=&#8221;{}&#8221; custom_padding__hover=&#8221;|||&#8221;][et_pb_text _builder_version=&#8221;4.16&#8243; global_colors_info=&#8221;{}&#8221;]<\/p>\n<h4>La Recepta Electr\u00f2nica ha fet passos molt importants en la seva extensi\u00f3, no nom\u00e9s a nivell territorial, sin\u00f3 tamb\u00e9 en el seu \u00fas per part del col\u00b7lectiu de professionals i en el grau d&#8217;integraci\u00f3 de la medicaci\u00f3 dels pacients, mantenint un nivell de satisfacci\u00f3 molt elevat a tots els nivells<\/h4>\n<p>[\/et_pb_text][\/et_pb_column][\/et_pb_row][et_pb_row column_structure=&#8221;1_2,1_2&#8243; _builder_version=&#8221;4.16&#8243; background_size=&#8221;initial&#8221; background_position=&#8221;top_left&#8221; background_repeat=&#8221;repeat&#8221; custom_padding=&#8221;46px|0px|13px|0px&#8221; global_colors_info=&#8221;{}&#8221;][et_pb_column type=&#8221;1_2&#8243; _builder_version=&#8221;4.16&#8243; custom_padding=&#8221;|||&#8221; global_colors_info=&#8221;{}&#8221; custom_padding__hover=&#8221;|||&#8221;][et_pb_text _builder_version=&#8221;4.16&#8243; custom_padding=&#8221;0px|0px|0px|0px&#8221; global_colors_info=&#8221;{}&#8221;]<\/p>\n<p>En el proc\u00e9s d\u2019Implantaci\u00f3 i Desenvolupament de la Recepta Electr\u00f2nica a Catalunya, que es va iniciar l\u2019any 2005, Better Consultants ha col\u2022laborat de forma ininterrompuda en els aspectes cr\u00edtics del projecte, entre els que destaquen:<\/p>\n<p style=\"padding-left: 30px;\">Definici\u00f3 del Model<\/p>\n<p style=\"padding-left: 30px;\">Oficina de Projectes<\/p>\n<p style=\"padding-left: 30px;\">Suport a la Implantaci\u00f3 a les Xarxes d\u2019Atenci\u00f3 Prim\u00e0ria<\/p>\n<p style=\"padding-left: 30px;\">Suport a la Implantaci\u00f3 a les Xarxes d\u2019 Atenci\u00f3 Especialitzada<\/p>\n<p style=\"padding-left: 30px;\">Suport a la Formaci\u00f3<\/p>\n<p style=\"padding-left: 30px;\">Avaluaci\u00f3 del Sistema<\/p>\n<p>&nbsp;<\/p>\n<p>[\/et_pb_text][\/et_pb_column][et_pb_column type=&#8221;1_2&#8243; _builder_version=&#8221;4.16&#8243; custom_padding=&#8221;|||&#8221; global_colors_info=&#8221;{}&#8221; custom_padding__hover=&#8221;|||&#8221;][et_pb_image src=&#8221;https:\/\/www.betterconsultants.es\/ca\/wp-content\/uploads\/2018\/03\/Farmacia-Delicias-Robots-1.jpg&#8221; force_fullwidth=&#8221;on&#8221; align_tablet=&#8221;center&#8221; align_phone=&#8221;&#8221; align_last_edited=&#8221;on|desktop&#8221; _builder_version=&#8221;4.16&#8243; animation_style=&#8221;zoom&#8221; animation_intensity_zoom=&#8221;2%&#8221; global_colors_info=&#8221;{}&#8221;][\/et_pb_image][\/et_pb_column][\/et_pb_row][et_pb_row column_structure=&#8221;1_4,1_4,1_4,1_4&#8243; _builder_version=&#8221;4.16&#8243; background_size=&#8221;initial&#8221; background_position=&#8221;top_left&#8221; background_repeat=&#8221;repeat&#8221; global_colors_info=&#8221;{}&#8221;][et_pb_column type=&#8221;1_4&#8243; _builder_version=&#8221;4.16&#8243; custom_padding=&#8221;|||&#8221; global_colors_info=&#8221;{}&#8221; custom_padding__hover=&#8221;|||&#8221;][et_pb_number_counter title=&#8221;Receptes electr\u00f2niques&#8221; number=&#8221;99.3&#8243; _builder_version=&#8221;4.17.4&#8243; hover_enabled=&#8221;0&#8243; global_colors_info=&#8221;{}&#8221; sticky_enabled=&#8221;0&#8243;][\/et_pb_number_counter][\/et_pb_column][et_pb_column type=&#8221;1_4&#8243; _builder_version=&#8221;4.16&#8243; custom_padding=&#8221;|||&#8221; global_colors_info=&#8221;{}&#8221; custom_padding__hover=&#8221;|||&#8221;][et_pb_number_counter title=&#8221;Milions de receptes dispensades&#8221; number=&#8221;1500&#8243; percent_sign=&#8221;off&#8221; _builder_version=&#8221;4.17.4&#8243; hover_enabled=&#8221;0&#8243; global_colors_info=&#8221;{}&#8221; sticky_enabled=&#8221;0&#8243;][\/et_pb_number_counter][\/et_pb_column][et_pb_column type=&#8221;1_4&#8243; _builder_version=&#8221;4.16&#8243; custom_padding=&#8221;|||&#8221; global_colors_info=&#8221;{}&#8221; custom_padding__hover=&#8221;|||&#8221;][et_pb_number_counter title=&#8221;Milions de pacients dispensats mensualment&#8221; number=&#8221;2.5&#8243; percent_sign=&#8221;off&#8221; _builder_version=&#8221;4.16&#8243; global_colors_info=&#8221;{}&#8221;][\/et_pb_number_counter][\/et_pb_column][et_pb_column type=&#8221;1_4&#8243; _builder_version=&#8221;4.16&#8243; custom_padding=&#8221;|||&#8221; global_colors_info=&#8221;{}&#8221; custom_padding__hover=&#8221;|||&#8221;][et_pb_number_counter title=&#8221;Farm\u00e0cies connectades&#8221; number=&#8221;3100&#8243; percent_sign=&#8221;off&#8221; _builder_version=&#8221;4.16&#8243; global_colors_info=&#8221;{}&#8221;][\/et_pb_number_counter][\/et_pb_column][\/et_pb_row][et_pb_row column_structure=&#8221;1_2,1_2&#8243; _builder_version=&#8221;4.16&#8243; background_size=&#8221;initial&#8221; background_position=&#8221;top_left&#8221; background_repeat=&#8221;repeat&#8221; custom_padding=&#8221;35px|0px|13px|0px&#8221; global_colors_info=&#8221;{}&#8221;][et_pb_column type=&#8221;1_2&#8243; _builder_version=&#8221;4.16&#8243; custom_padding=&#8221;|||&#8221; global_colors_info=&#8221;{}&#8221; custom_padding__hover=&#8221;|||&#8221;][et_pb_image src=&#8221;https:\/\/www.betterconsultants.es\/ca\/wp-content\/uploads\/2018\/03\/tsi2-1.jpg&#8221; force_fullwidth=&#8221;on&#8221; align_tablet=&#8221;center&#8221; align_phone=&#8221;&#8221; align_last_edited=&#8221;on|desktop&#8221; _builder_version=&#8221;4.16&#8243; animation_style=&#8221;zoom&#8221; animation_intensity_zoom=&#8221;2%&#8221; global_colors_info=&#8221;{}&#8221;][\/et_pb_image][\/et_pb_column][et_pb_column type=&#8221;1_2&#8243; _builder_version=&#8221;4.16&#8243; custom_padding=&#8221;|||&#8221; global_colors_info=&#8221;{}&#8221; custom_padding__hover=&#8221;|||&#8221;][et_pb_text _builder_version=&#8221;4.16&#8243; custom_padding=&#8221;20px|20px|20px|20px&#8221; global_colors_info=&#8221;{}&#8221;]<\/p>\n<p>El desplegament de la Recepta Electr\u00f2nica s\u2019ha completat plenament en els \u00e0mbits d\u2019atenci\u00f3 prim\u00e0ria (a prop de 40 institucions diferents) i en centres d\u2019atenci\u00f3 especialitzada, de tal manera que es poden dispensar receptes electr\u00f2niques a qualsevol de les m\u00e9s de 3100 farm\u00e0cies de Catalunya.<\/p>\n<p>Cada dia s&#8217;emeten m\u00e9s de <em><strong>mig mili\u00f3 de receptes electr\u00f2niques<\/strong><\/em>, i ja s&#8217;ha superat la xifra acumulada de <strong><em>1.500 milions de dispensacions<\/em><\/strong>. A l&#8217;actualitat m\u00e9s del <em><strong>99,3% de les receptes que es fan a Catalunya s\u00f3n electr\u00f2niques<\/strong><\/em>.<\/p>\n<p>[\/et_pb_text][\/et_pb_column][\/et_pb_row][et_pb_row column_structure=&#8221;1_2,1_2&#8243; use_custom_gutter=&#8221;on&#8221; gutter_width=&#8221;1&#8243; make_equal=&#8221;on&#8221; module_class=&#8221; et_pb_row_fullwidth&#8221; _builder_version=&#8221;4.16&#8243; background_size=&#8221;initial&#8221; background_position=&#8221;top_left&#8221; background_repeat=&#8221;repeat&#8221; width=&#8221;100%&#8221; width_tablet=&#8221;100%&#8221; width_phone=&#8221;&#8221; width_last_edited=&#8221;on|desktop&#8221; max_width=&#8221;100%&#8221; max_width_tablet=&#8221;100%&#8221; max_width_phone=&#8221;&#8221; max_width_last_edited=&#8221;on|desktop&#8221; custom_margin=&#8221;0px||0px|&#8221; custom_padding=&#8221;59px||50px|&#8221; animation_style=&#8221;zoom&#8221; animation_intensity_zoom=&#8221;2%&#8221; make_fullwidth=&#8221;on&#8221; global_colors_info=&#8221;{}&#8221;][et_pb_column type=&#8221;1_2&#8243; _builder_version=&#8221;4.16&#8243; background_image=&#8221;https:\/\/www.betterconsultants.es\/ca\/wp-content\/uploads\/2018\/03\/receta_electronica_23271-1.jpg&#8221; parallax=&#8221;on&#8221; custom_padding=&#8221;|||&#8221; global_colors_info=&#8221;{}&#8221; custom_padding__hover=&#8221;|||&#8221;][\/et_pb_column][et_pb_column type=&#8221;1_2&#8243; _builder_version=&#8221;4.16&#8243; background_color=&#8221;#f4f4f4&#8243; background_position=&#8221;top_left&#8221; custom_padding=&#8221;8%|6%|8%|6%&#8221; global_colors_info=&#8221;{}&#8221; custom_padding__hover=&#8221;|||&#8221;][et_pb_text _builder_version=&#8221;4.16&#8243; global_colors_info=&#8221;{}&#8221;]<\/p>\n<h4>El model de recepta electr\u00f2nica \u00e9s una eina fonamental en la millora de l&#8217;\u00fas racional del medicament i en la garantia de la sostenibilitat del sistema<\/h4>\n<p>&nbsp;<\/p>\n<p>[\/et_pb_text][et_pb_divider color=&#8221;#4e5ed0&#8243; divider_weight=&#8221;3px&#8221; disabled_on=&#8221;off|off|off&#8221; _builder_version=&#8221;4.16&#8243; background_color_gradient_direction=&#8221;90deg&#8221; max_width=&#8221;100px&#8221; module_alignment=&#8221;left&#8221; height=&#8221;5px&#8221; custom_margin=&#8221;||20px|&#8221; custom_padding=&#8221;||20px|&#8221; animation_style=&#8221;slide&#8221; animation_direction=&#8221;bottom&#8221; saved_tabs=&#8221;all&#8221; locked=&#8221;off&#8221; global_colors_info=&#8221;{}&#8221;][\/et_pb_divider][et_pb_text _builder_version=&#8221;4.16&#8243; global_colors_info=&#8221;{}&#8221;]<\/p>\n<h4>La base de coneixement que aporta aquest nou model, on els professionals del sistema tenen una visi\u00f3 completa de la medicaci\u00f3 del pacient, \u00e9s una ajuda clau per poder garantir un nivell assistencial efectiu, segur i competitiu en costos<\/h4>\n<p>[\/et_pb_text][\/et_pb_column][\/et_pb_row][et_pb_row column_structure=&#8221;1_2,1_2&#8243; _builder_version=&#8221;4.16&#8243; background_size=&#8221;initial&#8221; background_position=&#8221;top_left&#8221; background_repeat=&#8221;repeat&#8221; custom_padding=&#8221;40px|0px|13px|0px&#8221; global_colors_info=&#8221;{}&#8221;][et_pb_column type=&#8221;1_2&#8243; _builder_version=&#8221;4.16&#8243; custom_padding=&#8221;|||&#8221; global_colors_info=&#8221;{}&#8221; custom_padding__hover=&#8221;|||&#8221;][et_pb_text _builder_version=&#8221;4.16&#8243; custom_padding=&#8221;20px|20px|20px|20px&#8221; global_colors_info=&#8221;{}&#8221;]<\/p>\n<p>&nbsp;<\/p>\n<p>Al llarg del desplegament s&#8217;han consolidat diverses experi\u00e8ncies de prescripci\u00f3 electr\u00f2nica en l&#8217;\u00e0mbit d&#8217;atenci\u00f3 especialitzada, ambulat\u00f2ria i salut mental, obtenint resultats plenament satisfactoris en el nou model de funcionament conjunt Prim\u00e0ria-Especialitzada.<\/p>\n<p>La col\u00b7laboraci\u00f3 entre els col\u00b7lectius i associacions professionals han facilitat la completa extensi\u00f3 de la Recepta Electr\u00f2nica.<\/p>\n<p>[\/et_pb_text][et_pb_divider show_divider=&#8221;off&#8221; _builder_version=&#8221;4.16&#8243; height=&#8221;51px&#8221; global_colors_info=&#8221;{}&#8221;][\/et_pb_divider][\/et_pb_column][et_pb_column type=&#8221;1_2&#8243; _builder_version=&#8221;4.16&#8243; custom_padding=&#8221;|||&#8221; global_colors_info=&#8221;{}&#8221; custom_padding__hover=&#8221;|||&#8221;][et_pb_image src=&#8221;https:\/\/www.betterconsultants.es\/ca\/wp-content\/uploads\/2018\/03\/recepta-electronica-tambe-hospitals-ICS_735536518_11688593_651x366-1.jpg&#8221; force_fullwidth=&#8221;on&#8221; align_tablet=&#8221;center&#8221; align_phone=&#8221;&#8221; align_last_edited=&#8221;on|desktop&#8221; _builder_version=&#8221;4.16&#8243; animation_style=&#8221;zoom&#8221; animation_intensity_zoom=&#8221;2%&#8221; global_colors_info=&#8221;{}&#8221;][\/et_pb_image][\/et_pb_column][\/et_pb_row][et_pb_row column_structure=&#8221;1_2,1_2&#8243; _builder_version=&#8221;4.16&#8243; background_size=&#8221;initial&#8221; background_position=&#8221;top_left&#8221; background_repeat=&#8221;repeat&#8221; custom_padding=&#8221;50px|0px|13px|0px|false|false&#8221; global_colors_info=&#8221;{}&#8221;][et_pb_column type=&#8221;1_2&#8243; _builder_version=&#8221;4.16&#8243; custom_padding=&#8221;|||&#8221; global_colors_info=&#8221;{}&#8221; custom_padding__hover=&#8221;|||&#8221;][et_pb_image src=&#8221;https:\/\/www.betterconsultants.es\/ca\/wp-content\/uploads\/2018\/03\/Farmaciax47412.jpg&#8221; force_fullwidth=&#8221;on&#8221; align_tablet=&#8221;center&#8221; align_phone=&#8221;&#8221; align_last_edited=&#8221;on|desktop&#8221; _builder_version=&#8221;4.16&#8243; animation_style=&#8221;zoom&#8221; animation_intensity_zoom=&#8221;2%&#8221; global_colors_info=&#8221;{}&#8221;][\/et_pb_image][\/et_pb_column][et_pb_column type=&#8221;1_2&#8243; _builder_version=&#8221;4.16&#8243; custom_padding=&#8221;|||&#8221; global_colors_info=&#8221;{}&#8221; custom_padding__hover=&#8221;|||&#8221;][et_pb_text _builder_version=&#8221;4.16&#8243; custom_padding=&#8221;0px|0px|0px|0px&#8221; global_colors_info=&#8221;{}&#8221;]<\/p>\n<p><span style=\"font-size: 16px;\">El model de Recepta Electr\u00f2nica ha evolucionat en diferents direccions, entre les quals destaquen<\/span><\/p>\n<p style=\"padding-left: 30px;\">La incorporaci\u00f3 de noves funcions avan\u00e7ades (com ara millora de la seguretat cl\u00ednica en la prescripci\u00f3 i dispensaci\u00f3),<\/p>\n<p style=\"padding-left: 30px;\">La interconnexi\u00f3 amb sistemes de Recepta Electr\u00f2nica d&#8217;altres comunitats aut\u00f2nomes i altres pa\u00efsos de la Uni\u00f3 Europea.<\/p>\n<p style=\"padding-left: 30px;\">La visi\u00f3 completa de la medicaci\u00f3 d&#8217;un pacient amb independ\u00e8ncia de l&#8217;origen de la prescripci\u00f3.<\/p>\n<p>&nbsp;<\/p>\n<p>[\/et_pb_text][et_pb_divider show_divider=&#8221;off&#8221; _builder_version=&#8221;4.16&#8243; global_colors_info=&#8221;{}&#8221;][\/et_pb_divider][\/et_pb_column][\/et_pb_row][\/et_pb_section]<\/p>\n","protected":false},"excerpt":{"rendered":"<p>[et_pb_section bb_built=&#8221;1&#8243; admin_label=&#8221;section&#8221; custom_padding_last_edited=&#8221;off|desktop&#8221; _builder_version=&#8221;3.0.105&#8243; use_background_color_gradient=&#8221;on&#8221; background_color_gradient_start=&#8221;rgba(0,0,0,0.78)&#8221; background_color_gradient_end=&#8221;rgba(255,255,25&#8230;<\/p>\n","protected":false},"author":1,"featured_media":7749,"parent":0,"menu_order":0,"comment_status":"closed","ping_status":"closed","template":"","meta":{"_et_pb_use_builder":"on","_et_pb_old_content":"<p>En el proceso de Implantaci\u00f3n y Desarrollo de la Receta Electr\u00f3nica en Catalu\u00f1a, que se inici\u00f3 en el a\u00f1o 2005, Better Consultants ha colaborado de forma ininterrumpida en los aspectos cr\u00edticos del proyecto, entre los que destacan:<\/p><ul><li>Definici\u00f3n del Modelo,<\/li><li>Oficina de Proyectos,<\/li><li>Soporte a la Implantaci\u00f3n en la red de Atenci\u00f3n Primaria<\/li><li>Soporte a la Implantaci\u00f3n en la red de Atenci\u00f3n Especializada<\/li><li>Apoyo a la Formaci\u00f3n<\/li><li>Evaluaci\u00f3n del Sistema<\/li><\/ul><p>Durante los \u00faltimos a\u00f1os la Receta Electr\u00f3nica ha dado pasos muy importantes en su extensi\u00f3n, no s\u00f3lo a nivel territorial, sino tambi\u00e9n en su uso por parte del colectivo de profesionales y en el grado de integraci\u00f3n de la medicaci\u00f3n de los pacientes, manteniendo un nivel de satisfacci\u00f3n muy elevado por parte de los usuarios.<\/p><p>Se ha completado plenamente el despliegue de la Receta Electr\u00f3nica en los \u00e1mbitos de atenci\u00f3n primaria (cerca de 40 instituciones distintas) y\u00a0centros de atenci\u00f3n especializada, de tal manera que se puede dispensar recetas electr\u00f3nicas en cualquiera de las m\u00e1s de 3000 farmacias de Catalu\u00f1a.<\/p><p>Actualmente ya se ha superado la cifra acumulada de<strong><em>\u00a0500 millones de dispensaciones<\/em><\/strong>, de tal forma que a finales de 2014, <strong><em>m\u00e1s del 95% de las recetas <\/em><\/strong>que se hacen en Catalu\u00f1a son electr\u00f3nicas. Las recetas en papel tienen un car\u00e1cter meramente residual.<\/p><p>Asimismo tras la realizaci\u00f3n de un proyecto piloto, se han consolidado varias experiencias de prescripci\u00f3n electr\u00f3nica en el \u00e1mbito de atenci\u00f3n especializada ambulatoria y salud mental, obteniendo resultados satisfactorios del funcionamiento del modelo conjunto Primaria-Especializada, que han facilitado la extensi\u00f3n de la Receta Electr\u00f3nica a lo largo de los \u00faltimos meses.<\/p><p>Este nuevo modelo de funcionamiento es una herramienta fundamental en la mejora del uso racional del medicamento y en la garant\u00eda de la sostenibilidad del sistema. La base de conocimiento que aporta este nuevo modelo, donde los profesionales del sistema tienen una visi\u00f3n completa de la medicaci\u00f3n del paciente, es una ayuda clave para poder garantizar un nivel asistencial efectivo, seguro y competitivo en costes.<\/p><p>El modelo de Receta Electr\u00f3nica contin\u00faa su evoluci\u00f3n en diferentes direcciones, entre las que destacan la incorporaci\u00f3n de nuevas funciones avanzadas (como por ejemplo mejora de la seguridad cl\u00ednica en la prescripci\u00f3n) o la interconexi\u00f3n con sistemas de Receta Electr\u00f3nica de otras Comunidades Aut\u00f3nomas y otros pa\u00edses de la Uni\u00f3n Europea<\/p>","_et_gb_content_width":"","footnotes":""},"class_list":["post-629","page","type-page","status-publish","has-post-thumbnail","hentry"],"_links":{"self":[{"href":"https:\/\/www.betterconsultants.es\/ca\/wp-json\/wp\/v2\/pages\/629","targetHints":{"allow":["GET"]}}],"collection":[{"href":"https:\/\/www.betterconsultants.es\/ca\/wp-json\/wp\/v2\/pages"}],"about":[{"href":"https:\/\/www.betterconsultants.es\/ca\/wp-json\/wp\/v2\/types\/page"}],"author":[{"embeddable":true,"href":"https:\/\/www.betterconsultants.es\/ca\/wp-json\/wp\/v2\/users\/1"}],"replies":[{"embeddable":true,"href":"https:\/\/www.betterconsultants.es\/ca\/wp-json\/wp\/v2\/comments?post=629"}],"version-history":[{"count":150,"href":"https:\/\/www.betterconsultants.es\/ca\/wp-json\/wp\/v2\/pages\/629\/revisions"}],"predecessor-version":[{"id":18439,"href":"https:\/\/www.betterconsultants.es\/ca\/wp-json\/wp\/v2\/pages\/629\/revisions\/18439"}],"wp:featuredmedia":[{"embeddable":true,"href":"https:\/\/www.betterconsultants.es\/ca\/wp-json\/wp\/v2\/media\/7749"}],"wp:attachment":[{"href":"https:\/\/www.betterconsultants.es\/ca\/wp-json\/wp\/v2\/media?parent=629"}],"curies":[{"name":"wp","href":"https:\/\/api.w.org\/{rel}","templated":true}]}}