{"id":638,"date":"2016-10-16T18:16:40","date_gmt":"2016-10-16T16:16:40","guid":{"rendered":"http:\/\/betterconsultants.es\/wordpress\/?page_id=638"},"modified":"2019-01-28T20:07:16","modified_gmt":"2019-01-28T19:07:16","slug":"motor-publicacion-alfresco","status":"publish","type":"page","link":"https:\/\/www.betterconsultants.es\/ca\/motor-publicacion-alfresco\/","title":{"rendered":"Motor de publicaci\u00f3 sobre Alfresco"},"content":{"rendered":"<p>[et_pb_section fb_built=&#8221;1&#8243; custom_padding_last_edited=&#8221;off|desktop&#8221; admin_label=&#8221;section&#8221; _builder_version=&#8221;3.19.9&#8243; background_image=&#8221;https:\/\/www.betterconsultants.es\/ca\/wp-content\/uploads\/2018\/01\/document_management4.jpg&#8221; animation_style=&#8221;zoom&#8221; animation_intensity_zoom=&#8221;2%&#8221;][et_pb_row custom_padding=&#8221;230px|0px|230px|0px&#8221; custom_padding_tablet=&#8221;140px|0px|140px|0px&#8221; custom_padding_phone=&#8221;80px|0px|80px|0px&#8221; custom_padding_last_edited=&#8221;on|phone&#8221; _builder_version=&#8221;3.0.105&#8243;][et_pb_column type=&#8221;4_4&#8243; _builder_version=&#8221;3.0.47&#8243; parallax=&#8221;off&#8221; parallax_method=&#8221;on&#8221;][\/et_pb_column][\/et_pb_row][\/et_pb_section][et_pb_section fb_built=&#8221;1&#8243; _builder_version=&#8221;3.0.47&#8243;][et_pb_row custom_padding=&#8221;90px|0px|30px|0px&#8221; _builder_version=&#8221;3.0.105&#8243;][et_pb_column type=&#8221;1_2&#8243; _builder_version=&#8221;3.0.47&#8243; parallax=&#8221;off&#8221; parallax_method=&#8221;on&#8221;][et_pb_text _builder_version=&#8221;3.0.105&#8243; text_font=&#8221;|300|||||||&#8221; header_text_color=&#8221;#000000&#8243; header_font_size_tablet=&#8221;32px&#8221; header_font_size_phone=&#8221;28px&#8221; header_font_size_last_edited=&#8221;on|desktop&#8221; header_4_text_color=&#8221;#ffffff&#8221; background_color=&#8221;#ffffff&#8221; box_shadow_style=&#8221;preset1&#8243; background_layout=&#8221;dark&#8221; custom_margin=&#8221;-180px|||&#8221; custom_margin_last_edited=&#8221;on|desktop&#8221; custom_padding=&#8221;30px|30px|30px|30px&#8221; custom_padding_tablet=&#8221;80px|30px|43px|30px&#8221; custom_padding_last_edited=&#8221;on|desktop&#8221; animation_style=&#8221;slide&#8221; animation_direction=&#8221;left&#8221; animation_duration=&#8221;500ms&#8221; animation_intensity_slide=&#8221;30%&#8221; animation_starting_opacity=&#8221;20%&#8221;]<\/p>\n<h1><\/h1>\n<h1>Motor de publicaci\u00f3 sobre Alfresco<\/h1>\n<p>[\/et_pb_text][\/et_pb_column][et_pb_column type=&#8221;1_2&#8243; _builder_version=&#8221;3.0.47&#8243; parallax=&#8221;off&#8221; parallax_method=&#8221;on&#8221;][\/et_pb_column][\/et_pb_row][\/et_pb_section][et_pb_section fb_built=&#8221;1&#8243; admin_label=&#8221;section&#8221; _builder_version=&#8221;3.0.47&#8243;][et_pb_row custom_padding=&#8221;0px|0px|50px|0px|false|false&#8221; _builder_version=&#8221;3.0.105&#8243;][et_pb_column type=&#8221;4_4&#8243; _builder_version=&#8221;3.0.47&#8243; parallax=&#8221;off&#8221; parallax_method=&#8221;on&#8221;][et_pb_text _builder_version=&#8221;3.0.106&#8243;]<\/p>\n<h4>En el marc de l&#8217;optimitzaci\u00f3 de la gesti\u00f3 documental en Open Source, la nostra Firma ha desenvolupat una innovadora capa d&#8217;aplicacions que agilitza tant la publicaci\u00f3 com la cerca i localitzaci\u00f3 de documents en el gestor documental Alfresco.<\/h4>\n<h4>Aquesta capa de software permet a\u00efllar l&#8217;usuari de l&#8217;estructura interna en que es guarden els documents, tant en el moment de guardar la informaci\u00f3 com de recuperar-la.<\/h4>\n<p>[\/et_pb_text][\/et_pb_column][\/et_pb_row][et_pb_row custom_padding=&#8221;13px|0px|50px|0px|false|false&#8221; _builder_version=&#8221;3.0.48&#8243; background_size=&#8221;initial&#8221; background_position=&#8221;top_left&#8221; background_repeat=&#8221;repeat&#8221;][et_pb_column type=&#8221;1_2&#8243; _builder_version=&#8221;3.0.47&#8243; parallax=&#8221;off&#8221; parallax_method=&#8221;on&#8221;][et_pb_text _builder_version=&#8221;3.19.6&#8243; custom_padding=&#8221;0px|0px|0px|0px&#8221;]<\/p>\n<h3>Publicaci\u00f3 d&#8217;Informaci\u00f3<\/h3>\n<p>El nostre m\u00f2dul, desenvolupat sota arquitectura .NET, s\u2019invoca des del men\u00fa contextual de windows (bot\u00f3 dret) del document que es vol publicar.<\/p>\n<p>L&#8217;aplicaci\u00f3 permet la publicaci\u00f3 autom\u00e0tica en el gestor documental del document seleccionat, informant les dades m\u00ednimes necess\u00e0ries per identificar el tipus de document i el seu nom.<\/p>\n<p>[\/et_pb_text][\/et_pb_column][et_pb_column type=&#8221;1_2&#8243; _builder_version=&#8221;3.0.47&#8243; parallax=&#8221;off&#8221; parallax_method=&#8221;on&#8221;][et_pb_image src=&#8221;https:\/\/www.betterconsultants.es\/ca\/wp-content\/uploads\/2018\/01\/document-management3.png&#8221; align=&#8221;center&#8221; force_fullwidth=&#8221;on&#8221; admin_label=&#8221;Imagen&#8221; _builder_version=&#8221;3.19.9&#8243; custom_margin=&#8221;|||&#8221; animation_style=&#8221;zoom&#8221; use_border_color=&#8221;off&#8221; animation_intensity_zoom=&#8221;2%&#8221;][\/et_pb_image][\/et_pb_column][\/et_pb_row][et_pb_row custom_padding=&#8221;50px|0px|50px|0px|false|false&#8221; _builder_version=&#8221;3.0.48&#8243; background_size=&#8221;initial&#8221; background_position=&#8221;top_left&#8221; background_repeat=&#8221;repeat&#8221;][et_pb_column type=&#8221;1_2&#8243; _builder_version=&#8221;3.0.47&#8243; parallax=&#8221;off&#8221; parallax_method=&#8221;on&#8221;][et_pb_image src=&#8221;https:\/\/www.betterconsultants.es\/ca\/wp-content\/uploads\/2016\/10\/Alfresco.jpg&#8221; align=&#8221;center&#8221; admin_label=&#8221;Imagen&#8221; _builder_version=&#8221;3.19.9&#8243; custom_padding=&#8221;50px||&#8221; animation_style=&#8221;zoom&#8221; use_border_color=&#8221;off&#8221; border_color=&#8221;#ffffff&#8221; border_style=&#8221;solid&#8221; animation=&#8221;fade_in&#8221; sticky=&#8221;off&#8221; animation_intensity_zoom=&#8221;2%&#8221;][\/et_pb_image][\/et_pb_column][et_pb_column type=&#8221;1_2&#8243; _builder_version=&#8221;3.0.47&#8243; parallax=&#8221;off&#8221; parallax_method=&#8221;on&#8221;][et_pb_text _builder_version=&#8221;3.19.6&#8243; custom_padding=&#8221;0px|0px|0px|0px&#8221;]<\/p>\n<ul>\n<li>Decideix en quina zona de l&#8217;estructura interna del gestor documental s&#8217;ha de guardar el document<\/li>\n<li>D\u00f3na al document un nom estandarditzat en funci\u00f3 del seu tipus i de les dades de pantalla<\/li>\n<li>Dota al document de les metadades necess\u00e0ries per la seva classificaci\u00f3 i posterior cerca<\/li>\n<li>Guarda una \u00fanica c\u00f2pia de cada document. En cas que un mateix document s&#8217;hagi de guardar en diverses estructures, crea refer\u00e8ncies creuades en les estructures cap al document guardat.<\/li>\n<li>Permet gestionar els documents ja publicats per esmenar possibles errors.<\/li>\n<\/ul>\n<p>[\/et_pb_text][\/et_pb_column][\/et_pb_row][et_pb_row make_fullwidth=&#8221;on&#8221; use_custom_gutter=&#8221;on&#8221; gutter_width=&#8221;1&#8243; custom_padding=&#8221;0||0||false|false&#8221; custom_margin=&#8221;0px||0px|&#8221; make_equal=&#8221;on&#8221; background_color_2=&#8221;#f4f4f4&#8243; bg_img_1=&#8221;https:\/\/www.betterconsultants.es\/ca\/wp-content\/uploads\/2019\/01\/document0765.jpg&#8221; parallax_1=&#8221;on&#8221; background_position_1=&#8221;top_left&#8221; background_position_2=&#8221;top_left&#8221; background_repeat_1=&#8221;no-repeat&#8221; background_repeat_2=&#8221;no-repeat&#8221; padding_top_2=&#8221;8%&#8221; padding_right_2=&#8221;6%&#8221; padding_bottom_2=&#8221;8%&#8221; padding_left_2=&#8221;6%&#8221; _builder_version=&#8221;3.19.9&#8243; background_size=&#8221;initial&#8221; background_position=&#8221;top_left&#8221; background_repeat=&#8221;repeat&#8221; locked=&#8221;off&#8221; animation_style=&#8221;zoom&#8221; animation_intensity_zoom=&#8221;2%&#8221;][et_pb_column type=&#8221;1_2&#8243; _builder_version=&#8221;3.0.47&#8243; bg_img=&#8221;https:\/\/www.betterconsultants.es\/ca\/wp-content\/uploads\/2019\/01\/document0765.jpg&#8221; parallax=&#8221;on&#8221; parallax_method=&#8221;on&#8221; background_position=&#8221;top_left&#8221; background_repeat=&#8221;no-repeat&#8221;][\/et_pb_column][et_pb_column type=&#8221;1_2&#8243; _builder_version=&#8221;3.0.47&#8243; padding_bottom=&#8221;8%&#8221; padding_left=&#8221;6%&#8221; padding_right=&#8221;6%&#8221; padding_top=&#8221;8%&#8221; background_color=&#8221;#f4f4f4&#8243; parallax=&#8221;off&#8221; parallax_method=&#8221;on&#8221; background_position=&#8221;top_left&#8221; background_repeat=&#8221;no-repeat&#8221;][et_pb_text _builder_version=&#8221;3.2.1&#8243;]<\/p>\n<h4>La soluci\u00f3 facilita la publicaci\u00f3 autom\u00e0tica en el gestor documental del document seleccionat, informant les dades m\u00ednimes necess\u00e0ries per identificar el tipus de document i el seu nom<\/h4>\n<p>\u00a0<span style=\"font-size: 16px;\">\u00a0<\/span><\/p>\n<p>[\/et_pb_text][et_pb_divider color=&#8221;#4e5ed0&#8243; divider_weight=&#8221;3px&#8221; height=&#8221;5px&#8221; disabled_on=&#8221;off|off|off&#8221; _builder_version=&#8221;3.19.6&#8243; background_color_gradient_direction=&#8221;90deg&#8221; max_width=&#8221;100px&#8221; module_alignment=&#8221;left&#8221; custom_margin=&#8221;||20px|&#8221; custom_padding=&#8221;||20px|&#8221; animation_style=&#8221;slide&#8221; animation_direction=&#8221;bottom&#8221; saved_tabs=&#8221;all&#8221; locked=&#8221;off&#8221;][\/et_pb_divider][et_pb_text _builder_version=&#8221;3.2.1&#8243;]<\/p>\n<h4>El resultat de la cerca d\u2019informaci\u00f3 es presenta com una llista de documents, de carpetes, o combinada d\u2019ambd\u00f3s conceptes<\/h4>\n<p>[\/et_pb_text][\/et_pb_column][\/et_pb_row][et_pb_row custom_padding=&#8221;50px|0px|13px|0px|false|false&#8221; _builder_version=&#8221;3.0.48&#8243; background_size=&#8221;initial&#8221; background_position=&#8221;top_left&#8221; background_repeat=&#8221;repeat&#8221;][et_pb_column type=&#8221;1_2&#8243; _builder_version=&#8221;3.0.47&#8243; parallax=&#8221;off&#8221; parallax_method=&#8221;on&#8221;][et_pb_text _builder_version=&#8221;3.19.6&#8243; custom_padding=&#8221;0px|0px|0px|0px&#8221;]<\/p>\n<h3>Consulta de la informaci\u00f3<\/h3>\n<p>L&#8217; eina web permet realitzar la cerca de documents publicats seguint diferents criteris associats a les metadades de cada document, informades en el moment de la publicaci\u00f3. D&#8217;aquesta manera s&#8217;evita a l&#8217;usuari la cerca per carpetes i l&#8217;acc\u00e9s directe a Alfresco, i proporciona una interf\u00edcie molt m\u00e9s senzilla i atractiva.<\/p>\n<p>[\/et_pb_text][\/et_pb_column][et_pb_column type=&#8221;1_2&#8243; _builder_version=&#8221;3.0.47&#8243; parallax=&#8221;off&#8221; parallax_method=&#8221;on&#8221;][et_pb_image src=&#8221;https:\/\/www.betterconsultants.es\/ca\/wp-content\/uploads\/2019\/01\/document-0045jpg.jpg&#8221; align=&#8221;center&#8221; admin_label=&#8221;Imagen&#8221; _builder_version=&#8221;3.19.9&#8243; animation_style=&#8221;zoom&#8221; use_border_color=&#8221;off&#8221; animation_intensity_zoom=&#8221;2%&#8221;][\/et_pb_image][\/et_pb_column][\/et_pb_row][et_pb_row custom_padding=&#8221;50px|0px|13px|0px|false|false&#8221; _builder_version=&#8221;3.0.48&#8243; background_size=&#8221;initial&#8221; background_position=&#8221;top_left&#8221; background_repeat=&#8221;repeat&#8221;][et_pb_column type=&#8221;1_2&#8243; _builder_version=&#8221;3.0.47&#8243; parallax=&#8221;off&#8221; parallax_method=&#8221;on&#8221;][et_pb_image src=&#8221;https:\/\/www.betterconsultants.es\/ca\/wp-content\/uploads\/2018\/01\/alfrescodefault.jpg&#8221; align=&#8221;center&#8221; admin_label=&#8221;Imagen&#8221; _builder_version=&#8221;3.19.9&#8243; animation_style=&#8221;zoom&#8221; use_border_color=&#8221;off&#8221; animation_intensity_zoom=&#8221;2%&#8221;][\/et_pb_image][\/et_pb_column][et_pb_column type=&#8221;1_2&#8243; _builder_version=&#8221;3.0.47&#8243; parallax=&#8221;off&#8221; parallax_method=&#8221;on&#8221;][et_pb_text _builder_version=&#8221;3.19.6&#8243; custom_padding=&#8221;|||&#8221;]<\/p>\n<p><span style=\"font-size: 16px;\">El resultat de la cerca d\u2019informaci\u00f3 es presenta com una llista de documents, de carpetes, o combinada d\u2019ambd\u00f3s conceptes.\u00a0Un cop seleccionant el document resultant de la cerca, s&#8217;obre en pantalla el document guardat al gestor documental. Al fer click sobre una carpeta, s\u2019activa l&#8217;aplicaci\u00f3 Alfresco, que permet navegar per la seva estructura interna i fer servir les seves funcionalitats habituals.<\/span><\/p>\n<p>Aix\u00ed mateix, l\u2019entorn de configuraci\u00f3 permet definir quins documents que es poden publicar, en quina part de l&#8217;estructura s&#8217;han de guardar, com s&#8217;ha de construir el nom del document, quines dades s&#8217;han de sol\u2022licitar per pantalla, etc.<\/p>\n<p>[\/et_pb_text][et_pb_divider show_divider=&#8221;off&#8221; height=&#8221;100px&#8221; _builder_version=&#8221;3.2&#8243;][\/et_pb_divider][\/et_pb_column][\/et_pb_row][\/et_pb_section]<\/p>\n","protected":false},"excerpt":{"rendered":"<p>[et_pb_section bb_built=&#8221;1&#8243; admin_label=&#8221;section&#8221; custom_padding_last_edited=&#8221;off|desktop&#8221; _builder_version=&#8221;3.0.105&#8243; background_image=&#8221;https:\/\/www.betterconsultants.es\/ca\/wp-content\/uploads\/2018\/01\/document_management4.jpg&#8221; next_background_color=&#8221;#0&#8230;<\/p>\n","protected":false},"author":1,"featured_media":7856,"parent":0,"menu_order":0,"comment_status":"closed","ping_status":"closed","template":"","meta":{"_et_pb_use_builder":"on","_et_pb_old_content":"<p>En el marco de la optimizaci\u00f3n de la gesti\u00f3n documental en Open Source, nuestra Firma ha desarrollado una innovadora capa de aplicaciones que agiliza tanto la publicaci\u00f3n como la b\u00fasqueda y localizaci\u00f3n de documentos en el gestor documental Alfresco.<br \/> Esta capa de software permite aislar al usuario de la estructura interna en la que se almacenan los documentos, tanto en el momento de guardar la informaci\u00f3n como de consultarla.<\/p><p><strong>Publicaci\u00f3n de la informaci\u00f3n<\/strong><\/p><p>Nuestro m\u00f3dulo, desarrollado bajo arquitectura .NET, se invoca desde el men\u00fa contextual de windows (bot\u00f3n derecho) del documento que se quiere publicar. La aplicaci\u00f3n permite la publicaci\u00f3n autom\u00e1tica en el gestor documental del documento seleccionado, informando los datos m\u00ednimos necesarios para identificar el tipo de documento y su nombre. A partir de estos datos, nuestro motor de publicaci\u00f3n:<\/p><ul><li>Decide en qu\u00e9 zona de la estructura interna del gestor documental se debe almacenar el documento<\/li><li>Da al documento un nombre estandarizado en funci\u00f3n de su tipo y de los datos de pantalla<\/li><li>Dota al documento de los metadatos necesarios para su clasificaci\u00f3n y posterior b\u00fasqueda<\/li><li>Guarda una \u00fanica copia de cada documento. En caso de que un mismo documento se tenga que guardar en diversas estructuras, crea referencias cruzadas en las estructuras hacia el documento guardado.<\/li><li>Permite gestionar los documentos ya publicados para corregir posibles errores.<\/li><\/ul><p><strong>Consulta de la informaci\u00f3n<\/strong><\/p><p>Se ha creado una herramienta web permite realizar la b\u00fasqueda de documentos publicados siguiendo diferentes criterios asociados a los metadatos de cada documento, informadas en el momento de la publicaci\u00f3n. De esta manera se evita al usuario la b\u00fasqueda por carpetas y el acceso directo a Alfresco, proporcionando una interfaz mucho m\u00e1s sencilla y atractiva.<\/p><p>El resultado de la b\u00fasqueda de informaci\u00f3n se presenta como una lista de documentos, carpetas, o combinaci\u00f3n de ambos conceptos.\u00a0Una vez seleccionando un documento resultante de la b\u00fasqueda, se abre en pantalla el documento guardado en el gestor documental. Al hacer clic sobre una carpeta, se activa la aplicaci\u00f3n Alfresco, que permite navegar por su estructura interna y utilizar sus funcionalidades habituales.<\/p><p>Asimismo, el entorno de configuraci\u00f3n permite definir cu\u00e1les son los documentos que se pueden publicar, en qu\u00e9 parte de la estructura se deben guardar, como se ha de construir el nombre del documento, qu\u00e9 datos se deben solicitar por pantalla, etc.<\/p>","_et_gb_content_width":"","footnotes":""},"class_list":["post-638","page","type-page","status-publish","has-post-thumbnail","hentry"],"_links":{"self":[{"href":"https:\/\/www.betterconsultants.es\/ca\/wp-json\/wp\/v2\/pages\/638","targetHints":{"allow":["GET"]}}],"collection":[{"href":"https:\/\/www.betterconsultants.es\/ca\/wp-json\/wp\/v2\/pages"}],"about":[{"href":"https:\/\/www.betterconsultants.es\/ca\/wp-json\/wp\/v2\/types\/page"}],"author":[{"embeddable":true,"href":"https:\/\/www.betterconsultants.es\/ca\/wp-json\/wp\/v2\/users\/1"}],"replies":[{"embeddable":true,"href":"https:\/\/www.betterconsultants.es\/ca\/wp-json\/wp\/v2\/comments?post=638"}],"version-history":[{"count":91,"href":"https:\/\/www.betterconsultants.es\/ca\/wp-json\/wp\/v2\/pages\/638\/revisions"}],"predecessor-version":[{"id":16798,"href":"https:\/\/www.betterconsultants.es\/ca\/wp-json\/wp\/v2\/pages\/638\/revisions\/16798"}],"wp:featuredmedia":[{"embeddable":true,"href":"https:\/\/www.betterconsultants.es\/ca\/wp-json\/wp\/v2\/media\/7856"}],"wp:attachment":[{"href":"https:\/\/www.betterconsultants.es\/ca\/wp-json\/wp\/v2\/media?parent=638"}],"curies":[{"name":"wp","href":"https:\/\/api.w.org\/{rel}","templated":true}]}}