{"id":643,"date":"2016-10-16T18:18:10","date_gmt":"2016-10-16T16:18:10","guid":{"rendered":"http:\/\/betterconsultants.es\/wordpress\/?page_id=643"},"modified":"2019-01-28T20:08:03","modified_gmt":"2019-01-28T19:08:03","slug":"intranet-gestion-comercial","status":"publish","type":"page","link":"https:\/\/www.betterconsultants.es\/ca\/intranet-gestion-comercial\/","title":{"rendered":"Intranet de gesti\u00f3 comercial"},"content":{"rendered":"<p>[et_pb_section fb_built=&#8221;1&#8243; custom_padding_last_edited=&#8221;off|desktop&#8221; admin_label=&#8221;section&#8221; _builder_version=&#8221;3.19.9&#8243; background_image=&#8221;https:\/\/www.betterconsultants.es\/ca\/wp-content\/uploads\/2018\/01\/sales-network-zambelli-416.png&#8221; animation_style=&#8221;zoom&#8221; animation_intensity_zoom=&#8221;2%&#8221;][et_pb_row custom_padding=&#8221;230px|0px|230px|0px&#8221; custom_padding_tablet=&#8221;140px|0px|140px|0px&#8221; custom_padding_phone=&#8221;80px|0px|80px|0px&#8221; custom_padding_last_edited=&#8221;on|phone&#8221; _builder_version=&#8221;3.0.105&#8243;][et_pb_column type=&#8221;4_4&#8243; _builder_version=&#8221;3.0.47&#8243; parallax=&#8221;off&#8221; parallax_method=&#8221;on&#8221;][\/et_pb_column][\/et_pb_row][\/et_pb_section][et_pb_section fb_built=&#8221;1&#8243; _builder_version=&#8221;3.0.47&#8243;][et_pb_row custom_padding=&#8221;90px|0px|30px|0px&#8221; _builder_version=&#8221;3.0.105&#8243;][et_pb_column type=&#8221;1_2&#8243; _builder_version=&#8221;3.0.47&#8243; parallax=&#8221;off&#8221; parallax_method=&#8221;on&#8221;][et_pb_text _builder_version=&#8221;3.0.105&#8243; text_font=&#8221;|300|||||||&#8221; header_text_color=&#8221;#000000&#8243; header_font_size_tablet=&#8221;32px&#8221; header_font_size_phone=&#8221;28px&#8221; header_font_size_last_edited=&#8221;on|desktop&#8221; header_4_text_color=&#8221;#ffffff&#8221; background_color=&#8221;#ffffff&#8221; box_shadow_style=&#8221;preset1&#8243; background_layout=&#8221;dark&#8221; custom_margin=&#8221;-180px|||&#8221; custom_margin_last_edited=&#8221;on|desktop&#8221; custom_padding=&#8221;30px|30px|30px|30px&#8221; custom_padding_tablet=&#8221;80px|30px|43px|30px&#8221; custom_padding_last_edited=&#8221;on|desktop&#8221; animation_style=&#8221;slide&#8221; animation_direction=&#8221;left&#8221; animation_duration=&#8221;500ms&#8221; animation_intensity_slide=&#8221;30%&#8221; animation_starting_opacity=&#8221;20%&#8221;]<\/p>\n<h1><\/h1>\n<h1>Intranet de gesti\u00f3 comercial<\/h1>\n<p>[\/et_pb_text][\/et_pb_column][et_pb_column type=&#8221;1_2&#8243; _builder_version=&#8221;3.0.47&#8243; parallax=&#8221;off&#8221; parallax_method=&#8221;on&#8221;][\/et_pb_column][\/et_pb_row][\/et_pb_section][et_pb_section fb_built=&#8221;1&#8243; admin_label=&#8221;section&#8221; _builder_version=&#8221;3.0.47&#8243;][et_pb_row _builder_version=&#8221;3.0.48&#8243; background_size=&#8221;initial&#8221; background_position=&#8221;top_left&#8221; background_repeat=&#8221;repeat&#8221;][et_pb_column type=&#8221;1_2&#8243; _builder_version=&#8221;3.0.47&#8243; parallax=&#8221;off&#8221; parallax_method=&#8221;on&#8221;][et_pb_divider show_divider=&#8221;off&#8221; height=&#8221;50px&#8221; _builder_version=&#8221;3.2&#8243;][\/et_pb_divider][et_pb_text _builder_version=&#8221;3.0.94&#8243; custom_padding=&#8221;20px|20px|20px|20px&#8221;]Sistema concebut per a optimitzar l&#8217;acc\u00e9s a la informaci\u00f3 comercial des de qualsevol punt de la xarxa i a qualsevol nivell: Gerents d&#8217;\u00e0rea, Gerents de producte, Agents visitadors, Direcci\u00f3, etc.<\/p>\n<p>Desenvolupat en una plataforma tecnol\u00f2gica que facilita l&#8217;acc\u00e9s remot, permet una navegaci\u00f3 senzilla i minimitza les tasques de manteniment.<\/p>\n<p>S&#8217;integra amb els sistemes de suport a forces de vendes m\u00e9s habituals al mercat (Salesforce, Siebel, etc.)<br \/>\n[\/et_pb_text][\/et_pb_column][et_pb_column type=&#8221;1_2&#8243; _builder_version=&#8221;3.0.47&#8243; parallax=&#8221;off&#8221; parallax_method=&#8221;on&#8221;][et_pb_image src=&#8221;https:\/\/www.betterconsultants.es\/ca\/wp-content\/uploads\/2016\/10\/systems-integration3.png&#8221; align=&#8221;center&#8221; force_fullwidth=&#8221;on&#8221; admin_label=&#8221;Imagen&#8221; _builder_version=&#8221;3.19.9&#8243; animation_style=&#8221;zoom&#8221; use_border_color=&#8221;off&#8221; animation_intensity_zoom=&#8221;2%&#8221;][\/et_pb_image][et_pb_divider show_divider=&#8221;off&#8221; _builder_version=&#8221;3.2&#8243;][\/et_pb_divider][\/et_pb_column][\/et_pb_row][et_pb_row _builder_version=&#8221;3.0.48&#8243; background_size=&#8221;initial&#8221; background_position=&#8221;top_left&#8221; background_repeat=&#8221;repeat&#8221;][et_pb_column type=&#8221;1_2&#8243; _builder_version=&#8221;3.0.47&#8243; parallax=&#8221;off&#8221; parallax_method=&#8221;on&#8221;][et_pb_divider show_divider=&#8221;off&#8221; height=&#8221;100px&#8221; _builder_version=&#8221;3.2&#8243;][\/et_pb_divider][et_pb_image src=&#8221;https:\/\/www.betterconsultants.es\/ca\/wp-content\/uploads\/2016\/10\/4554784_s.jpg&#8221; align=&#8221;center&#8221; force_fullwidth=&#8221;on&#8221; admin_label=&#8221;Imagen&#8221; _builder_version=&#8221;3.19.9&#8243; animation_style=&#8221;zoom&#8221; use_border_color=&#8221;off&#8221; animation_intensity_zoom=&#8221;2%&#8221;][\/et_pb_image][\/et_pb_column][et_pb_column type=&#8221;1_2&#8243; _builder_version=&#8221;3.0.47&#8243; parallax=&#8221;off&#8221; parallax_method=&#8221;on&#8221;][et_pb_text _builder_version=&#8221;3.0.106&#8243; custom_padding=&#8221;20px|20px|20px|20px&#8221;]Arbre d&#8217;estructura de la xarxa comercial.<\/p>\n<p>Interf\u00edcie universal amb societats d&#8217;an\u00e0lisi de vendes en el seu sector.<\/p>\n<p>Conceptes d&#8217;an\u00e0lisi en m\u00faltiples dimensions (geogr\u00e0fica, mercat, productes, agents, etc.).<\/p>\n<p>An\u00e0lisi comparatiu de la pr\u00f2pia empresa respecte a la compet\u00e8ncia.<\/p>\n<p>Flexibilitat en l&#8217;acc\u00e9s i en el manteniment de la informaci\u00f3.<\/p>\n<p>Punt de trobada virtual per a la xarxa comercial.<\/p>\n<p>Tecnologia d&#8217;\u00faltima generaci\u00f3.<\/p>\n<p>Administraci\u00f3 i gesti\u00f3 pr\u00f2pia del sistema.<br \/>\n[\/et_pb_text][\/et_pb_column][\/et_pb_row][\/et_pb_section]<\/p>\n","protected":false},"excerpt":{"rendered":"<p>[et_pb_section bb_built=&#8221;1&#8243; admin_label=&#8221;section&#8221; custom_padding_last_edited=&#8221;off|desktop&#8221; _builder_version=&#8221;3.0.105&#8243; background_image=&#8221;https:\/\/www.betterconsultants.es\/ca\/wp-content\/uploads\/2018\/01\/sales-network-zambelli-416.png&#8221; next_background_col&#8230;<\/p>\n","protected":false},"author":1,"featured_media":7871,"parent":0,"menu_order":0,"comment_status":"closed","ping_status":"closed","template":"","meta":{"_et_pb_use_builder":"on","_et_pb_old_content":"<p>Sistema concebido para optimizar el acceso a la informaci\u00f3n comercial desde cualquier punto de la red y a cualquier nivel: Gerentes de \u00e1rea, Gerentes de producto, Agentes visitadores, Direcci\u00f3n, etc.<\/p><p>Desarrollado en una plataforma tecnol\u00f3gica que facilita el acceso remoto, permite una navegaci\u00f3n sencilla y minimiza las tareas de mantenimiento. Basado en:<\/p><ul><li>\u00c1rbol de estructura de la red comercial.<\/li><li>Interfaz universal con sociedades de an\u00e1lisis de ventas en su sector.<\/li><li>Conceptos de an\u00e1lisis en m\u00faltiples dimensiones (geogr\u00e1fica, mercado, productos, agentes, etc.).<\/li><li>An\u00e1lisis comparativo de la propia empresa respecto a la competencia.<\/li><li>Flexibilidad en el acceso y en el mantenimiento de la informaci\u00f3n.<\/li><li>Punto de encuentro virtual para la red comercial.<\/li><li>Tecnolog\u00eda de \u00faltima generaci\u00f3n.<\/li><li>Administraci\u00f3n y gesti\u00f3n propia del sistema.<\/li><\/ul>","_et_gb_content_width":"","footnotes":""},"class_list":["post-643","page","type-page","status-publish","has-post-thumbnail","hentry"],"_links":{"self":[{"href":"https:\/\/www.betterconsultants.es\/ca\/wp-json\/wp\/v2\/pages\/643","targetHints":{"allow":["GET"]}}],"collection":[{"href":"https:\/\/www.betterconsultants.es\/ca\/wp-json\/wp\/v2\/pages"}],"about":[{"href":"https:\/\/www.betterconsultants.es\/ca\/wp-json\/wp\/v2\/types\/page"}],"author":[{"embeddable":true,"href":"https:\/\/www.betterconsultants.es\/ca\/wp-json\/wp\/v2\/users\/1"}],"replies":[{"embeddable":true,"href":"https:\/\/www.betterconsultants.es\/ca\/wp-json\/wp\/v2\/comments?post=643"}],"version-history":[{"count":72,"href":"https:\/\/www.betterconsultants.es\/ca\/wp-json\/wp\/v2\/pages\/643\/revisions"}],"predecessor-version":[{"id":16799,"href":"https:\/\/www.betterconsultants.es\/ca\/wp-json\/wp\/v2\/pages\/643\/revisions\/16799"}],"wp:featuredmedia":[{"embeddable":true,"href":"https:\/\/www.betterconsultants.es\/ca\/wp-json\/wp\/v2\/media\/7871"}],"wp:attachment":[{"href":"https:\/\/www.betterconsultants.es\/ca\/wp-json\/wp\/v2\/media?parent=643"}],"curies":[{"name":"wp","href":"https:\/\/api.w.org\/{rel}","templated":true}]}}