{"id":653,"date":"2016-10-16T19:38:23","date_gmt":"2016-10-16T17:38:23","guid":{"rendered":"http:\/\/betterconsultants.es\/wordpress\/?page_id=653"},"modified":"2019-01-28T20:01:44","modified_gmt":"2019-01-28T19:01:44","slug":"arquitectura-multi-canal","status":"publish","type":"page","link":"https:\/\/www.betterconsultants.es\/ca\/arquitectura-multi-canal\/","title":{"rendered":"Arquitectura multi-canal"},"content":{"rendered":"<p>[et_pb_section fb_built=&#8221;1&#8243; custom_padding_last_edited=&#8221;off|desktop&#8221; admin_label=&#8221;section&#8221; _builder_version=&#8221;3.19.9&#8243; background_image=&#8221;https:\/\/www.betterconsultants.es\/ca\/wp-content\/uploads\/2018\/01\/internet-banca.jpg&#8221; animation_style=&#8221;zoom&#8221; animation_intensity_zoom=&#8221;2%&#8221;][et_pb_row custom_padding=&#8221;230px|0px|230px|0px&#8221; custom_padding_tablet=&#8221;140px|0px|140px|0px&#8221; custom_padding_phone=&#8221;80px|0px|80px|0px&#8221; custom_padding_last_edited=&#8221;on|phone&#8221; _builder_version=&#8221;3.0.105&#8243;][et_pb_column type=&#8221;4_4&#8243; _builder_version=&#8221;3.0.47&#8243; parallax=&#8221;off&#8221; parallax_method=&#8221;on&#8221;][\/et_pb_column][\/et_pb_row][\/et_pb_section][et_pb_section fb_built=&#8221;1&#8243; _builder_version=&#8221;3.0.47&#8243;][et_pb_row custom_padding=&#8221;90px|0px|30px|0px&#8221; _builder_version=&#8221;3.0.105&#8243;][et_pb_column type=&#8221;1_2&#8243; _builder_version=&#8221;3.0.47&#8243; parallax=&#8221;off&#8221; parallax_method=&#8221;on&#8221;][et_pb_text _builder_version=&#8221;3.0.105&#8243; text_font=&#8221;|300|||||||&#8221; header_text_color=&#8221;#000000&#8243; header_font_size_tablet=&#8221;32px&#8221; header_font_size_phone=&#8221;28px&#8221; header_font_size_last_edited=&#8221;on|desktop&#8221; header_4_text_color=&#8221;#ffffff&#8221; background_color=&#8221;#ffffff&#8221; box_shadow_style=&#8221;preset1&#8243; background_layout=&#8221;dark&#8221; custom_margin=&#8221;-180px|||&#8221; custom_margin_last_edited=&#8221;on|desktop&#8221; custom_padding=&#8221;30px|30px|30px|30px&#8221; custom_padding_tablet=&#8221;80px|30px|43px|30px&#8221; custom_padding_last_edited=&#8221;on|desktop&#8221; animation_style=&#8221;slide&#8221; animation_direction=&#8221;left&#8221; animation_duration=&#8221;500ms&#8221; animation_intensity_slide=&#8221;30%&#8221; animation_starting_opacity=&#8221;20%&#8221;]<\/p>\n<h1><\/h1>\n<h1>Arquitectura multi-canal<\/h1>\n<p>[\/et_pb_text][\/et_pb_column][et_pb_column type=&#8221;1_2&#8243; _builder_version=&#8221;3.0.47&#8243; parallax=&#8221;off&#8221; parallax_method=&#8221;on&#8221;][\/et_pb_column][\/et_pb_row][\/et_pb_section][et_pb_section fb_built=&#8221;1&#8243; admin_label=&#8221;section&#8221; _builder_version=&#8221;3.0.47&#8243; custom_padding=&#8221;0|0px|13px|0px&#8221;][et_pb_row custom_padding=&#8221;0|0px|13px|0px&#8221; _builder_version=&#8221;3.0.47&#8243; background_size=&#8221;initial&#8221; background_position=&#8221;top_left&#8221; background_repeat=&#8221;repeat&#8221;][et_pb_column type=&#8221;4_4&#8243; _builder_version=&#8221;3.0.47&#8243; parallax=&#8221;off&#8221; parallax_method=&#8221;on&#8221;][et_pb_text _builder_version=&#8221;3.19.6&#8243; custom_padding=&#8221;0px|0px|0px|0px|true|true&#8221;]<\/p>\n<h4>La nostra Firma ha desenvolupat una moderna arquitectura que utilitza el concepte d\u2019operaci\u00f3, ent\u00e8s com el conjunt de transaccions necess\u00e0ries per a completar una operaci\u00f3 banc\u00e0ria.<\/h4>\n<h4>Les operacions d\u2019actualitzaci\u00f3 i manteniment del software local es realitzen sense intervenci\u00f3 de l\u2019usuari.<\/h4>\n<h4>L\u2019arquitectura multi-canal d\u00f2na suport a diferents entorns de presentaci\u00f3, i \u00e9s independent dels sistemes transaccionals de l\u2019Entitat i dels dispositius utilitzats.<\/h4>\n<p>[\/et_pb_text][\/et_pb_column][\/et_pb_row][et_pb_row _builder_version=&#8221;3.0.47&#8243; background_size=&#8221;initial&#8221; background_position=&#8221;top_left&#8221; background_repeat=&#8221;repeat&#8221;][et_pb_column type=&#8221;1_3&#8243; _builder_version=&#8221;3.0.47&#8243; parallax=&#8221;off&#8221; parallax_method=&#8221;on&#8221;][et_pb_divider show_divider=&#8221;off&#8221; height=&#8221;50px&#8221; _builder_version=&#8221;3.2&#8243;]&nbsp;<br \/>\n[\/et_pb_divider][et_pb_text _builder_version=&#8221;3.0.106&#8243; text_text_color=&#8221;#0c71c3&#8243; header_text_color=&#8221;#0c71c3&#8243;]<\/p>\n<h3>Orientaci\u00f3 a Usuari<\/h3>\n<p>[\/et_pb_text][et_pb_text _builder_version=&#8221;3.0.106&#8243; custom_padding=&#8221;20px|20px|20px|20px&#8221;]Dissenys moderns, orientats a dispositius t\u00e0ctils (scrolling, visualitzacions clares i directes, accessos des de \u201cqu\u00e8 vull fer\u201d, \u2026).<\/p>\n<p>Ajudes a usuaris via \u201cassistents virtuals\u201d i eines personalitzades en funci\u00f3 de la localitzaci\u00f3 geogr\u00e0fica.<\/p>\n<p>Integraci\u00f3 amb xarxes socials: entrada al banc des de Facebook, twitter, \u2026<br \/>\n[\/et_pb_text][\/et_pb_column][et_pb_column type=&#8221;2_3&#8243; _builder_version=&#8221;3.0.47&#8243; parallax=&#8221;off&#8221; parallax_method=&#8221;on&#8221;][et_pb_image src=&#8221;https:\/\/www.betterconsultants.es\/ca\/wp-content\/uploads\/2016\/10\/Arquitectura-multicanal-e1496835700643.jpg&#8221; align=&#8221;center&#8221; force_fullwidth=&#8221;on&#8221; admin_label=&#8221;Imagen&#8221; _builder_version=&#8221;3.19.9&#8243; animation_style=&#8221;zoom&#8221; use_border_color=&#8221;off&#8221; animation_intensity_zoom=&#8221;2%&#8221;]&nbsp;<br \/>\n[\/et_pb_image][\/et_pb_column][\/et_pb_row][et_pb_row custom_padding=&#8221;13px|0px|45px|0px&#8221; _builder_version=&#8221;3.0.47&#8243; background_size=&#8221;initial&#8221; background_position=&#8221;top_left&#8221; background_repeat=&#8221;repeat&#8221;][et_pb_column type=&#8221;1_2&#8243; _builder_version=&#8221;3.0.47&#8243; parallax=&#8221;off&#8221; parallax_method=&#8221;on&#8221;][et_pb_image src=&#8221;https:\/\/www.betterconsultants.es\/ca\/wp-content\/uploads\/2018\/01\/WSs7.jpg&#8221; _builder_version=&#8221;3.19.9&#8243; animation_style=&#8221;zoom&#8221; animation_intensity_zoom=&#8221;2%&#8221;]&nbsp;<br \/>\n[\/et_pb_image][\/et_pb_column][et_pb_column type=&#8221;1_2&#8243; _builder_version=&#8221;3.0.47&#8243; parallax=&#8221;off&#8221; parallax_method=&#8221;on&#8221;][et_pb_text _builder_version=&#8221;3.0.106&#8243; custom_padding=&#8221;20px|20px|20px|20px&#8221;]<\/p>\n<h3>Tecnologia<\/h3>\n<ul>\n<li>Adopci\u00f3 dels m\u00e9s recents est\u00e0ndards en programaci\u00f3 web (HTML5\/CSS3)<\/li>\n<li>Patr\u00f3 MVC (model vista controlador), a trav\u00e9s de frameworks com spring o struts.<\/li>\n<li>Desenvolupament de serveis de negoci comuns des dels diferents canals d\u2019acc\u00e9s.<\/li>\n<\/ul>\n<p>[\/et_pb_text][\/et_pb_column][\/et_pb_row][et_pb_row make_fullwidth=&#8221;on&#8221; use_custom_gutter=&#8221;on&#8221; gutter_width=&#8221;1&#8243; custom_padding=&#8221;28px||50px|&#8221; custom_margin=&#8221;0px||0px|&#8221; make_equal=&#8221;on&#8221; background_color_2=&#8221;#f4f4f4&#8243; bg_img_1=&#8221;https:\/\/www.betterconsultants.es\/ca\/wp-content\/uploads\/2018\/02\/BI-106344.jpg&#8221; parallax_1=&#8221;on&#8221; background_position_1=&#8221;top_left&#8221; background_position_2=&#8221;top_left&#8221; background_repeat_1=&#8221;no-repeat&#8221; background_repeat_2=&#8221;no-repeat&#8221; padding_top_2=&#8221;8%&#8221; padding_right_2=&#8221;6%&#8221; padding_bottom_2=&#8221;8%&#8221; padding_left_2=&#8221;6%&#8221; _builder_version=&#8221;3.19.9&#8243; background_size=&#8221;initial&#8221; background_position=&#8221;top_left&#8221; background_repeat=&#8221;repeat&#8221; animation_style=&#8221;zoom&#8221; animation_intensity_zoom=&#8221;2%&#8221;][et_pb_column type=&#8221;1_2&#8243; _builder_version=&#8221;3.0.47&#8243; bg_img=&#8221;https:\/\/www.betterconsultants.es\/ca\/wp-content\/uploads\/2018\/02\/BI-106344.jpg&#8221; parallax=&#8221;on&#8221; parallax_method=&#8221;on&#8221; background_position=&#8221;top_left&#8221; background_repeat=&#8221;no-repeat&#8221;][\/et_pb_column][et_pb_column type=&#8221;1_2&#8243; _builder_version=&#8221;3.0.47&#8243; padding_bottom=&#8221;8%&#8221; padding_left=&#8221;6%&#8221; padding_right=&#8221;6%&#8221; padding_top=&#8221;8%&#8221; background_color=&#8221;#f4f4f4&#8243; parallax=&#8221;off&#8221; parallax_method=&#8221;on&#8221; background_position=&#8221;top_left&#8221; background_repeat=&#8221;no-repeat&#8221;][et_pb_text _builder_version=&#8221;3.0.106&#8243;]<\/p>\n<h4>Actualment la comercialitzaci\u00f3 de productes destinats als potencials clients en entitats financeres, grups de comunicaci\u00f3, empreses de telefonia etc., es realitza utilitzant els canals m\u00e9s diversificats per a la\u00a0 distribuci\u00f3<\/h4>\n<p>\u00a0<span style=\"font-size: 16px;\">\u00a0<\/span><\/p>\n<p>[\/et_pb_text][et_pb_divider color=&#8221;#4e5ed0&#8243; divider_weight=&#8221;3px&#8221; height=&#8221;5px&#8221; disabled_on=&#8221;off|off|off&#8221; _builder_version=&#8221;3.19.5&#8243; background_color_gradient_direction=&#8221;90deg&#8221; max_width=&#8221;100px&#8221; module_alignment=&#8221;left&#8221; custom_margin=&#8221;||20px|&#8221; custom_padding=&#8221;||20px|&#8221; animation_style=&#8221;slide&#8221; animation_direction=&#8221;bottom&#8221; saved_tabs=&#8221;all&#8221; locked=&#8221;off&#8221;]&nbsp;<br \/>\n[\/et_pb_divider][et_pb_text _builder_version=&#8221;3.0.106&#8243;]<\/p>\n<h4>Aportem un s\u00f2lid conjunt de solucions pensades per donar suport a la distribuci\u00f3 multi-canal i que engloben un ampli rang de funcionalitats.<\/h4>\n<p>[\/et_pb_text][\/et_pb_column][\/et_pb_row][et_pb_row _builder_version=&#8221;3.0.47&#8243; background_size=&#8221;initial&#8221; background_position=&#8221;top_left&#8221; background_repeat=&#8221;repeat&#8221;][et_pb_column type=&#8221;1_2&#8243; _builder_version=&#8221;3.0.47&#8243; parallax=&#8221;off&#8221; parallax_method=&#8221;on&#8221;][et_pb_text _builder_version=&#8221;3.19.6&#8243; custom_padding=&#8221;50px|0px|0px|0px||true&#8221; custom_padding_tablet=&#8221;0px||&#8221; custom_padding_last_edited=&#8221;on|desktop&#8221;]<\/p>\n<h3>Distribuci\u00f3 per m\u00faltiples canals<\/h3>\n<p>La comercialitzaci\u00f3 de productes destinats a potencials clients en entitats financeres, grups de comunicaci\u00f3, empreses de telefonia etc., es realitza utilitzant els m\u00e9s diversos canals per a la distribuci\u00f3: Internet, tel\u00e8fon, agents, partners, etc.<\/p>\n<p>En aquest escenari apareix la necessitat de dotar els sistemes d\u2019informaci\u00f3 de la capacitat de tractar un nou concepte: <strong>el canal de distribuci\u00f3<\/strong> o de venda.<\/p>\n<p>La nostra Firma aporta un s\u00f2lid conjunt de solucions pensades per a donar suport a la distribuci\u00f3 multi-canal i que engloben un ampli rang de funcionalitats.<\/p>\n<p>[\/et_pb_text][\/et_pb_column][et_pb_column type=&#8221;1_2&#8243; _builder_version=&#8221;3.0.47&#8243; parallax=&#8221;off&#8221; parallax_method=&#8221;on&#8221;][et_pb_divider show_divider=&#8221;off&#8221; _builder_version=&#8221;3.2&#8243; custom_margin=&#8221;40px|||&#8221;]&nbsp;<br \/>\n[\/et_pb_divider][et_pb_image src=&#8221;https:\/\/www.betterconsultants.es\/ca\/wp-content\/uploads\/2017\/10\/210647.png&#8221; _builder_version=&#8221;3.19.9&#8243; animation_style=&#8221;zoom&#8221; animation_intensity_zoom=&#8221;2%&#8221;]&nbsp;<br \/>\n[\/et_pb_image][\/et_pb_column][\/et_pb_row][et_pb_row _builder_version=&#8221;3.0.47&#8243; background_size=&#8221;initial&#8221; background_position=&#8221;top_left&#8221; background_repeat=&#8221;repeat&#8221;][et_pb_column type=&#8221;1_2&#8243; _builder_version=&#8221;3.0.47&#8243; parallax=&#8221;off&#8221; parallax_method=&#8221;on&#8221;][et_pb_divider show_divider=&#8221;off&#8221; _builder_version=&#8221;3.2&#8243; custom_margin=&#8221;40px|||&#8221;]&nbsp;<br \/>\n[\/et_pb_divider][et_pb_image src=&#8221;https:\/\/www.betterconsultants.es\/ca\/wp-content\/uploads\/2016\/10\/system-integration2.jpg&#8221; align=&#8221;center&#8221; admin_label=&#8221;Imagen&#8221; _builder_version=&#8221;3.19.9&#8243; animation_style=&#8221;zoom&#8221; use_border_color=&#8221;off&#8221; animation_intensity_zoom=&#8221;2%&#8221;]&nbsp;<br \/>\n[\/et_pb_image][\/et_pb_column][et_pb_column type=&#8221;1_2&#8243; _builder_version=&#8221;3.0.47&#8243; parallax=&#8221;off&#8221; parallax_method=&#8221;on&#8221;][et_pb_text _builder_version=&#8221;3.19.6&#8243; custom_padding=&#8221;30px|0px|30px|0px|true|true&#8221; custom_padding_tablet=&#8221;0px||0px||true&#8221; custom_padding_last_edited=&#8221;on|desktop&#8221;]<\/p>\n<h3>Funcionalitats<\/h3>\n<p>Solucionar la problem\u00e0tica d\u2019aplicar per a un mateix producte diferents tarifes, en funci\u00f3 del canal de distribuci\u00f3 i\/o venda.<\/p>\n<p>Gesti\u00f3 efectiva dels m\u00faltiples canals de distribuci\u00f3, amb diferents vies d\u2019acc\u00e9s.<\/p>\n<p>Control dels processos de negoci i la qualitat de servei en els nous canals de distribuci\u00f3 (sense pres\u00e8ncia f\u00edsica del client).<\/p>\n<p>[\/et_pb_text][et_pb_text _builder_version=&#8221;3.19.6&#8243; custom_padding=&#8221;30px|0px|30px|0px|true|true&#8221; custom_padding_tablet=&#8221;0px||0px||true&#8221; custom_padding_last_edited=&#8221;on|desktop&#8221;]<\/p>\n<h3>Metodolog\u00eda<\/h3>\n<p>Metodologies \u00e0gils d\u2019implantaci\u00f3: Scrum, Kanban, Scrumban, \u2026<\/p>\n<p>Eines web col \u2022 laboratives per a la gesti\u00f3 del projecte, el seguiment de les incid\u00e8ncies i la publicaci\u00f3 dels serveis: Google, Jira, Wiki, \u2026<\/p>\n<p>[\/et_pb_text][\/et_pb_column][\/et_pb_row][\/et_pb_section]<\/p>\n","protected":false},"excerpt":{"rendered":"<p>[et_pb_section bb_built=&#8221;1&#8243; admin_label=&#8221;section&#8221; custom_padding_last_edited=&#8221;off|desktop&#8221; _builder_version=&#8221;3.0.105&#8243; background_image=&#8221;https:\/\/www.betterconsultants.es\/ca\/wp-content\/uploads\/2018\/01\/internet-banca.jpg&#8221; next_background_color=&#8221;#000000&#8243;&#8230;<\/p>\n","protected":false},"author":1,"featured_media":7424,"parent":0,"menu_order":0,"comment_status":"closed","ping_status":"closed","template":"","meta":{"_et_pb_use_builder":"on","_et_pb_old_content":"<p>Moderna arquitectura que utiliza el concepto de operaci\u00f3n, entendido como el conjunto de transacciones necesarias para completar una operaci\u00f3n bancaria.<\/p><p>Las operaciones de actualizaci\u00f3n y mantenimiento del software local se realizan sin intervenci\u00f3n del usuario.<\/p><p>La arquitectura multi-canal soporta distintos entornos de presentaci\u00f3n, y es independiente de los sistemas transaccionales de la Entidad y de los dispositivos utilizados.<\/p><p>Tecnolog\u00eda<\/p><ul><li>Adopci\u00f3n de los m\u00e1s recientes est\u00e1ndares en programaci\u00f3n web (HTML5\/CSS3).<\/li><li>Patr\u00f3n MVC (modelo vista controlador), a trav\u00e9s de frameworks como spring o struts.<\/li><li>Desarrollo de servicios de negocio comunes desde los diferentes canales de acceso.<\/li><\/ul><p>Orientaci\u00f3n al usuario final<\/p><ul><li>Dise\u00f1os modernos, orientados a dispositivos t\u00e1ctiles (scrolling, visualizaciones claras y directas, accesos desde \u201cqu\u00e9 quiero hacer\u201d, ...).<\/li><li>Ayudas a usuarios v\u00eda \u201casistentes virtuales\u201d y herramientas personalizadas en funci\u00f3n de la localizaci\u00f3n geogr\u00e1fica.<\/li><li>Integraci\u00f3n con redes sociales: entrada al banco desde facebook, twitter, ...<\/li><\/ul><p>Metodolog\u00eda<\/p><ul><li>Metodolog\u00edas \u00e1giles de implantaci\u00f3n: Scrum, Kanban, Scrumban, ...<\/li><li>Herramientas web colaborativas para la gesti\u00f3n del proyecto, el seguimiento de las incidencias y la publicaci\u00f3n de los servicios: Google, Jira, Wiki, ...<\/li><\/ul>","_et_gb_content_width":"","footnotes":""},"class_list":["post-653","page","type-page","status-publish","has-post-thumbnail","hentry"],"_links":{"self":[{"href":"https:\/\/www.betterconsultants.es\/ca\/wp-json\/wp\/v2\/pages\/653","targetHints":{"allow":["GET"]}}],"collection":[{"href":"https:\/\/www.betterconsultants.es\/ca\/wp-json\/wp\/v2\/pages"}],"about":[{"href":"https:\/\/www.betterconsultants.es\/ca\/wp-json\/wp\/v2\/types\/page"}],"author":[{"embeddable":true,"href":"https:\/\/www.betterconsultants.es\/ca\/wp-json\/wp\/v2\/users\/1"}],"replies":[{"embeddable":true,"href":"https:\/\/www.betterconsultants.es\/ca\/wp-json\/wp\/v2\/comments?post=653"}],"version-history":[{"count":153,"href":"https:\/\/www.betterconsultants.es\/ca\/wp-json\/wp\/v2\/pages\/653\/revisions"}],"predecessor-version":[{"id":16792,"href":"https:\/\/www.betterconsultants.es\/ca\/wp-json\/wp\/v2\/pages\/653\/revisions\/16792"}],"wp:featuredmedia":[{"embeddable":true,"href":"https:\/\/www.betterconsultants.es\/ca\/wp-json\/wp\/v2\/media\/7424"}],"wp:attachment":[{"href":"https:\/\/www.betterconsultants.es\/ca\/wp-json\/wp\/v2\/media?parent=653"}],"curies":[{"name":"wp","href":"https:\/\/api.w.org\/{rel}","templated":true}]}}