{"id":7405,"date":"2018-01-08T13:00:01","date_gmt":"2018-01-08T12:00:01","guid":{"rendered":"http:\/\/www.betterconsultants.es\/ca\/?page_id=7405"},"modified":"2020-02-13T09:56:00","modified_gmt":"2020-02-13T08:56:00","slug":"better-consultants-enfoque-proyectos-metodologia-scrum","status":"publish","type":"page","link":"https:\/\/www.betterconsultants.es\/ca\/better-consultants-enfoque-proyectos-metodologia-scrum\/","title":{"rendered":"Enfocament de Projectes"},"content":{"rendered":"<p>[et_pb_section fb_built=&#8221;1&#8243; custom_padding_last_edited=&#8221;off|desktop&#8221; admin_label=&#8221;section&#8221; _builder_version=&#8221;4.3.2&#8243; background_image=&#8221;https:\/\/www.betterconsultants.es\/ca\/wp-content\/uploads\/2020\/02\/Scrum-3ds.jpg&#8221; animation_style=&#8221;zoom&#8221; animation_intensity_zoom=&#8221;2%&#8221; hover_enabled=&#8221;0&#8243;][et_pb_row custom_padding_last_edited=&#8221;on|phone&#8221; _builder_version=&#8221;3.25&#8243; custom_padding=&#8221;230px|0px|230px|0px&#8221; custom_padding_tablet=&#8221;140px|0px|140px|0px&#8221; custom_padding_phone=&#8221;80px|0px|80px|0px&#8221;][et_pb_column type=&#8221;4_4&#8243; _builder_version=&#8221;3.25&#8243; custom_padding=&#8221;|||&#8221; custom_padding__hover=&#8221;|||&#8221;][\/et_pb_column][\/et_pb_row][\/et_pb_section][et_pb_section fb_built=&#8221;1&#8243; _builder_version=&#8221;3.22&#8243;][et_pb_row _builder_version=&#8221;3.25&#8243; custom_padding=&#8221;90px|0px|30px|0px&#8221; column_structure=&#8221;1_2,1_2&#8243;][et_pb_column type=&#8221;1_2&#8243; _builder_version=&#8221;3.25&#8243; custom_padding=&#8221;|||&#8221; custom_padding__hover=&#8221;|||&#8221;][et_pb_text _builder_version=&#8221;3.27.4&#8243; text_font=&#8221;|300|||||||&#8221; header_text_color=&#8221;#000000&#8243; header_4_text_color=&#8221;#ffffff&#8221; background_color=&#8221;#ffffff&#8221; background_layout=&#8221;dark&#8221; custom_margin=&#8221;-180px|||&#8221; custom_margin_tablet=&#8221;&#8221; custom_margin_phone=&#8221;&#8221; custom_margin_last_edited=&#8221;on|desktop&#8221; custom_padding=&#8221;30px|30px|30px|30px&#8221; custom_padding_tablet=&#8221;80px|30px|43px|30px&#8221; custom_padding_phone=&#8221;&#8221; custom_padding_last_edited=&#8221;on|desktop&#8221; animation_style=&#8221;slide&#8221; animation_direction=&#8221;left&#8221; animation_duration=&#8221;500ms&#8221; animation_intensity_slide=&#8221;30%&#8221; animation_starting_opacity=&#8221;20%&#8221; header_font_size_tablet=&#8221;32px&#8221; header_font_size_phone=&#8221;28px&#8221; header_font_size_last_edited=&#8221;on|desktop&#8221; box_shadow_style=&#8221;preset1&#8243;]<\/p>\n<h1><\/h1>\n<h1>Enfocament de projectes<\/h1>\n<p>[\/et_pb_text][\/et_pb_column][et_pb_column type=&#8221;1_2&#8243; _builder_version=&#8221;3.25&#8243; custom_padding=&#8221;|||&#8221; custom_padding__hover=&#8221;|||&#8221;][\/et_pb_column][\/et_pb_row][\/et_pb_section][et_pb_section fb_built=&#8221;1&#8243; admin_label=&#8221;section&#8221; _builder_version=&#8221;3.22&#8243;][et_pb_row _builder_version=&#8221;3.25&#8243; custom_padding=&#8221;0px|0px|27px|0px&#8221;][et_pb_column type=&#8221;4_4&#8243; _builder_version=&#8221;3.25&#8243; custom_padding=&#8221;|||&#8221; custom_padding__hover=&#8221;|||&#8221;][et_pb_text _builder_version=&#8221;3.27.4&#8243;]<\/p>\n<h4>Better Consultants ha creat la seva pr\u00f2pia metodologia Pragmatic\u00ae, que recull l&#8217;experi\u00e8ncia de generacions de professionals en l&#8217;aplicaci\u00f3 d&#8217;est\u00e0ndards de refer\u00e8ncia en l&#8217;\u00e0mbit de la planificaci\u00f3 estrat\u00e8gica i sistemes d&#8217;informaci\u00f3.<\/h4>\n<h4>La nostra metodologia s&#8217;ha enriquit progressivament al llarg de m\u00e9s de 25 anys d&#8217;experi\u00e8ncia. Les millor pr\u00e0ctica professional has estat la directriu en la qual s&#8217;ha donat suport per assegurar que els projectes obtenen resultats \u00f2ptims i s&#8217;executen en els terminis previstos.<\/h4>\n<p>[\/et_pb_text][\/et_pb_column][\/et_pb_row][et_pb_row _builder_version=&#8221;3.25&#8243; background_size=&#8221;initial&#8221; background_position=&#8221;top_left&#8221; background_repeat=&#8221;repeat&#8221; custom_padding=&#8221;39px|0px|13px|0px&#8221; column_structure=&#8221;1_2,1_2&#8243;][et_pb_column type=&#8221;1_2&#8243; _builder_version=&#8221;3.25&#8243; custom_padding=&#8221;|||&#8221; custom_padding__hover=&#8221;|||&#8221;][et_pb_text admin_label=&#8221;Texto&#8221; _builder_version=&#8221;3.27.4&#8243; header_text_align=&#8221;left&#8221; background_size=&#8221;initial&#8221; background_position=&#8221;top_left&#8221; background_repeat=&#8221;repeat&#8221; module_alignment=&#8221;left&#8221; border_color_all=&#8221;#ffffff&#8221; use_border_color=&#8221;off&#8221;]<\/p>\n<h3>Metodologia<\/h3>\n<p>La nostra metodologia Pragmatic\u00ae, recull l&#8217;experi\u00e8ncia de generacions de professionals en l&#8217;aplicaci\u00f3 d&#8217;est\u00e0ndards de refer\u00e8ncia en l&#8217;\u00e0mbit de la planificaci\u00f3 estrat\u00e8gica i sistemes d&#8217;informaci\u00f3, entre els que destaquen:<\/p>\n<p style=\"padding-left: 30px;\">M\u00e8trica, editada pel Ministeri d&#8217;Administracions P\u00fabliques, per al disseny, desenvolupament, construcci\u00f3, implantaci\u00f3 (i manteniment de sistemes d&#8217;informaci\u00f3 incloent bones pr\u00e0ctiques d&#8217;ITIL.<\/p>\n<p style=\"padding-left: 30px;\">PMI i SixSigma per a la Gesti\u00f3 de Projectes i Control de Qualitat.<\/p>\n<p style=\"padding-left: 30px;\">Magerit per a la gesti\u00f3 de riscos, aplicat als diferents \u00e0mbits dins de la gesti\u00f3 del projecte.<\/p>\n<p style=\"padding-left: 30px;\">ISO27000 per a la gesti\u00f3 de seguretat, i m\u00e9s concretament, cap\u00edtol 8 de la ISO27002\/17799 corresponent a bones pr\u00e0ctiques en el desenvolupament i manteniment de sistemes d&#8217;informaci\u00f3<\/p>\n<p>[\/et_pb_text][\/et_pb_column][et_pb_column type=&#8221;1_2&#8243; _builder_version=&#8221;3.25&#8243; custom_padding=&#8221;|||&#8221; custom_padding__hover=&#8221;|||&#8221;][et_pb_divider show_divider=&#8221;off&#8221; _builder_version=&#8221;3.2&#8243; custom_margin=&#8221;30px|||&#8221;][\/et_pb_divider][et_pb_image src=&#8221;https:\/\/www.betterconsultants.es\/ca\/wp-content\/uploads\/2018\/03\/processimprovement5-1.jpg&#8221; align=&#8221;center&#8221; force_fullwidth=&#8221;on&#8221; align_tablet=&#8221;center&#8221; align_last_edited=&#8221;on|desktop&#8221; admin_label=&#8221;Imagen&#8221; _builder_version=&#8221;3.23&#8243; animation_style=&#8221;zoom&#8221; animation_direction=&#8221;fade_in&#8221; animation_intensity_zoom=&#8221;2%&#8221; border_color_all=&#8221;#ffffff&#8221; border_style_all=&#8221;solid&#8221; use_border_color=&#8221;off&#8221; border_color=&#8221;#ffffff&#8221; border_style=&#8221;solid&#8221; animation=&#8221;fade_in&#8221; sticky=&#8221;off&#8221;][\/et_pb_image][\/et_pb_column][\/et_pb_row][et_pb_row _builder_version=&#8221;3.25&#8243; background_size=&#8221;initial&#8221; background_position=&#8221;top_left&#8221; background_repeat=&#8221;repeat&#8221; custom_margin=&#8221;40px|||&#8221; column_structure=&#8221;1_2,1_2&#8243;][et_pb_column type=&#8221;1_2&#8243; _builder_version=&#8221;3.25&#8243; custom_padding=&#8221;|||&#8221; custom_padding__hover=&#8221;|||&#8221;][et_pb_divider show_divider=&#8221;off&#8221; _builder_version=&#8221;3.2&#8243; custom_margin=&#8221;50px|||&#8221;][\/et_pb_divider][et_pb_image src=&#8221;https:\/\/www.betterconsultants.es\/ca\/wp-content\/uploads\/2018\/03\/13241720_m-1.jpg&#8221; align=&#8221;center&#8221; force_fullwidth=&#8221;on&#8221; align_tablet=&#8221;center&#8221; align_last_edited=&#8221;on|desktop&#8221; admin_label=&#8221;Imagen&#8221; _builder_version=&#8221;3.23&#8243; animation_style=&#8221;zoom&#8221; animation_intensity_zoom=&#8221;2%&#8221; border_color_all=&#8221;#ffffff&#8221; use_border_color=&#8221;off&#8221;][\/et_pb_image][\/et_pb_column][et_pb_column type=&#8221;1_2&#8243; _builder_version=&#8221;3.25&#8243; custom_padding=&#8221;|||&#8221; custom_padding__hover=&#8221;|||&#8221;][et_pb_text admin_label=&#8221;Texto&#8221; _builder_version=&#8221;3.27.4&#8243; header_text_align=&#8221;left&#8221; background_size=&#8221;initial&#8221; background_position=&#8221;top_left&#8221; background_repeat=&#8221;repeat&#8221; module_alignment=&#8221;left&#8221; border_color_all=&#8221;#ffffff&#8221; use_border_color=&#8221;off&#8221;]<\/p>\n<h3>Factors Clau<\/h3>\n<p>La nostra metodologia s&#8217;ha desenvolupat a partir de diverses premisses:<\/p>\n<p style=\"padding-left: 30px;\">Donar resposta a sistemes d&#8217;informaci\u00f3 cr\u00edtics, amb afectaci\u00f3 a un gran nombre d&#8217;usuaris i transaccions i amb importants volums\u00a0d&#8217;informaci\u00f3.<\/p>\n<p style=\"padding-left: 30px;\">La seguretat \u00e9s un dels pilars b\u00e0sics i en aquest sentit la pr\u00f2pia infraestructura aporta eines i mecanismes de control, seguiment i auditoria adequats<\/p>\n<p style=\"padding-left: 30px;\">El rendiment \u00e9s un aspecte clau que poden condicionar una aplicaci\u00f3 en aquest tipus d&#8217;entorn. En les etapes de disseny es decideix, en funci\u00f3 de la l\u00f2gica de negoci, si som davant d&#8217;una necessitat que s&#8217;ha de resoldre amb processos online o batch.<\/p>\n<p style=\"padding-left: 30px;\">A les grans organitzacions, el\u00a0cost de dur a terme les accions correctives sobre sistemes que ja es troben en producci\u00f3, s\u00f3n significativament alts\u00a0(en esfor\u00e7, terminis, i cost econ\u00f2mic).<\/p>\n<p style=\"padding-left: 30px;\">Les tasques de direcci\u00f3, seguiment i control de qualitat s\u00f3n transversals en qualsevol tipus de projecte amb independ\u00e8ncia de la tecnologia que s&#8217;utilitzi.<\/p>\n<p>[\/et_pb_text][\/et_pb_column][\/et_pb_row][et_pb_row use_custom_gutter=&#8221;on&#8221; gutter_width=&#8221;1&#8243; make_equal=&#8221;on&#8221; module_class=&#8221; et_pb_row_fullwidth&#8221; _builder_version=&#8221;3.25&#8243; background_size=&#8221;initial&#8221; background_position=&#8221;top_left&#8221; background_repeat=&#8221;repeat&#8221; width=&#8221;100%&#8221; width_tablet=&#8221;100%&#8221; width_last_edited=&#8221;on|desktop&#8221; max_width=&#8221;100%&#8221; max_width_tablet=&#8221;100%&#8221; max_width_last_edited=&#8221;on|desktop&#8221; custom_margin=&#8221;0px||0px|&#8221; custom_padding=&#8221;74px||50px|&#8221; animation_style=&#8221;zoom&#8221; animation_intensity_zoom=&#8221;2%&#8221; make_fullwidth=&#8221;on&#8221; column_structure=&#8221;1_2,1_2&#8243;][et_pb_column type=&#8221;1_2&#8243; _builder_version=&#8221;3.25&#8243; background_image=&#8221;https:\/\/www.betterconsultants.es\/ca\/wp-content\/uploads\/2018\/03\/scr-x03bw.jpg&#8221; parallax=&#8221;on&#8221; custom_padding=&#8221;|||&#8221; custom_padding__hover=&#8221;|||&#8221;][\/et_pb_column][et_pb_column type=&#8221;1_2&#8243; _builder_version=&#8221;3.25&#8243; background_color=&#8221;#f4f4f4&#8243; background_position=&#8221;top_left&#8221; custom_padding=&#8221;8%|6%|8%|6%&#8221; custom_padding__hover=&#8221;|||&#8221;][et_pb_text _builder_version=&#8221;3.27.4&#8243;]<\/p>\n<h4>L\u2019enfocament Scrum s\u2019ha convertit, de fet, en un est\u00e0ndard a l\u2019hora d\u2019aplicar les millors pr\u00e0ctiques en projectes d\u2019implementaci\u00f3 de noves arquitectures, en els que s\u2019exigeix un alt nivell de flexibilitat i de capacitat d\u2019anticipaci\u00f3 de resultats.<\/h4>\n<p>&nbsp;<br \/>\n[\/et_pb_text][et_pb_divider show_divider=&#8221;off&#8221; disabled_on=&#8221;off|off|off&#8221; _builder_version=&#8221;3.2&#8243; background_color_gradient_direction=&#8221;90deg&#8221; max_width=&#8221;100px&#8221; module_alignment=&#8221;left&#8221; height=&#8221;5px&#8221; custom_margin=&#8221;||20px|&#8221; custom_padding=&#8221;||20px|&#8221; animation_style=&#8221;slide&#8221; animation_direction=&#8221;bottom&#8221; saved_tabs=&#8221;all&#8221; locked=&#8221;off&#8221;][\/et_pb_divider][et_pb_text _builder_version=&#8221;3.27.4&#8243;]<\/p>\n<h4>L\u2019enfocament Scrum ens permet assegurar el m\u00e0xim valor afegit per al client, aportant sempre el m\u00e0xim nivell de productivitat i qualitat.<\/h4>\n<p>[\/et_pb_text][\/et_pb_column][\/et_pb_row][et_pb_row _builder_version=&#8221;3.25&#8243; background_size=&#8221;initial&#8221; background_position=&#8221;top_left&#8221; background_repeat=&#8221;repeat&#8221; custom_padding=&#8221;71px|0px|0|0px&#8221; column_structure=&#8221;1_2,1_2&#8243;][et_pb_column type=&#8221;1_2&#8243; _builder_version=&#8221;3.25&#8243; custom_padding=&#8221;|||&#8221; custom_padding__hover=&#8221;|||&#8221;][et_pb_text admin_label=&#8221;Texto&#8221; _builder_version=&#8221;3.27.4&#8243; background_size=&#8221;initial&#8221; background_position=&#8221;top_left&#8221; background_repeat=&#8221;repeat&#8221; text_orientation=&#8221;justified&#8221; use_border_color=&#8221;off&#8221;]<\/p>\n<h3>Enfocament Scrum<\/h3>\n<p>&nbsp;<\/p>\n<p>La nostra Firma t\u00e9 una \u00e0mplia experi\u00e8ncia en l\u2019aplicaci\u00f3 pr\u00e0ctica d\u2019Scrum, en totes les etapes. A difer\u00e8ncia de l&#8217;enfocament tradicional, en qu\u00e8 cal con\u00e8ixer i entendre perfectament el conjunt de requeriments a desenvolupar des de l&#8217;inici del projecte, el model Scrum es basa la seq\u00fcenciaci\u00f3 de lliuraments parcials i de forma permanent i regular al llarg del projecte.<br \/>\n[\/et_pb_text][\/et_pb_column][et_pb_column type=&#8221;1_2&#8243; _builder_version=&#8221;3.25&#8243; custom_padding=&#8221;|||&#8221; custom_padding__hover=&#8221;|||&#8221;][et_pb_image src=&#8221;https:\/\/www.betterconsultants.es\/ca\/wp-content\/uploads\/2018\/03\/0885-1.jpg&#8221; align=&#8221;center&#8221; force_fullwidth=&#8221;on&#8221; align_tablet=&#8221;center&#8221; align_last_edited=&#8221;on|desktop&#8221; admin_label=&#8221;Imagen&#8221; _builder_version=&#8221;3.23&#8243; animation_style=&#8221;zoom&#8221; animation_intensity_zoom=&#8221;2%&#8221; border_color_all=&#8221;#ffffff&#8221; use_border_color=&#8221;off&#8221;][\/et_pb_image][\/et_pb_column][\/et_pb_row][et_pb_row _builder_version=&#8221;3.25&#8243; background_size=&#8221;initial&#8221; background_position=&#8221;top_left&#8221; background_repeat=&#8221;repeat&#8221; custom_padding=&#8221;73px|0px|24px|0px&#8221; column_structure=&#8221;1_2,1_2&#8243;][et_pb_column type=&#8221;1_2&#8243; _builder_version=&#8221;3.25&#8243; custom_padding=&#8221;|||&#8221; custom_padding__hover=&#8221;|||&#8221;][et_pb_image src=&#8221;https:\/\/www.betterconsultants.es\/ca\/wp-content\/uploads\/2018\/03\/9.jpg&#8221; align_tablet=&#8221;center&#8221; align_last_edited=&#8221;on|desktop&#8221; _builder_version=&#8221;3.23&#8243; animation_style=&#8221;zoom&#8221; animation_intensity_zoom=&#8221;2%&#8221;][\/et_pb_image][\/et_pb_column][et_pb_column type=&#8221;1_2&#8243; _builder_version=&#8221;3.25&#8243; custom_padding=&#8221;|||&#8221; custom_padding__hover=&#8221;|||&#8221;][et_pb_text admin_label=&#8221;Texto&#8221; _builder_version=&#8221;3.27.4&#8243; background_size=&#8221;initial&#8221; background_position=&#8221;top_left&#8221; background_repeat=&#8221;repeat&#8221; text_orientation=&#8221;justified&#8221; use_border_color=&#8221;off&#8221;]<\/p>\n<p style=\"text-align: left;\">Cada entrega \u00e9s plenament funcional i incremental respecte a les anteriors, de forma que es disposa dels primers resultats de forma r\u00e0pida. Aquest resultats parcials permeten contrastar el producte amb les expectatives del client al llarg de tot el projecte, podent introduir modificacions o noves funcionalitats d\u2019acord amb les prioritats del client.<\/p>\n<p>Scrum est\u00e0 especialment indicat per a projectes en entorns complexos, on es necessita anticipar els resultats, on els requisits s\u00f3n canviants o poc definits, on la innovaci\u00f3, la competitivitat, la flexibilitat i la productivitat s\u00f3n fonamentals.<br \/>\n[\/et_pb_text][\/et_pb_column][\/et_pb_row][et_pb_row _builder_version=&#8221;3.25&#8243; background_size=&#8221;initial&#8221; background_position=&#8221;top_left&#8221; background_repeat=&#8221;repeat&#8221; custom_padding=&#8221;28px|0px|13px|0px&#8221; column_structure=&#8221;1_2,1_2&#8243;][et_pb_column type=&#8221;1_2&#8243; _builder_version=&#8221;3.25&#8243; custom_padding=&#8221;|||&#8221; custom_padding__hover=&#8221;|||&#8221;][et_pb_divider show_divider=&#8221;off&#8221; _builder_version=&#8221;3.2&#8243;][\/et_pb_divider][et_pb_text admin_label=&#8221;Texto&#8221; _builder_version=&#8221;3.27.4&#8243; background_size=&#8221;initial&#8221; background_position=&#8221;top_left&#8221; background_repeat=&#8221;repeat&#8221; text_orientation=&#8221;justified&#8221; use_border_color=&#8221;off&#8221;]Better Consultants ha aplicat amb \u00e8xit la metodologia Scrum en nombrosos projectes de desenvolupament de software tant en l\u2019\u00e0mbit de l\u2019administraci\u00f3 p\u00fablica com del sector privat, aconseguint en tots els casos:<\/p>\n<ul>\n<li>Una millor adaptaci\u00f3 del producte a les necessitats del client<\/li>\n<li>Una reducci\u00f3 del calendari per a disposar de resultats (millor time to market)<\/li>\n<li>Una reducci\u00f3 sensible del risc del projecte.<\/li>\n<\/ul>\n<p>&nbsp;<br \/>\n[\/et_pb_text][\/et_pb_column][et_pb_column type=&#8221;1_2&#8243; _builder_version=&#8221;3.25&#8243; custom_padding=&#8221;|||&#8221; custom_padding__hover=&#8221;|||&#8221;][et_pb_image src=&#8221;https:\/\/www.betterconsultants.es\/ca\/wp-content\/uploads\/2018\/03\/scrumimage-x32.jpg&#8221; align=&#8221;center&#8221; force_fullwidth=&#8221;on&#8221; align_tablet=&#8221;center&#8221; align_last_edited=&#8221;on|desktop&#8221; admin_label=&#8221;Imagen&#8221; _builder_version=&#8221;3.23&#8243; animation_style=&#8221;zoom&#8221; animation_intensity_zoom=&#8221;2%&#8221; border_color_all=&#8221;#ffffff&#8221; use_border_color=&#8221;off&#8221;][\/et_pb_image][\/et_pb_column][\/et_pb_row][\/et_pb_section]<\/p>\n","protected":false},"excerpt":{"rendered":"<p>[et_pb_section bb_built=&#8221;1&#8243; admin_label=&#8221;section&#8221; custom_padding_last_edited=&#8221;off|desktop&#8221; _builder_version=&#8221;3.0.105&#8243; background_image=&#8221;https:\/\/www.betterconsultants.es\/ca\/wp-content\/uploads\/2018\/03\/3f927b6.png&#8221; next_background_color=&#8221;#000000&#8243;][et_pb&#8230;<\/p>\n","protected":false},"author":1,"featured_media":14778,"parent":0,"menu_order":0,"comment_status":"closed","ping_status":"closed","template":"","meta":{"_et_pb_use_builder":"on","_et_pb_old_content":"","_et_gb_content_width":"","footnotes":""},"class_list":["post-7405","page","type-page","status-publish","has-post-thumbnail","hentry"],"_links":{"self":[{"href":"https:\/\/www.betterconsultants.es\/ca\/wp-json\/wp\/v2\/pages\/7405","targetHints":{"allow":["GET"]}}],"collection":[{"href":"https:\/\/www.betterconsultants.es\/ca\/wp-json\/wp\/v2\/pages"}],"about":[{"href":"https:\/\/www.betterconsultants.es\/ca\/wp-json\/wp\/v2\/types\/page"}],"author":[{"embeddable":true,"href":"https:\/\/www.betterconsultants.es\/ca\/wp-json\/wp\/v2\/users\/1"}],"replies":[{"embeddable":true,"href":"https:\/\/www.betterconsultants.es\/ca\/wp-json\/wp\/v2\/comments?post=7405"}],"version-history":[{"count":113,"href":"https:\/\/www.betterconsultants.es\/ca\/wp-json\/wp\/v2\/pages\/7405\/revisions"}],"predecessor-version":[{"id":18041,"href":"https:\/\/www.betterconsultants.es\/ca\/wp-json\/wp\/v2\/pages\/7405\/revisions\/18041"}],"wp:featuredmedia":[{"embeddable":true,"href":"https:\/\/www.betterconsultants.es\/ca\/wp-json\/wp\/v2\/media\/14778"}],"wp:attachment":[{"href":"https:\/\/www.betterconsultants.es\/ca\/wp-json\/wp\/v2\/media?parent=7405"}],"curies":[{"name":"wp","href":"https:\/\/api.w.org\/{rel}","templated":true}]}}